{"id":29190,"date":"2025-04-10T12:08:22","date_gmt":"2025-04-10T10:08:22","guid":{"rendered":"https:\/\/myspainfood.com\/producto\/torsk-30-40-hel-hel-saltad-faroisk-torsk\/"},"modified":"2025-07-28T12:55:17","modified_gmt":"2025-07-28T10:55:17","slug":"torsk-30-40-hel-hel-saltad-faroisk-torsk","status":"publish","type":"product","link":"https:\/\/myspainfood.com\/sv\/producto\/torsk-30-40-hel-hel-saltad-faroisk-torsk\/","title":{"rendered":"Torsk 30\/40 Hel Hel Saltad F\u00e4r\u00f6isk torsk"},"content":{"rendered":"<div class=\"et_pb_tab clearfix et_pb_active_content et-pb-active-slide\">\n<div class=\"et_pb_tab_content\">\n<p>Cod 30\/40 Hel saltad f\u00e4r\u00f6isk torsk <a href=\"https:\/\/labarajilla.es\/bacalao\/\" target=\"_blank\" rel=\"noopener noreferrer nofollow\">La Barajilla<\/a> \u00e4r baserad p\u00e5 en hel torskbit som skurits i tv\u00e5 delar, saltats och torkats.<\/p>\n<p>Grunden f\u00f6r tillagning av regionala r\u00e4tter enligt traditionerna i varje land.<\/p>\n<ul>\n<li><strong>STORLEK<\/strong>: 30\/40<\/li>\n<li><strong>ARTER<\/strong>: Torsk ( Gadus Morhua )<u><\/u><u><\/u><\/li>\n<li><strong>FISKEZON<\/strong>: Nordv\u00e4stra Atlanten ( FAO 27 )<u><\/u><u><\/u><\/li>\n<li><strong>F\u00d6RVARING<\/strong>: mellan 0\u00baC och 5\u00baC.<\/li>\n<\/ul>\n<p>Ur n\u00e4ringssynpunkt \u00e4r torsk ett proteinrikt livsmedel med h\u00f6gt biologiskt v\u00e4rde och sm\u00e4ltbarhet, med l\u00e5gt fett- och kaloriinneh\u00e5ll.<\/p>\n<p>Vattenhalten \u00e4r ca 80% (i f\u00e4rsk torsk).<\/p>\n<p>Denna torsk \u00e4r en bra k\u00e4lla till vitaminer (fr\u00e4mst fr\u00e5n B-gruppen) och mineralsalter som \u00e4r viktiga f\u00f6r kroppen.<\/p>\n<p>F\u00e4rsk eller avsaltad torsk kan konsumeras av personer med h\u00f6gt blodtryck eftersom den har l\u00e5g natriumhalt och \u00e4r rik p\u00e5 kalium.<\/p>\n<p>&#8221;Torsk \u00e4r det gemensamma namnet f\u00f6r flera fiskarter av sl\u00e4ktet Gadus, \u00e4ven om vissa av samma sl\u00e4kte kan ha andra namn.<\/p>\n<p>Den vanligaste arten \u00e4r atlanttorsk (Gadus morhua eller vanlig torsk).<\/p>\n<p>Om du vill k\u00f6pa Cod 30\/40 Whole Salted Faroe Cod eller n\u00e5gon annan typ av <a href=\"https:\/\/latiendadesami.com\/categoria-producto\/frio\/\" rel=\"noopener noreferrer nofollow\" target=\"_blank\">kall<\/a> produkt, tveka inte att ta en titt p\u00e5 hela v\u00e5r onlinekatalog f\u00f6r att se det stora utbudet av torsk som vi har.<\/p>\n<p>Skriv till oss om du vill ha mer information.<\/p>\n<\/div>\n<\/div>\n","protected":false},"excerpt":{"rendered":"<p>Cod 30\/40 Hel saltad f\u00e4r\u00f6isk torsk La Barajilla \u00e4r baserad p\u00e5 en hel torskbit som skurits i tv\u00e5 delar, saltats och torkats. Grunden f\u00f6r tillagning av regionala r\u00e4tter enligt traditionerna i varje land. STORLEK: 30\/40 ARTER: Torsk ( Gadus Morhua ) FISKEZON: Nordv\u00e4stra Atlanten ( FAO 27 ) F\u00d6RVARING: mellan 0\u00baC och 5\u00baC. Ur n\u00e4ringssynpunkt [&hellip;]<\/p>\n","protected":false},"featured_media":10905,"template":"","meta":{"_et_pb_use_builder":"","_et_pb_old_content":"","_et_gb_content_width":""},"product_brand":[1290],"product_cat":[1804,3543],"product_tag":[],"class_list":{"0":"post-29190","1":"product","2":"type-product","3":"status-publish","4":"has-post-thumbnail","6":"product_brand-la-barajilla","7":"product_cat-kall","8":"product_cat-torsk-sv","9":"product_shipping_class-kall-sandning","11":"first","12":"instock","13":"taxable","14":"shipping-taxable","15":"purchasable","16":"product-type-variable"},"_links":{"self":[{"href":"https:\/\/myspainfood.com\/sv\/wp-json\/wp\/v2\/product\/29190","targetHints":{"allow":["GET"]}}],"collection":[{"href":"https:\/\/myspainfood.com\/sv\/wp-json\/wp\/v2\/product"}],"about":[{"href":"https:\/\/myspainfood.com\/sv\/wp-json\/wp\/v2\/types\/product"}],"wp:featuredmedia":[{"embeddable":true,"href":"https:\/\/myspainfood.com\/sv\/wp-json\/wp\/v2\/media\/10905"}],"wp:attachment":[{"href":"https:\/\/myspainfood.com\/sv\/wp-json\/wp\/v2\/media?parent=29190"}],"wp:term":[{"taxonomy":"product_brand","embeddable":true,"href":"https:\/\/myspainfood.com\/sv\/wp-json\/wp\/v2\/product_brand?post=29190"},{"taxonomy":"product_cat","embeddable":true,"href":"https:\/\/myspainfood.com\/sv\/wp-json\/wp\/v2\/product_cat?post=29190"},{"taxonomy":"product_tag","embeddable":true,"href":"https:\/\/myspainfood.com\/sv\/wp-json\/wp\/v2\/product_tag?post=29190"}],"curies":[{"name":"wp","href":"https:\/\/api.w.org\/{rel}","templated":true}]}}