{"id":29522,"date":"2025-04-10T12:08:11","date_gmt":"2025-04-10T10:08:11","guid":{"rendered":"https:\/\/myspainfood.com\/producto\/ostdelikatesser-med-ansjovis-75-enheter\/"},"modified":"2025-08-06T12:57:00","modified_gmt":"2025-08-06T10:57:00","slug":"ostdelikatesser-med-ansjovis-75-enheter","status":"publish","type":"product","link":"https:\/\/myspainfood.com\/sv\/producto\/ostdelikatesser-med-ansjovis-75-enheter\/","title":{"rendered":"Ostdelikatesser med ansjovis 75 enheter"},"content":{"rendered":"<p>Olja (85% solros, 15% oliv), <strong>ansjovisfyllda<\/strong> oliver,<strong> ansjovisfil\u00e9<\/strong>, halvh\u00e4rdad ost, piparra och r\u00f6dpeppar.<\/p>\n","protected":false},"excerpt":{"rendered":"<p>Olja (85% solros, 15% oliv), ansjovisfyllda oliver, ansjovisfil\u00e9, halvh\u00e4rdad ost, piparra och r\u00f6dpeppar.<\/p>\n","protected":false},"featured_media":10608,"template":"","meta":{"_et_pb_use_builder":"","_et_pb_old_content":"","_et_gb_content_width":""},"product_brand":[1277],"product_cat":[1806,1585,1804,1586,1808],"product_tag":[],"class_list":{"0":"post-29522","1":"product","2":"type-product","3":"status-publish","4":"has-post-thumbnail","6":"product_brand-bokeo","7":"product_cat-ansjovis","8":"product_cat-inlagda-gronsaker","9":"product_cat-kall","10":"product_cat-oliver","11":"product_cat-pintxos-sv","12":"product_shipping_class-kall-sandning","14":"first","15":"instock","16":"taxable","17":"shipping-taxable","18":"purchasable","19":"product-type-simple"},"_links":{"self":[{"href":"https:\/\/myspainfood.com\/sv\/wp-json\/wp\/v2\/product\/29522","targetHints":{"allow":["GET"]}}],"collection":[{"href":"https:\/\/myspainfood.com\/sv\/wp-json\/wp\/v2\/product"}],"about":[{"href":"https:\/\/myspainfood.com\/sv\/wp-json\/wp\/v2\/types\/product"}],"wp:featuredmedia":[{"embeddable":true,"href":"https:\/\/myspainfood.com\/sv\/wp-json\/wp\/v2\/media\/10608"}],"wp:attachment":[{"href":"https:\/\/myspainfood.com\/sv\/wp-json\/wp\/v2\/media?parent=29522"}],"wp:term":[{"taxonomy":"product_brand","embeddable":true,"href":"https:\/\/myspainfood.com\/sv\/wp-json\/wp\/v2\/product_brand?post=29522"},{"taxonomy":"product_cat","embeddable":true,"href":"https:\/\/myspainfood.com\/sv\/wp-json\/wp\/v2\/product_cat?post=29522"},{"taxonomy":"product_tag","embeddable":true,"href":"https:\/\/myspainfood.com\/sv\/wp-json\/wp\/v2\/product_tag?post=29522"}],"curies":[{"name":"wp","href":"https:\/\/api.w.org\/{rel}","templated":true}]}}