{"id":29870,"date":"2025-04-10T12:08:04","date_gmt":"2025-04-10T10:08:04","guid":{"rendered":"https:\/\/myspainfood.com\/producto\/bloc-av-foie-gras-pate-90-canard-picarpicar-150-g\/"},"modified":"2025-07-28T10:37:18","modified_gmt":"2025-07-28T08:37:18","slug":"bloc-av-foie-gras-pate-90-canard-picarpicar-150-g","status":"publish","type":"product","link":"https:\/\/myspainfood.com\/sv\/producto\/bloc-av-foie-gras-pate-90-canard-picarpicar-150-g\/","title":{"rendered":"Bloc av Foie Gras-pat\u00e9 90% Canard Picar&amp;picar 150 g"},"content":{"rendered":"<p>PICAR&amp;PICAR erbjuder Bloc Foie Gras av f\u00f6rsta kvalitet, i f\u00f6rpackningar om 150 gr<\/p>\n<p> Foie <strong>gras de canard<\/strong> har en mer intensiv smak, perfekt att servera till v\u00e5ra m\u00e5ltider n\u00e4r som helst eller att anv\u00e4nda som ingrediens i k\u00f6ket.<\/p>\n","protected":false},"excerpt":{"rendered":"<p>PICAR&amp;PICAR erbjuder Bloc Foie Gras av f\u00f6rsta kvalitet, i f\u00f6rpackningar om 150 gr Foie gras de canard har en mer intensiv smak, perfekt att servera till v\u00e5ra m\u00e5ltider n\u00e4r som helst eller att anv\u00e4nda som ingrediens i k\u00f6ket.<\/p>\n","protected":false},"featured_media":10446,"template":"","meta":{"_et_pb_use_builder":"","_et_pb_old_content":"","_et_gb_content_width":""},"product_brand":[1127],"product_cat":[6586,1804],"product_tag":[],"class_list":{"0":"post-29870","1":"product","2":"type-product","3":"status-publish","4":"has-post-thumbnail","6":"product_brand-picarpicar","7":"product_cat-foie-sv","8":"product_cat-kall","9":"product_shipping_class-kall-sandning","11":"first","12":"outofstock","13":"sale","14":"featured","15":"taxable","16":"shipping-taxable","17":"purchasable","18":"product-type-simple"},"_links":{"self":[{"href":"https:\/\/myspainfood.com\/sv\/wp-json\/wp\/v2\/product\/29870","targetHints":{"allow":["GET"]}}],"collection":[{"href":"https:\/\/myspainfood.com\/sv\/wp-json\/wp\/v2\/product"}],"about":[{"href":"https:\/\/myspainfood.com\/sv\/wp-json\/wp\/v2\/types\/product"}],"wp:featuredmedia":[{"embeddable":true,"href":"https:\/\/myspainfood.com\/sv\/wp-json\/wp\/v2\/media\/10446"}],"wp:attachment":[{"href":"https:\/\/myspainfood.com\/sv\/wp-json\/wp\/v2\/media?parent=29870"}],"wp:term":[{"taxonomy":"product_brand","embeddable":true,"href":"https:\/\/myspainfood.com\/sv\/wp-json\/wp\/v2\/product_brand?post=29870"},{"taxonomy":"product_cat","embeddable":true,"href":"https:\/\/myspainfood.com\/sv\/wp-json\/wp\/v2\/product_cat?post=29870"},{"taxonomy":"product_tag","embeddable":true,"href":"https:\/\/myspainfood.com\/sv\/wp-json\/wp\/v2\/product_tag?post=29870"}],"curies":[{"name":"wp","href":"https:\/\/api.w.org\/{rel}","templated":true}]}}