{"id":30083,"date":"2025-04-10T12:08:03","date_gmt":"2025-04-10T10:08:03","guid":{"rendered":"https:\/\/myspainfood.com\/producto\/gildas-med-kantabrisk-ost-och-ansjovis-5-enheter\/"},"modified":"2025-06-24T16:12:20","modified_gmt":"2025-06-24T14:12:20","slug":"gildas-med-kantabrisk-ost-och-ansjovis-5-enheter","status":"publish","type":"product","link":"https:\/\/myspainfood.com\/sv\/producto\/gildas-med-kantabrisk-ost-och-ansjovis-5-enheter\/","title":{"rendered":"Gildas med kantabrisk ost och ansjovis 5 enheter"},"content":{"rendered":"<p>Olja (85% solros, 15% oliv), <strong>ansjovisfyllda<\/strong> oliver,<strong> kantabrisk ansjovisfil\u00e9<\/strong>, halvlagrad ost, r\u00f6d paprika och r\u00f6d paprika.<\/p>\n","protected":false},"excerpt":{"rendered":"<p>Olja (85% solros, 15% oliv), ansjovisfyllda oliver, kantabrisk ansjovisfil\u00e9, halvlagrad ost, r\u00f6d paprika och r\u00f6d paprika.<\/p>\n","protected":false},"featured_media":10725,"template":"","meta":{"_et_pb_use_builder":"","_et_pb_old_content":"","_et_gb_content_width":""},"product_brand":[1277],"product_cat":[1806,3978,1585,1804,1986,1586,2254,2315,1808],"product_tag":[],"class_list":{"0":"post-30083","1":"product","2":"type-product","3":"status-publish","4":"has-post-thumbnail","6":"product_brand-bokeo","7":"product_cat-ansjovis","8":"product_cat-chilipeppar","9":"product_cat-inlagda-gronsaker","10":"product_cat-kall","11":"product_cat-konserver-sv","12":"product_cat-oliver","13":"product_cat-ost-och-korv","14":"product_cat-paprika","15":"product_cat-pintxos-sv","16":"product_shipping_class-kall-sandning","18":"first","19":"outofstock","20":"taxable","21":"shipping-taxable","22":"product-type-variable"},"_links":{"self":[{"href":"https:\/\/myspainfood.com\/sv\/wp-json\/wp\/v2\/product\/30083","targetHints":{"allow":["GET"]}}],"collection":[{"href":"https:\/\/myspainfood.com\/sv\/wp-json\/wp\/v2\/product"}],"about":[{"href":"https:\/\/myspainfood.com\/sv\/wp-json\/wp\/v2\/types\/product"}],"wp:featuredmedia":[{"embeddable":true,"href":"https:\/\/myspainfood.com\/sv\/wp-json\/wp\/v2\/media\/10725"}],"wp:attachment":[{"href":"https:\/\/myspainfood.com\/sv\/wp-json\/wp\/v2\/media?parent=30083"}],"wp:term":[{"taxonomy":"product_brand","embeddable":true,"href":"https:\/\/myspainfood.com\/sv\/wp-json\/wp\/v2\/product_brand?post=30083"},{"taxonomy":"product_cat","embeddable":true,"href":"https:\/\/myspainfood.com\/sv\/wp-json\/wp\/v2\/product_cat?post=30083"},{"taxonomy":"product_tag","embeddable":true,"href":"https:\/\/myspainfood.com\/sv\/wp-json\/wp\/v2\/product_tag?post=30083"}],"curies":[{"name":"wp","href":"https:\/\/api.w.org\/{rel}","templated":true}]}}