{"id":30193,"date":"2025-04-10T12:08:03","date_gmt":"2025-04-10T10:08:03","guid":{"rendered":"https:\/\/myspainfood.com\/producto\/gildas-de-boqueron-bokeo-5-enheter\/"},"modified":"2025-06-24T13:33:05","modified_gmt":"2025-06-24T11:33:05","slug":"gildas-de-boqueron-bokeo-5-enheter","status":"publish","type":"product","link":"https:\/\/myspainfood.com\/sv\/producto\/gildas-de-boqueron-bokeo-5-enheter\/","title":{"rendered":"Gildas de Boquer\u00f3n Bokeo 5 enheter"},"content":{"rendered":"<p>Olja (85% solrosolja, 15% olivolja), <strong>ansjovisfyllda<\/strong> oliver, <strong>ansjovis<\/strong> i vin\u00e4ger, r\u00f6d paprika, persilja och vitl\u00f6k.<\/p>\n","protected":false},"excerpt":{"rendered":"<p>Olja (85% solrosolja, 15% olivolja), ansjovisfyllda oliver, ansjovis i vin\u00e4ger, r\u00f6d paprika, persilja och vitl\u00f6k.<\/p>\n","protected":false},"featured_media":10689,"template":"","meta":{"_et_pb_use_builder":"","_et_pb_old_content":"","_et_gb_content_width":""},"product_brand":[1277],"product_cat":[1900,1585,1804,1986,1586,2315,1808],"product_tag":[],"class_list":{"0":"post-30193","1":"product","2":"type-product","3":"status-publish","4":"has-post-thumbnail","6":"product_brand-bokeo","7":"product_cat-ansjovis-sv","8":"product_cat-inlagda-gronsaker","9":"product_cat-kall","10":"product_cat-konserver-sv","11":"product_cat-oliver","12":"product_cat-paprika","13":"product_cat-pintxos-sv","14":"product_shipping_class-kall-sandning","16":"first","17":"instock","18":"taxable","19":"shipping-taxable","20":"product-type-variable"},"_links":{"self":[{"href":"https:\/\/myspainfood.com\/sv\/wp-json\/wp\/v2\/product\/30193","targetHints":{"allow":["GET"]}}],"collection":[{"href":"https:\/\/myspainfood.com\/sv\/wp-json\/wp\/v2\/product"}],"about":[{"href":"https:\/\/myspainfood.com\/sv\/wp-json\/wp\/v2\/types\/product"}],"wp:featuredmedia":[{"embeddable":true,"href":"https:\/\/myspainfood.com\/sv\/wp-json\/wp\/v2\/media\/10689"}],"wp:attachment":[{"href":"https:\/\/myspainfood.com\/sv\/wp-json\/wp\/v2\/media?parent=30193"}],"wp:term":[{"taxonomy":"product_brand","embeddable":true,"href":"https:\/\/myspainfood.com\/sv\/wp-json\/wp\/v2\/product_brand?post=30193"},{"taxonomy":"product_cat","embeddable":true,"href":"https:\/\/myspainfood.com\/sv\/wp-json\/wp\/v2\/product_cat?post=30193"},{"taxonomy":"product_tag","embeddable":true,"href":"https:\/\/myspainfood.com\/sv\/wp-json\/wp\/v2\/product_tag?post=30193"}],"curies":[{"name":"wp","href":"https:\/\/api.w.org\/{rel}","templated":true}]}}