{"id":30541,"date":"2025-04-10T12:08:03","date_gmt":"2025-04-10T10:08:03","guid":{"rendered":"https:\/\/myspainfood.com\/producto\/cecina-och-ost-gildas-4-enheter\/"},"modified":"2025-06-24T14:12:50","modified_gmt":"2025-06-24T12:12:50","slug":"cecina-och-ost-gildas-4-enheter","status":"publish","type":"product","link":"https:\/\/myspainfood.com\/sv\/producto\/cecina-och-ost-gildas-4-enheter\/","title":{"rendered":"Cecina och ost Gildas 4 enheter"},"content":{"rendered":"<p>Olja (85% solros, 15% oliv), halvh\u00e4rdad ost och torkat n\u00f6tk\u00f6tt.<\/p>\n","protected":false},"excerpt":{"rendered":"<p>Olja (85% solros, 15% oliv), halvh\u00e4rdad ost och torkat n\u00f6tk\u00f6tt.<\/p>\n","protected":false},"featured_media":10779,"template":"","meta":{"_et_pb_use_builder":"","_et_pb_old_content":"","_et_gb_content_width":""},"product_brand":[1277],"product_cat":[2098,2726,1585,1804,2255,2254,1808],"product_tag":[],"class_list":{"0":"post-30541","1":"product","2":"type-product","3":"status-publish","4":"has-post-thumbnail","6":"product_brand-bokeo","7":"product_cat-banderillas-sv","8":"product_cat-hardning","9":"product_cat-inlagda-gronsaker","10":"product_cat-kall","11":"product_cat-korv","12":"product_cat-ost-och-korv","13":"product_cat-pintxos-sv","14":"product_shipping_class-kall-sandning","16":"first","17":"outofstock","18":"taxable","19":"shipping-taxable","20":"product-type-variable"},"_links":{"self":[{"href":"https:\/\/myspainfood.com\/sv\/wp-json\/wp\/v2\/product\/30541","targetHints":{"allow":["GET"]}}],"collection":[{"href":"https:\/\/myspainfood.com\/sv\/wp-json\/wp\/v2\/product"}],"about":[{"href":"https:\/\/myspainfood.com\/sv\/wp-json\/wp\/v2\/types\/product"}],"wp:featuredmedia":[{"embeddable":true,"href":"https:\/\/myspainfood.com\/sv\/wp-json\/wp\/v2\/media\/10779"}],"wp:attachment":[{"href":"https:\/\/myspainfood.com\/sv\/wp-json\/wp\/v2\/media?parent=30541"}],"wp:term":[{"taxonomy":"product_brand","embeddable":true,"href":"https:\/\/myspainfood.com\/sv\/wp-json\/wp\/v2\/product_brand?post=30541"},{"taxonomy":"product_cat","embeddable":true,"href":"https:\/\/myspainfood.com\/sv\/wp-json\/wp\/v2\/product_cat?post=30541"},{"taxonomy":"product_tag","embeddable":true,"href":"https:\/\/myspainfood.com\/sv\/wp-json\/wp\/v2\/product_tag?post=30541"}],"curies":[{"name":"wp","href":"https:\/\/api.w.org\/{rel}","templated":true}]}}