{"id":30712,"date":"2025-04-10T12:08:41","date_gmt":"2025-04-10T10:08:41","guid":{"rendered":"https:\/\/myspainfood.com\/producto\/smulor-av-saltad-torsk-500g\/"},"modified":"2025-07-28T10:37:34","modified_gmt":"2025-07-28T08:37:34","slug":"smulor-av-saltad-torsk-500g","status":"publish","type":"product","link":"https:\/\/myspainfood.com\/sv\/producto\/smulor-av-saltad-torsk-500g\/","title":{"rendered":"Smulor av saltad torsk 500G"},"content":{"rendered":"<div class=\"wpb_animate_when_almost_visible wpb_bottom-to-top bottom-to-top wpb_column vc_column_container vc_col-sm-6 wpb_start_animation animated\">\n<div class=\"vc_column-inner \">\n<div class=\"wpb_wrapper\">\n<div class=\"wpb_text_column wpb_content_element \">\n<div class=\"wpb_wrapper\">\n<p>Desmigado bacalao salado 500G de <a href=\"https:\/\/labarajilla.es\/bacalao\/\" target=\"_blank\" rel=\"noopener noreferrer nofollow\">La Barajilla<\/a> \u00e4r baserad p\u00e5 bitar av h\u00f6gsta kvalitet utan skinn eller ben, perfekt f\u00f6r omeletter, kroketter och ajoarriero.<\/p>\n<ul>\n<li><strong>ARTER<\/strong>: Torsk ( Gadus Morhua )<\/li>\n<li><strong>FISKEZON<\/strong>: Nordv\u00e4stra Atlanten ( FAO 27 )<\/li>\n<li><strong>F\u00d6RVARING<\/strong>: mellan 0\u00baC och 5\u00baC.<\/li>\n<\/ul>\n<p>Ur n\u00e4ringssynpunkt \u00e4r torsk ett proteinrikt livsmedel med h\u00f6gt biologiskt v\u00e4rde och sm\u00e4ltbarhet, med l\u00e5gt fett- och kaloriinneh\u00e5ll.<\/p>\n<p>Vattenhalten \u00e4r ca 80% (i f\u00e4rsk torsk).<\/p>\n<p>Denna torsk \u00e4r en bra k\u00e4lla till vitaminer (fr\u00e4mst fr\u00e5n B-gruppen) och mineralsalter som \u00e4r viktiga f\u00f6r kroppen.<\/p>\n<p>F\u00e4rsk eller avsaltad torsk kan konsumeras av personer med h\u00f6gt blodtryck eftersom den har l\u00e5g natriumhalt och \u00e4r rik p\u00e5 kalium.<\/p>\n<p>&#8221;Torsk \u00e4r det gemensamma namnet f\u00f6r flera fiskarter av sl\u00e4ktet Gadus, \u00e4ven om vissa av samma sl\u00e4kte kan ha andra namn.<\/p>\n<p>Den vanligaste arten \u00e4r atlanttorsk (Gadus morhua eller vanlig torsk).<\/p>\n<p>Om du vill k\u00f6pa Desmigado bacalao salado 500G eller n\u00e5gon annan typ av <a href=\"https:\/\/latiendadesami.com\/categoria-producto\/frio\/\" rel=\"noopener noreferrer nofollow\" target=\"_blank\">kall<\/a> produkt, tveka inte att ta en titt p\u00e5 hela v\u00e5r onlinekatalog f\u00f6r att se det stora utbudet av torsk som vi har.<\/p>\n<p>Skriv till oss om du vill ha mer information.<\/p>\n<\/div>\n<\/div>\n<\/div>\n<\/div>\n<\/div>\n","protected":false},"excerpt":{"rendered":"<p>Desmigado bacalao salado 500G de La Barajilla \u00e4r baserad p\u00e5 bitar av h\u00f6gsta kvalitet utan skinn eller ben, perfekt f\u00f6r omeletter, kroketter och ajoarriero. ARTER: Torsk ( Gadus Morhua ) FISKEZON: Nordv\u00e4stra Atlanten ( FAO 27 ) F\u00d6RVARING: mellan 0\u00baC och 5\u00baC. Ur n\u00e4ringssynpunkt \u00e4r torsk ett proteinrikt livsmedel med h\u00f6gt biologiskt v\u00e4rde och sm\u00e4ltbarhet, [&hellip;]<\/p>\n","protected":false},"featured_media":11220,"template":"","meta":{"_et_pb_use_builder":"","_et_pb_old_content":"","_et_gb_content_width":""},"product_brand":[1290],"product_cat":[1804,3543],"product_tag":[],"class_list":{"0":"post-30712","1":"product","2":"type-product","3":"status-publish","4":"has-post-thumbnail","6":"product_brand-la-barajilla","7":"product_cat-kall","8":"product_cat-torsk-sv","9":"product_shipping_class-kall-sandning","11":"first","12":"outofstock","13":"taxable","14":"shipping-taxable","15":"purchasable","16":"product-type-simple"},"_links":{"self":[{"href":"https:\/\/myspainfood.com\/sv\/wp-json\/wp\/v2\/product\/30712","targetHints":{"allow":["GET"]}}],"collection":[{"href":"https:\/\/myspainfood.com\/sv\/wp-json\/wp\/v2\/product"}],"about":[{"href":"https:\/\/myspainfood.com\/sv\/wp-json\/wp\/v2\/types\/product"}],"wp:featuredmedia":[{"embeddable":true,"href":"https:\/\/myspainfood.com\/sv\/wp-json\/wp\/v2\/media\/11220"}],"wp:attachment":[{"href":"https:\/\/myspainfood.com\/sv\/wp-json\/wp\/v2\/media?parent=30712"}],"wp:term":[{"taxonomy":"product_brand","embeddable":true,"href":"https:\/\/myspainfood.com\/sv\/wp-json\/wp\/v2\/product_brand?post=30712"},{"taxonomy":"product_cat","embeddable":true,"href":"https:\/\/myspainfood.com\/sv\/wp-json\/wp\/v2\/product_cat?post=30712"},{"taxonomy":"product_tag","embeddable":true,"href":"https:\/\/myspainfood.com\/sv\/wp-json\/wp\/v2\/product_tag?post=30712"}],"curies":[{"name":"wp","href":"https:\/\/api.w.org\/{rel}","templated":true}]}}