{"id":31406,"date":"2025-04-10T12:08:39","date_gmt":"2025-04-10T10:08:39","guid":{"rendered":"https:\/\/myspainfood.com\/producto\/cruceiro-de-ferreiros-albarino\/"},"modified":"2025-04-10T12:08:39","modified_gmt":"2025-04-10T10:08:39","slug":"cruceiro-de-ferreiros-albarino","status":"publish","type":"product","link":"https:\/\/myspainfood.com\/sv\/producto\/cruceiro-de-ferreiros-albarino\/","title":{"rendered":"Cruceiro de Ferreiros Albari\u00f1o"},"content":{"rendered":"<p>Detta klassiska galiciska vin \u00e4r rent och ljust med en n\u00e4stan gr\u00f6n f\u00e4rg. Aromer av grapefrukt sjunger \u00f6ver en blommig bakgrund med inslag av mineralitet. Det har kropp, bra struktur och en stark avslutning, ett utm\u00e4rkt vin till l\u00e4tta fiskr\u00e4tter eller f\u00e4rskost.  <\/p>\n<div>vin gjort p\u00e5 druvorna Albari\u00f1o, Godello och Loureiro, bel\u00f6nades med silvermedalj vid International Wine Awards 2017 i kategorin vitt vin.<\/div>\n<p>Namn\/Omr\u00e5de: Ixp Do Mi\u00f1o<\/p>\n","protected":false},"excerpt":{"rendered":"<p>Detta klassiska galiciska vin \u00e4r rent och ljust med en n\u00e4stan gr\u00f6n f\u00e4rg. Aromer av grapefrukt sjunger \u00f6ver en blommig bakgrund med inslag av mineralitet. Det har kropp, bra struktur och en stark avslutning, ett utm\u00e4rkt vin till l\u00e4tta fiskr\u00e4tter eller f\u00e4rskost. vin gjort p\u00e5 druvorna Albari\u00f1o, Godello och Loureiro, bel\u00f6nades med silvermedalj vid International [&hellip;]<\/p>\n","protected":false},"featured_media":11454,"template":"","meta":{"_et_pb_use_builder":"","_et_pb_old_content":"","_et_gb_content_width":""},"product_brand":[1302],"product_cat":[4847,6257],"product_tag":[7016],"class_list":{"0":"post-31406","1":"product","2":"type-product","3":"status-publish","4":"has-post-thumbnail","6":"product_brand-galiciano","7":"product_cat-drycker","8":"product_cat-vin-sv-2","9":"product_tag-albarino-sv","11":"first","12":"instock","13":"taxable","14":"shipping-taxable","15":"purchasable","16":"product-type-variable"},"_links":{"self":[{"href":"https:\/\/myspainfood.com\/sv\/wp-json\/wp\/v2\/product\/31406","targetHints":{"allow":["GET"]}}],"collection":[{"href":"https:\/\/myspainfood.com\/sv\/wp-json\/wp\/v2\/product"}],"about":[{"href":"https:\/\/myspainfood.com\/sv\/wp-json\/wp\/v2\/types\/product"}],"wp:featuredmedia":[{"embeddable":true,"href":"https:\/\/myspainfood.com\/sv\/wp-json\/wp\/v2\/media\/11454"}],"wp:attachment":[{"href":"https:\/\/myspainfood.com\/sv\/wp-json\/wp\/v2\/media?parent=31406"}],"wp:term":[{"taxonomy":"product_brand","embeddable":true,"href":"https:\/\/myspainfood.com\/sv\/wp-json\/wp\/v2\/product_brand?post=31406"},{"taxonomy":"product_cat","embeddable":true,"href":"https:\/\/myspainfood.com\/sv\/wp-json\/wp\/v2\/product_cat?post=31406"},{"taxonomy":"product_tag","embeddable":true,"href":"https:\/\/myspainfood.com\/sv\/wp-json\/wp\/v2\/product_tag?post=31406"}],"curies":[{"name":"wp","href":"https:\/\/api.w.org\/{rel}","templated":true}]}}