{"id":31720,"date":"2025-04-10T12:09:09","date_gmt":"2025-04-10T10:09:09","guid":{"rendered":"https:\/\/myspainfood.com\/producto\/el-gran-cardenal-get-och-ko-paprikaost\/"},"modified":"2025-06-24T14:14:51","modified_gmt":"2025-06-24T12:14:51","slug":"el-gran-cardenal-get-och-ko-paprikaost","status":"publish","type":"product","link":"https:\/\/myspainfood.com\/sv\/producto\/el-gran-cardenal-get-och-ko-paprikaost\/","title":{"rendered":"El Gran Cardenal get- och ko paprikaost"},"content":{"rendered":"<div class=\"et_pb_blurb_container\">\n<div class=\"et_pb_blurb_container\">\n<h4 class=\"et_pb_module_header\">Get med paprika<\/h4>\n<div class=\"et_pb_blurb_description\">Ostens utsida \u00e4r belagd med naturlig paprikapulver (som erh\u00e5lls genom torkning och malning av r\u00f6d paprika), vilket ger osten en vacker r\u00f6daktig f\u00e4rg samt en mycket speciell doft och smak.<\/p>\n<p>Kombinationen av getmj\u00f6lkens kr\u00e4mighet och smaken av naturlig paprikapulver \u00e4r en av de b\u00e4sta m\u00f6jliga kombinationerna f\u00f6r ostar.<\/p><\/div>\n<\/div>\n<\/div>\n","protected":false},"excerpt":{"rendered":"<p>Get med paprika Ostens utsida \u00e4r belagd med naturlig paprikapulver (som erh\u00e5lls genom torkning och malning av r\u00f6d paprika), vilket ger osten en vacker r\u00f6daktig f\u00e4rg samt en mycket speciell doft och smak. Kombinationen av getmj\u00f6lkens kr\u00e4mighet och smaken av naturlig paprikapulver \u00e4r en av de b\u00e4sta m\u00f6jliga kombinationerna f\u00f6r ostar.<\/p>\n","protected":false},"featured_media":11715,"template":"","meta":{"_et_pb_use_builder":"","_et_pb_old_content":"","_et_gb_content_width":""},"product_brand":[1319],"product_cat":[2726,1804,2254],"product_tag":[],"class_list":{"0":"post-31720","1":"product","2":"type-product","3":"status-publish","4":"has-post-thumbnail","6":"product_brand-el-gran-cardenal","7":"product_cat-hardning","8":"product_cat-kall","9":"product_cat-ost-och-korv","10":"product_shipping_class-kall-sandning","12":"first","13":"outofstock","14":"taxable","15":"shipping-taxable","16":"product-type-variable"},"_links":{"self":[{"href":"https:\/\/myspainfood.com\/sv\/wp-json\/wp\/v2\/product\/31720","targetHints":{"allow":["GET"]}}],"collection":[{"href":"https:\/\/myspainfood.com\/sv\/wp-json\/wp\/v2\/product"}],"about":[{"href":"https:\/\/myspainfood.com\/sv\/wp-json\/wp\/v2\/types\/product"}],"wp:featuredmedia":[{"embeddable":true,"href":"https:\/\/myspainfood.com\/sv\/wp-json\/wp\/v2\/media\/11715"}],"wp:attachment":[{"href":"https:\/\/myspainfood.com\/sv\/wp-json\/wp\/v2\/media?parent=31720"}],"wp:term":[{"taxonomy":"product_brand","embeddable":true,"href":"https:\/\/myspainfood.com\/sv\/wp-json\/wp\/v2\/product_brand?post=31720"},{"taxonomy":"product_cat","embeddable":true,"href":"https:\/\/myspainfood.com\/sv\/wp-json\/wp\/v2\/product_cat?post=31720"},{"taxonomy":"product_tag","embeddable":true,"href":"https:\/\/myspainfood.com\/sv\/wp-json\/wp\/v2\/product_tag?post=31720"}],"curies":[{"name":"wp","href":"https:\/\/api.w.org\/{rel}","templated":true}]}}