{"id":31748,"date":"2025-04-10T12:09:10","date_gmt":"2025-04-10T10:09:10","guid":{"rendered":"https:\/\/myspainfood.com\/producto\/get-och-koost-med-svart-vitlok-el-gran-cardenal\/"},"modified":"2025-09-02T10:44:07","modified_gmt":"2025-09-02T08:44:07","slug":"get-och-koost-med-svart-vitlok-el-gran-cardenal","status":"publish","type":"product","link":"https:\/\/myspainfood.com\/sv\/producto\/get-och-koost-med-svart-vitlok-el-gran-cardenal\/","title":{"rendered":"Get- och koost med svart vitl\u00f6k El Gran Cardenal"},"content":{"rendered":"<div class=\"et_pb_blurb_container\">\n<div class=\"et_pb_blurb_container\">\n<div class=\"et_pb_blurb_container\">\n<h4 class=\"et_pb_module_header\">Get med svart vitl\u00f6k<\/h4>\n<div class=\"et_pb_blurb_description\">Kr\u00e4mig ost gjord p\u00e5 get- och komj\u00f6lk, med delar av svart vitl\u00f6k inuti. Detta ger den en n\u00e5got s\u00f6t smak och antioxidativa egenskaper. <\/p>\n<p>Den tillskrivs ocks\u00e5 andra egenskaper, som att minska risken f\u00f6r cancer och f\u00f6rl\u00e4nga livet. Det vi \u00e4r s\u00e4kra p\u00e5 \u00e4r att resultatet av smaken av getmj\u00f6lk tillsammans med svart vitl\u00f6k kommer att bli en trevlig \u00f6verraskning. <\/p><\/div>\n<\/div>\n<\/div>\n<\/div>\n","protected":false},"excerpt":{"rendered":"<p>Get med svart vitl\u00f6k Kr\u00e4mig ost gjord p\u00e5 get- och komj\u00f6lk, med delar av svart vitl\u00f6k inuti. Detta ger den en n\u00e5got s\u00f6t smak och antioxidativa egenskaper. Den tillskrivs ocks\u00e5 andra egenskaper, som att minska risken f\u00f6r cancer och f\u00f6rl\u00e4nga livet. Det vi \u00e4r s\u00e4kra p\u00e5 \u00e4r att resultatet av smaken av getmj\u00f6lk tillsammans med [&hellip;]<\/p>\n","protected":false},"featured_media":11751,"template":"","meta":{"_et_pb_use_builder":"","_et_pb_old_content":"","_et_gb_content_width":""},"product_brand":[1319],"product_cat":[2726,1804,2254],"product_tag":[],"class_list":{"0":"post-31748","1":"product","2":"type-product","3":"status-publish","4":"has-post-thumbnail","6":"product_brand-el-gran-cardenal","7":"product_cat-hardning","8":"product_cat-kall","9":"product_cat-ost-och-korv","10":"product_shipping_class-kall-sandning","12":"first","13":"outofstock","14":"taxable","15":"shipping-taxable","16":"purchasable","17":"product-type-variable"},"_links":{"self":[{"href":"https:\/\/myspainfood.com\/sv\/wp-json\/wp\/v2\/product\/31748","targetHints":{"allow":["GET"]}}],"collection":[{"href":"https:\/\/myspainfood.com\/sv\/wp-json\/wp\/v2\/product"}],"about":[{"href":"https:\/\/myspainfood.com\/sv\/wp-json\/wp\/v2\/types\/product"}],"wp:featuredmedia":[{"embeddable":true,"href":"https:\/\/myspainfood.com\/sv\/wp-json\/wp\/v2\/media\/11751"}],"wp:attachment":[{"href":"https:\/\/myspainfood.com\/sv\/wp-json\/wp\/v2\/media?parent=31748"}],"wp:term":[{"taxonomy":"product_brand","embeddable":true,"href":"https:\/\/myspainfood.com\/sv\/wp-json\/wp\/v2\/product_brand?post=31748"},{"taxonomy":"product_cat","embeddable":true,"href":"https:\/\/myspainfood.com\/sv\/wp-json\/wp\/v2\/product_cat?post=31748"},{"taxonomy":"product_tag","embeddable":true,"href":"https:\/\/myspainfood.com\/sv\/wp-json\/wp\/v2\/product_tag?post=31748"}],"curies":[{"name":"wp","href":"https:\/\/api.w.org\/{rel}","templated":true}]}}