{"id":32259,"date":"2025-04-10T12:09:28","date_gmt":"2025-04-10T10:09:28","guid":{"rendered":"https:\/\/myspainfood.com\/producto\/el-gran-cardenal-hardad-iberisk-ost\/"},"modified":"2025-09-02T10:44:29","modified_gmt":"2025-09-02T08:44:29","slug":"el-gran-cardenal-hardad-iberisk-ost","status":"publish","type":"product","link":"https:\/\/myspainfood.com\/sv\/producto\/el-gran-cardenal-hardad-iberisk-ost\/","title":{"rendered":"El Gran Cardenal H\u00e4rdad iberisk ost"},"content":{"rendered":"<div class=\"et_pb_blurb_container\">\n<div class=\"et_pb_blurb_container\">\n<div class=\"et_pb_column et_pb_column_4_4 et_pb_column_1 et_pb_css_mix_blend_mode_passthrough et-last-child\">\n<div class=\"et_pb_module et_pb_text et_pb_text_1 et_pb_text_align_justified et_pb_bg_layout_light\">\n<div class=\"et_pb_text_inner\">Tillverkad enligt ett familjerecept med en uts\u00f6kt blandning av v\u00e5ra mj\u00f6lksorter, vilket ger en stor intensitet och l\u00e5ng h\u00e5llbarhet i munnen. Ost med olika mognadsperioder i v\u00e5r tr\u00e4tork, halvmognad (fr\u00e5n 2 till 4 m\u00e5naders mognad) och mognad (fr\u00e5n 4 till 6 m\u00e5naders mognad). <\/div>\n<\/div>\n<\/div>\n<\/div>\n<\/div>\n","protected":false},"excerpt":{"rendered":"<p>Tillverkad enligt ett familjerecept med en uts\u00f6kt blandning av v\u00e5ra mj\u00f6lksorter, vilket ger en stor intensitet och l\u00e5ng h\u00e5llbarhet i munnen. Ost med olika mognadsperioder i v\u00e5r tr\u00e4tork, halvmognad (fr\u00e5n 2 till 4 m\u00e5naders mognad) och mognad (fr\u00e5n 4 till 6 m\u00e5naders mognad).<\/p>\n","protected":false},"featured_media":12048,"template":"","meta":{"_et_pb_use_builder":"","_et_pb_old_content":"","_et_gb_content_width":""},"product_brand":[1319],"product_cat":[2726,1804,2254],"product_tag":[],"class_list":{"0":"post-32259","1":"product","2":"type-product","3":"status-publish","4":"has-post-thumbnail","6":"product_brand-el-gran-cardenal","7":"product_cat-hardning","8":"product_cat-kall","9":"product_cat-ost-och-korv","10":"product_shipping_class-kall-sandning","12":"first","13":"outofstock","14":"taxable","15":"shipping-taxable","16":"product-type-variable"},"_links":{"self":[{"href":"https:\/\/myspainfood.com\/sv\/wp-json\/wp\/v2\/product\/32259","targetHints":{"allow":["GET"]}}],"collection":[{"href":"https:\/\/myspainfood.com\/sv\/wp-json\/wp\/v2\/product"}],"about":[{"href":"https:\/\/myspainfood.com\/sv\/wp-json\/wp\/v2\/types\/product"}],"wp:featuredmedia":[{"embeddable":true,"href":"https:\/\/myspainfood.com\/sv\/wp-json\/wp\/v2\/media\/12048"}],"wp:attachment":[{"href":"https:\/\/myspainfood.com\/sv\/wp-json\/wp\/v2\/media?parent=32259"}],"wp:term":[{"taxonomy":"product_brand","embeddable":true,"href":"https:\/\/myspainfood.com\/sv\/wp-json\/wp\/v2\/product_brand?post=32259"},{"taxonomy":"product_cat","embeddable":true,"href":"https:\/\/myspainfood.com\/sv\/wp-json\/wp\/v2\/product_cat?post=32259"},{"taxonomy":"product_tag","embeddable":true,"href":"https:\/\/myspainfood.com\/sv\/wp-json\/wp\/v2\/product_tag?post=32259"}],"curies":[{"name":"wp","href":"https:\/\/api.w.org\/{rel}","templated":true}]}}