{"id":32589,"date":"2025-04-10T12:09:05","date_gmt":"2025-04-10T10:09:05","guid":{"rendered":"https:\/\/myspainfood.com\/producto\/valdezarza-extra-jungfruolivolja-5-liter-2\/"},"modified":"2026-01-29T12:10:51","modified_gmt":"2026-01-29T11:10:51","slug":"valdezarza-extra-jungfruolivolja-5-liter-2","status":"publish","type":"product","link":"https:\/\/myspainfood.com\/sv\/producto\/valdezarza-extra-jungfruolivolja-5-liter-2\/","title":{"rendered":"Extra jungfruolivolja VALDEZARZA 5 liter"},"content":{"rendered":"<p>Valdezarza Extra Virgin Olive Oil 5l \u00e4r en extra jungfruolivolja av h\u00f6gsta klass, som erh\u00e5lls direkt fr\u00e5n oliver och endast genom mekaniska f\u00f6rfaranden.<\/p>\n<p>Valdezarza ligger i hj\u00e4rtat av Montes de Toledo (Spanien) och har ett integrerat ekosystem av olivlundar och natur.<\/p>\n<p>Den b\u00e4sta olivjuicen \u00e4r gjord av oliver: <a href=\"https:\/\/aceitesvaldezarza.com\/quienes-somos\/\" target=\"_blank\" rel=\"noopener noreferrer nofollow\">VALDEZARZA<\/a> Extra Virgin Olive Oil.<\/p>\n<p>Fastigheten Valdezarza ligger i kommunen San Mart\u00edn de Montalb\u00e1n, geografiskt integrerad i Montes de Toledo.<\/p>\n<p>Med en yta p\u00e5 700 hektar anses det mesta av denna mark vara skyddad medelhavsskog och ett kontrollerat ekosystem.<\/p>\n<p>Den h\u00e4r platsen ing\u00e5r i \u00e5terintroduktionsprojektet f\u00f6r det iberiska lodjuret och du kan njuta av spektakul\u00e4ra bilder p\u00e5 flera lodjur som vilar under olivtr\u00e4den.<\/p>\n<p>Deras f\u00f6rpackningsanl\u00e4ggning ger dem st\u00f6rre kontroll \u00f6ver hela kretsloppet fr\u00e5n olivtr\u00e4d till f\u00f6rpackning.<\/p>\n<p>Dessutom har detta f\u00f6retag verkliga forsknings-, utvecklings- och implementeringsprojekt, till exempel Messor-projektet.<\/p>\n<p>Om du vill k\u00f6pa <a href=\"https:\/\/latiendadesami.com\/categoria-producto\/aceite\/\" rel=\"noopener noreferrer nofollow\" target=\"_blank\">olja<\/a>, tveka inte att ta en titt p\u00e5 v\u00e5r onlinekatalog f\u00f6r att se det stora utbudet av produkter vi har, till exempel Valdezarza Extra Virgin Olive Oil 5l.<\/p>\n<p>Skriv till oss om du vill ha mer information om n\u00e5got av v\u00e5ra livsmedel.<\/p>\n","protected":false},"excerpt":{"rendered":"<p>Valdezarza Extra Virgin Olive Oil 5l \u00e4r en extra jungfruolivolja av h\u00f6gsta klass, som erh\u00e5lls direkt fr\u00e5n oliver och endast genom mekaniska f\u00f6rfaranden. Valdezarza ligger i hj\u00e4rtat av Montes de Toledo (Spanien) och har ett integrerat ekosystem av olivlundar och natur. Den b\u00e4sta olivjuicen \u00e4r gjord av oliver: VALDEZARZA Extra Virgin Olive Oil. Fastigheten Valdezarza [&hellip;]<\/p>\n","protected":false},"featured_media":11625,"template":"","meta":{"_et_pb_use_builder":"","_et_pb_old_content":"","_et_gb_content_width":""},"product_brand":[1221],"product_cat":[2211,2210],"product_tag":[2212],"class_list":{"0":"post-32589","1":"product","2":"type-product","3":"status-publish","4":"has-post-thumbnail","6":"product_brand-valdezarza","7":"product_cat-extra-jungfruolja","8":"product_cat-olja","9":"product_tag-olja","11":"first","12":"outofstock","13":"featured","14":"taxable","15":"shipping-taxable","16":"purchasable","17":"product-type-simple"},"_links":{"self":[{"href":"https:\/\/myspainfood.com\/sv\/wp-json\/wp\/v2\/product\/32589","targetHints":{"allow":["GET"]}}],"collection":[{"href":"https:\/\/myspainfood.com\/sv\/wp-json\/wp\/v2\/product"}],"about":[{"href":"https:\/\/myspainfood.com\/sv\/wp-json\/wp\/v2\/types\/product"}],"wp:featuredmedia":[{"embeddable":true,"href":"https:\/\/myspainfood.com\/sv\/wp-json\/wp\/v2\/media\/11625"}],"wp:attachment":[{"href":"https:\/\/myspainfood.com\/sv\/wp-json\/wp\/v2\/media?parent=32589"}],"wp:term":[{"taxonomy":"product_brand","embeddable":true,"href":"https:\/\/myspainfood.com\/sv\/wp-json\/wp\/v2\/product_brand?post=32589"},{"taxonomy":"product_cat","embeddable":true,"href":"https:\/\/myspainfood.com\/sv\/wp-json\/wp\/v2\/product_cat?post=32589"},{"taxonomy":"product_tag","embeddable":true,"href":"https:\/\/myspainfood.com\/sv\/wp-json\/wp\/v2\/product_tag?post=32589"}],"curies":[{"name":"wp","href":"https:\/\/api.w.org\/{rel}","templated":true}]}}