{"id":32704,"date":"2025-04-10T12:09:07","date_gmt":"2025-04-10T10:09:07","guid":{"rendered":"https:\/\/myspainfood.com\/producto\/el-gran-cardenal-farost-med-olivolja\/"},"modified":"2025-07-28T10:37:34","modified_gmt":"2025-07-28T08:37:34","slug":"el-gran-cardenal-farost-med-olivolja","status":"publish","type":"product","link":"https:\/\/myspainfood.com\/sv\/producto\/el-gran-cardenal-farost-med-olivolja\/","title":{"rendered":"El Gran Cardenal f\u00e5rost med olivolja"},"content":{"rendered":"<div class=\"et_pb_blurb_container\">\n<div class=\"et_pb_blurb_container\">\n<h4 class=\"et_pb_module_header\">F\u00e5r med olja<\/h4>\n<div class=\"et_pb_blurb_description\">V\u00e5r kastilianska f\u00e5rost, vinnare av 4 internationella guldmedaljer, tillsammans med en av skatterna i Medelhavsdieten, olivolja.<\/p>\n<p>F\u00f6r detta anv\u00e4nder vi v\u00e5r egen olja, fr\u00e5n hundra\u00e5riga olivtr\u00e4d som odlas p\u00e5 de marker som San Isidro odlade tillsammans med sin fru&#8230;<\/p><\/div>\n<\/div>\n<\/div>\n","protected":false},"excerpt":{"rendered":"<p>F\u00e5r med olja V\u00e5r kastilianska f\u00e5rost, vinnare av 4 internationella guldmedaljer, tillsammans med en av skatterna i Medelhavsdieten, olivolja. F\u00f6r detta anv\u00e4nder vi v\u00e5r egen olja, fr\u00e5n hundra\u00e5riga olivtr\u00e4d som odlas p\u00e5 de marker som San Isidro odlade tillsammans med sin fru&#8230;<\/p>\n","protected":false},"featured_media":11679,"template":"","meta":{"_et_pb_use_builder":"","_et_pb_old_content":"","_et_gb_content_width":""},"product_brand":[1319],"product_cat":[2726,1804,2254],"product_tag":[],"class_list":{"0":"post-32704","1":"product","2":"type-product","3":"status-publish","4":"has-post-thumbnail","6":"product_brand-el-gran-cardenal","7":"product_cat-hardning","8":"product_cat-kall","9":"product_cat-ost-och-korv","10":"product_shipping_class-kall-sandning","12":"first","13":"outofstock","14":"taxable","15":"shipping-taxable","16":"purchasable","17":"product-type-variable"},"_links":{"self":[{"href":"https:\/\/myspainfood.com\/sv\/wp-json\/wp\/v2\/product\/32704","targetHints":{"allow":["GET"]}}],"collection":[{"href":"https:\/\/myspainfood.com\/sv\/wp-json\/wp\/v2\/product"}],"about":[{"href":"https:\/\/myspainfood.com\/sv\/wp-json\/wp\/v2\/types\/product"}],"wp:featuredmedia":[{"embeddable":true,"href":"https:\/\/myspainfood.com\/sv\/wp-json\/wp\/v2\/media\/11679"}],"wp:attachment":[{"href":"https:\/\/myspainfood.com\/sv\/wp-json\/wp\/v2\/media?parent=32704"}],"wp:term":[{"taxonomy":"product_brand","embeddable":true,"href":"https:\/\/myspainfood.com\/sv\/wp-json\/wp\/v2\/product_brand?post=32704"},{"taxonomy":"product_cat","embeddable":true,"href":"https:\/\/myspainfood.com\/sv\/wp-json\/wp\/v2\/product_cat?post=32704"},{"taxonomy":"product_tag","embeddable":true,"href":"https:\/\/myspainfood.com\/sv\/wp-json\/wp\/v2\/product_tag?post=32704"}],"curies":[{"name":"wp","href":"https:\/\/api.w.org\/{rel}","templated":true}]}}