{"id":32733,"date":"2025-04-10T12:09:28","date_gmt":"2025-04-10T10:09:28","guid":{"rendered":"https:\/\/myspainfood.com\/producto\/spansk-ramjolksost-av-far-el-gran-cardenal\/"},"modified":"2025-07-28T12:56:46","modified_gmt":"2025-07-28T10:56:46","slug":"spansk-ramjolksost-av-far-el-gran-cardenal","status":"publish","type":"product","link":"https:\/\/myspainfood.com\/sv\/producto\/spansk-ramjolksost-av-far-el-gran-cardenal\/","title":{"rendered":"Spansk r\u00e5mj\u00f6lksost av f\u00e5r El Gran Cardenal"},"content":{"rendered":"<div class=\"et_pb_blurb_container\">\n<div class=\"et_pb_blurb_container\">\n<div class=\"et_pb_blurb_container\">\n<p class=\"et_pb_module_header\">R\u00e5 f\u00e5rmj\u00f6lk<\/p>\n<div class=\"et_pb_blurb_description\">Tillverkad av den mest utvalda mj\u00f6lken, som samlas in dagligen f\u00f6r att s\u00e4kerst\u00e4lla f\u00e4rskhet och kvalitet, vilket garanterar en st\u00f6rre smak och en fantastisk arom.<\/div>\n<\/div>\n<\/div>\n<\/div>\n","protected":false},"excerpt":{"rendered":"<p>R\u00e5 f\u00e5rmj\u00f6lk Tillverkad av den mest utvalda mj\u00f6lken, som samlas in dagligen f\u00f6r att s\u00e4kerst\u00e4lla f\u00e4rskhet och kvalitet, vilket garanterar en st\u00f6rre smak och en fantastisk arom.<\/p>\n","protected":false},"featured_media":12012,"template":"","meta":{"_et_pb_use_builder":"","_et_pb_old_content":"","_et_gb_content_width":""},"product_brand":[1319],"product_cat":[2726,1804,2254],"product_tag":[],"class_list":{"0":"post-32733","1":"product","2":"type-product","3":"status-publish","4":"has-post-thumbnail","6":"product_brand-el-gran-cardenal","7":"product_cat-hardning","8":"product_cat-kall","9":"product_cat-ost-och-korv","10":"product_shipping_class-kall-sandning","12":"first","13":"outofstock","14":"taxable","15":"shipping-taxable","16":"purchasable","17":"product-type-variable"},"_links":{"self":[{"href":"https:\/\/myspainfood.com\/sv\/wp-json\/wp\/v2\/product\/32733","targetHints":{"allow":["GET"]}}],"collection":[{"href":"https:\/\/myspainfood.com\/sv\/wp-json\/wp\/v2\/product"}],"about":[{"href":"https:\/\/myspainfood.com\/sv\/wp-json\/wp\/v2\/types\/product"}],"wp:featuredmedia":[{"embeddable":true,"href":"https:\/\/myspainfood.com\/sv\/wp-json\/wp\/v2\/media\/12012"}],"wp:attachment":[{"href":"https:\/\/myspainfood.com\/sv\/wp-json\/wp\/v2\/media?parent=32733"}],"wp:term":[{"taxonomy":"product_brand","embeddable":true,"href":"https:\/\/myspainfood.com\/sv\/wp-json\/wp\/v2\/product_brand?post=32733"},{"taxonomy":"product_cat","embeddable":true,"href":"https:\/\/myspainfood.com\/sv\/wp-json\/wp\/v2\/product_cat?post=32733"},{"taxonomy":"product_tag","embeddable":true,"href":"https:\/\/myspainfood.com\/sv\/wp-json\/wp\/v2\/product_tag?post=32733"}],"curies":[{"name":"wp","href":"https:\/\/api.w.org\/{rel}","templated":true}]}}