{"id":32887,"date":"2025-04-10T12:09:07","date_gmt":"2025-04-10T10:09:07","guid":{"rendered":"https:\/\/myspainfood.com\/producto\/el-gran-cardenal-tryfflad-farost\/"},"modified":"2025-07-28T10:39:29","modified_gmt":"2025-07-28T08:39:29","slug":"el-gran-cardenal-tryfflad-farost","status":"publish","type":"product","link":"https:\/\/myspainfood.com\/sv\/producto\/el-gran-cardenal-tryfflad-farost\/","title":{"rendered":"El Gran Cardenal Tryfflad f\u00e5rost"},"content":{"rendered":"<div class=\"et_pb_blurb_container\">\n<h4 class=\"et_pb_module_header\">Tryfflade f\u00e5r<\/h4>\n<div class=\"et_pb_blurb_description\">\n<p>Den mest exklusiva av v\u00e5ra ostar. Vinnare av Super Gold Medal vid den internationella t\u00e4vlingen World Cheese Awards 2016-17. <\/p>\n<p>Vi anv\u00e4nder endast f\u00e5rmj\u00f6lk fr\u00e5n de b\u00e4sta bes\u00e4ttningarna och tills\u00e4tter tryffeln fr\u00e5n b\u00f6rjan av produktionen, s\u00e5 att de samexisterar under hela mognaden och ger en omissk\u00e4nnlig arom och smak, med respekt f\u00f6r k\u00e4rnan i den kastilianska f\u00e5rmj\u00f6lksosten.<\/p>\n<\/div>\n<\/div>\n","protected":false},"excerpt":{"rendered":"<p>Tryfflade f\u00e5r Den mest exklusiva av v\u00e5ra ostar. Vinnare av Super Gold Medal vid den internationella t\u00e4vlingen World Cheese Awards 2016-17. Vi anv\u00e4nder endast f\u00e5rmj\u00f6lk fr\u00e5n de b\u00e4sta bes\u00e4ttningarna och tills\u00e4tter tryffeln fr\u00e5n b\u00f6rjan av produktionen, s\u00e5 att de samexisterar under hela mognaden och ger en omissk\u00e4nnlig arom och smak, med respekt f\u00f6r k\u00e4rnan i [&hellip;]<\/p>\n","protected":false},"featured_media":11670,"template":"","meta":{"_et_pb_use_builder":"","_et_pb_old_content":"","_et_gb_content_width":""},"product_brand":[1319],"product_cat":[2726,1804,2254],"product_tag":[],"class_list":{"0":"post-32887","1":"product","2":"type-product","3":"status-publish","4":"has-post-thumbnail","6":"product_brand-el-gran-cardenal","7":"product_cat-hardning","8":"product_cat-kall","9":"product_cat-ost-och-korv","10":"product_shipping_class-kall-sandning","12":"first","13":"outofstock","14":"taxable","15":"shipping-taxable","16":"purchasable","17":"product-type-variable"},"_links":{"self":[{"href":"https:\/\/myspainfood.com\/sv\/wp-json\/wp\/v2\/product\/32887","targetHints":{"allow":["GET"]}}],"collection":[{"href":"https:\/\/myspainfood.com\/sv\/wp-json\/wp\/v2\/product"}],"about":[{"href":"https:\/\/myspainfood.com\/sv\/wp-json\/wp\/v2\/types\/product"}],"wp:featuredmedia":[{"embeddable":true,"href":"https:\/\/myspainfood.com\/sv\/wp-json\/wp\/v2\/media\/11670"}],"wp:attachment":[{"href":"https:\/\/myspainfood.com\/sv\/wp-json\/wp\/v2\/media?parent=32887"}],"wp:term":[{"taxonomy":"product_brand","embeddable":true,"href":"https:\/\/myspainfood.com\/sv\/wp-json\/wp\/v2\/product_brand?post=32887"},{"taxonomy":"product_cat","embeddable":true,"href":"https:\/\/myspainfood.com\/sv\/wp-json\/wp\/v2\/product_cat?post=32887"},{"taxonomy":"product_tag","embeddable":true,"href":"https:\/\/myspainfood.com\/sv\/wp-json\/wp\/v2\/product_tag?post=32887"}],"curies":[{"name":"wp","href":"https:\/\/api.w.org\/{rel}","templated":true}]}}