{"id":32922,"date":"2025-04-10T12:09:42","date_gmt":"2025-04-10T10:09:42","guid":{"rendered":"https:\/\/myspainfood.com\/producto\/el-gran-cardenal-old-blend-ost\/"},"modified":"2025-07-28T12:56:38","modified_gmt":"2025-07-28T10:56:38","slug":"el-gran-cardenal-old-blend-ost","status":"publish","type":"product","link":"https:\/\/myspainfood.com\/sv\/producto\/el-gran-cardenal-old-blend-ost\/","title":{"rendered":"El Gran Cardenal Old Blend Ost"},"content":{"rendered":"<div class=\"et_pb_column et_pb_column_4_4 et_pb_column_1 et_pb_css_mix_blend_mode_passthrough et-last-child\">\n<div class=\"et_pb_module et_pb_text et_pb_text_1 et_pb_text_align_justified et_pb_bg_layout_light\">\n<div class=\"et_pb_text_inner\">\n<p>Tillverkad enligt ett familjerecept med v\u00e5r blandning av f\u00e5r- och komj\u00f6lk, som ger en fantastisk balans i munnen tack vare sin lenhet och kr\u00e4mighet. Ostar med olika mognadslagring i tr\u00e4tork: Tierno, Semicurado (2-4 m\u00e5naders mognadslagring), Curado (4-6 m\u00e5naders mognadslagring) och Viejo (6-8 m\u00e5naders mognadslagring). <\/p>\n<\/div>\n<\/div>\n<\/div>\n","protected":false},"excerpt":{"rendered":"<p>Tillverkad enligt ett familjerecept med v\u00e5r blandning av f\u00e5r- och komj\u00f6lk, som ger en fantastisk balans i munnen tack vare sin lenhet och kr\u00e4mighet. Ostar med olika mognadslagring i tr\u00e4tork: Tierno, Semicurado (2-4 m\u00e5naders mognadslagring), Curado (4-6 m\u00e5naders mognadslagring) och Viejo (6-8 m\u00e5naders mognadslagring).<\/p>\n","protected":false},"featured_media":12084,"template":"","meta":{"_et_pb_use_builder":"","_et_pb_old_content":"","_et_gb_content_width":""},"product_brand":[1319],"product_cat":[2726,1804,2254],"product_tag":[],"class_list":{"0":"post-32922","1":"product","2":"type-product","3":"status-publish","4":"has-post-thumbnail","6":"product_brand-el-gran-cardenal","7":"product_cat-hardning","8":"product_cat-kall","9":"product_cat-ost-och-korv","10":"product_shipping_class-kall-sandning","12":"first","13":"outofstock","14":"taxable","15":"shipping-taxable","16":"product-type-variable"},"_links":{"self":[{"href":"https:\/\/myspainfood.com\/sv\/wp-json\/wp\/v2\/product\/32922","targetHints":{"allow":["GET"]}}],"collection":[{"href":"https:\/\/myspainfood.com\/sv\/wp-json\/wp\/v2\/product"}],"about":[{"href":"https:\/\/myspainfood.com\/sv\/wp-json\/wp\/v2\/types\/product"}],"wp:featuredmedia":[{"embeddable":true,"href":"https:\/\/myspainfood.com\/sv\/wp-json\/wp\/v2\/media\/12084"}],"wp:attachment":[{"href":"https:\/\/myspainfood.com\/sv\/wp-json\/wp\/v2\/media?parent=32922"}],"wp:term":[{"taxonomy":"product_brand","embeddable":true,"href":"https:\/\/myspainfood.com\/sv\/wp-json\/wp\/v2\/product_brand?post=32922"},{"taxonomy":"product_cat","embeddable":true,"href":"https:\/\/myspainfood.com\/sv\/wp-json\/wp\/v2\/product_cat?post=32922"},{"taxonomy":"product_tag","embeddable":true,"href":"https:\/\/myspainfood.com\/sv\/wp-json\/wp\/v2\/product_tag?post=32922"}],"curies":[{"name":"wp","href":"https:\/\/api.w.org\/{rel}","templated":true}]}}