{"id":33039,"date":"2025-04-10T12:09:08","date_gmt":"2025-04-10T10:09:08","guid":{"rendered":"https:\/\/myspainfood.com\/producto\/farost-med-rosmarin-el-gran-cardenal\/"},"modified":"2025-07-28T12:56:00","modified_gmt":"2025-07-28T10:56:00","slug":"farost-med-rosmarin-el-gran-cardenal","status":"publish","type":"product","link":"https:\/\/myspainfood.com\/sv\/producto\/farost-med-rosmarin-el-gran-cardenal\/","title":{"rendered":"F\u00e5rost med rosmarin El Gran Cardenal"},"content":{"rendered":"<div class=\"et_pb_blurb_container\">\n<div class=\"et_pb_blurb_container\">\n<h4 class=\"et_pb_module_header\">F\u00e5r med rosmarin<\/h4>\n<div class=\"et_pb_blurb_description\">Rosmarin \u00e4r en aromatisk v\u00e4xt som \u00e4r typisk f\u00f6r Medelhavsomr\u00e5det. Dess arom impregnerar v\u00e5r Castellano de Oveja-ost och ger den en mycket nyanserad doft och smak, samtidigt som den hj\u00e4lper till att skydda osten. <\/p>\n<p>P\u00e5 blommornas spr\u00e5k \u00e4r rosmarin en symbol f\u00f6r god tro och \u00f6ppenhet.<\/p><\/div>\n<\/div>\n<\/div>\n","protected":false},"excerpt":{"rendered":"<p>F\u00e5r med rosmarin Rosmarin \u00e4r en aromatisk v\u00e4xt som \u00e4r typisk f\u00f6r Medelhavsomr\u00e5det. Dess arom impregnerar v\u00e5r Castellano de Oveja-ost och ger den en mycket nyanserad doft och smak, samtidigt som den hj\u00e4lper till att skydda osten. P\u00e5 blommornas spr\u00e5k \u00e4r rosmarin en symbol f\u00f6r god tro och \u00f6ppenhet.<\/p>\n","protected":false},"featured_media":11688,"template":"","meta":{"_et_pb_use_builder":"","_et_pb_old_content":"","_et_gb_content_width":""},"product_brand":[1319],"product_cat":[2726,1804,2254],"product_tag":[],"class_list":{"0":"post-33039","1":"product","2":"type-product","3":"status-publish","4":"has-post-thumbnail","6":"product_brand-el-gran-cardenal","7":"product_cat-hardning","8":"product_cat-kall","9":"product_cat-ost-och-korv","10":"product_shipping_class-kall-sandning","12":"first","13":"outofstock","14":"taxable","15":"shipping-taxable","16":"purchasable","17":"product-type-variable"},"_links":{"self":[{"href":"https:\/\/myspainfood.com\/sv\/wp-json\/wp\/v2\/product\/33039","targetHints":{"allow":["GET"]}}],"collection":[{"href":"https:\/\/myspainfood.com\/sv\/wp-json\/wp\/v2\/product"}],"about":[{"href":"https:\/\/myspainfood.com\/sv\/wp-json\/wp\/v2\/types\/product"}],"wp:featuredmedia":[{"embeddable":true,"href":"https:\/\/myspainfood.com\/sv\/wp-json\/wp\/v2\/media\/11688"}],"wp:attachment":[{"href":"https:\/\/myspainfood.com\/sv\/wp-json\/wp\/v2\/media?parent=33039"}],"wp:term":[{"taxonomy":"product_brand","embeddable":true,"href":"https:\/\/myspainfood.com\/sv\/wp-json\/wp\/v2\/product_brand?post=33039"},{"taxonomy":"product_cat","embeddable":true,"href":"https:\/\/myspainfood.com\/sv\/wp-json\/wp\/v2\/product_cat?post=33039"},{"taxonomy":"product_tag","embeddable":true,"href":"https:\/\/myspainfood.com\/sv\/wp-json\/wp\/v2\/product_tag?post=33039"}],"curies":[{"name":"wp","href":"https:\/\/api.w.org\/{rel}","templated":true}]}}