{"id":33453,"date":"2025-04-10T12:10:14","date_gmt":"2025-04-10T10:10:14","guid":{"rendered":"https:\/\/myspainfood.com\/producto\/kockor-naturella-45-65-areoso\/"},"modified":"2025-04-10T12:10:14","modified_gmt":"2025-04-10T10:10:14","slug":"kockor-naturella-45-65-areoso","status":"publish","type":"product","link":"https:\/\/myspainfood.com\/sv\/producto\/kockor-naturella-45-65-areoso\/","title":{"rendered":"Kockor naturella 45\/65 Areoso"},"content":{"rendered":"<p>Produkt: Cockles 45\/65 stycken.<\/p>\n<p>Ingredienser: Cockle, vatten och salt<\/p>\n<p>BEREDNINGSMETOD: Cockles bereds p\u00e5 liknande s\u00e4tt som musslor, \u00e4ven om de inte \u00e4r en lika k\u00e4nslig produkt som musslor. Processen \u00e4r som f\u00f6ljer: de kokas i vatten med de r\u00e4tta hygieniska och sanit\u00e4ra egenskaperna. Hela skalnings- och sorteringsprocessen \u00e4r automatiserad. Sedan tv\u00e4ttas de igen i varmt vatten och d\u00e4refter f\u00f6rpackas de. Sedan tills\u00e4tts t\u00e4ckv\u00e4tskan, som i det h\u00e4r fallet \u00e4r naturligt vatten. Den f\u00f6rsluts och steriliseras med de karakteristiska och l\u00e4mpliga parametrarna f\u00f6r denna produkt. Den \u00e4r sedan klar f\u00f6r lagring och f\u00f6rs\u00e4ljning.      <\/p>\n","protected":false},"excerpt":{"rendered":"<p>Produkt: Cockles 45\/65 stycken. Ingredienser: Cockle, vatten och salt BEREDNINGSMETOD: Cockles bereds p\u00e5 liknande s\u00e4tt som musslor, \u00e4ven om de inte \u00e4r en lika k\u00e4nslig produkt som musslor. Processen \u00e4r som f\u00f6ljer: de kokas i vatten med de r\u00e4tta hygieniska och sanit\u00e4ra egenskaperna. Hela skalnings- och sorteringsprocessen \u00e4r automatiserad. Sedan tv\u00e4ttas de igen i varmt [&hellip;]<\/p>\n","protected":false},"featured_media":12579,"template":"","meta":{"_et_pb_use_builder":"","_et_pb_old_content":"","_et_gb_content_width":""},"product_brand":[1358,1075],"product_cat":[5664,1986],"product_tag":[],"class_list":{"0":"post-33453","1":"product","2":"type-product","3":"status-publish","4":"has-post-thumbnail","6":"product_brand-areoso","7":"product_brand-oti","8":"product_cat-kockor","9":"product_cat-konserver-sv","11":"first","12":"outofstock","13":"sale","14":"taxable","15":"shipping-taxable","16":"purchasable","17":"product-type-simple"},"_links":{"self":[{"href":"https:\/\/myspainfood.com\/sv\/wp-json\/wp\/v2\/product\/33453","targetHints":{"allow":["GET"]}}],"collection":[{"href":"https:\/\/myspainfood.com\/sv\/wp-json\/wp\/v2\/product"}],"about":[{"href":"https:\/\/myspainfood.com\/sv\/wp-json\/wp\/v2\/types\/product"}],"wp:featuredmedia":[{"embeddable":true,"href":"https:\/\/myspainfood.com\/sv\/wp-json\/wp\/v2\/media\/12579"}],"wp:attachment":[{"href":"https:\/\/myspainfood.com\/sv\/wp-json\/wp\/v2\/media?parent=33453"}],"wp:term":[{"taxonomy":"product_brand","embeddable":true,"href":"https:\/\/myspainfood.com\/sv\/wp-json\/wp\/v2\/product_brand?post=33453"},{"taxonomy":"product_cat","embeddable":true,"href":"https:\/\/myspainfood.com\/sv\/wp-json\/wp\/v2\/product_cat?post=33453"},{"taxonomy":"product_tag","embeddable":true,"href":"https:\/\/myspainfood.com\/sv\/wp-json\/wp\/v2\/product_tag?post=33453"}],"curies":[{"name":"wp","href":"https:\/\/api.w.org\/{rel}","templated":true}]}}