{"id":33620,"date":"2025-04-10T12:09:55","date_gmt":"2025-04-10T10:09:55","guid":{"rendered":"https:\/\/myspainfood.com\/producto\/vermouth-los-cantabros-075l-med-solera-fran-igarmi-60-enheter\/"},"modified":"2025-04-10T12:09:55","modified_gmt":"2025-04-10T10:09:55","slug":"vermouth-los-cantabros-075l-med-solera-fran-igarmi-60-enheter","status":"publish","type":"product","link":"https:\/\/myspainfood.com\/sv\/producto\/vermouth-los-cantabros-075l-med-solera-fran-igarmi-60-enheter\/","title":{"rendered":"Vermouth Los C\u00e1ntabros 0,75l med solera fr\u00e5n Igarmi 60 enheter"},"content":{"rendered":"<p>Verm\u00fa los C\u00e1ntabros \u00e4r en hyllning till alla de m\u00e4n och kvinnor som har vetat hur man bevarar och sprider v\u00e5r kultur.<\/p>\n<p>\u00c4ven v\u00e5ra r\u00f6tter och traditioner, tillsammans med m\u00e4ssor, festivaler, spel och gastronomi, fr\u00e5n havet till bergen i v\u00e5rt \u00e4lskade Kantabrien.<\/p>\n<p>Denna produkt \u00e4r buteljerad av <a href=\"https:\/\/bodegasigarmi.es\/mayoristas-de-bebidas-en-cantabria\/\" target=\"_blank\" rel=\"noopener noreferrer nofollow\">Bodegas Igarmi <\/a>.  <\/p>\n<p>Bodegas Igarmi \u00e4r en tradition som sedan 1890 har k\u00e4nnetecknats av kvalitet och kundservice.<\/p>\n<p>Ett familjef\u00f6retag vars passion och h\u00e4ngivenhet f\u00f6r vin har gjort det m\u00f6jligt att buteljera och marknadsf\u00f6ra viner med ett oslagbart f\u00f6rh\u00e5llande mellan kvalitet och pris, som v\u00e4rderas h\u00f6gt p\u00e5 marknaden och av konsumenterna.<\/p>\n<p>Bodegas Igarmi har en 3.000 m\u00b2 stor anl\u00e4ggning i staden Heras med en lagringskapacitet p\u00e5 cirka en miljon liter.<\/p>\n<p>Det \u00e4r ocks\u00e5 den st\u00f6rsta ving\u00e5rden i Kantabrien.<\/p>\n<p>De \u00e4r ett fantastiskt team p\u00e5 mer \u00e4n 30 personer som \u00e4r engagerade i att f\u00f6rse kunden med den b\u00e4sta produkten och den b\u00e4sta servicen, vilket vi utm\u00e4rker oss f\u00f6r.<\/p>\n<p>&nbsp;<\/p>\n","protected":false},"excerpt":{"rendered":"<p>Verm\u00fa los C\u00e1ntabros \u00e4r en hyllning till alla de m\u00e4n och kvinnor som har vetat hur man bevarar och sprider v\u00e5r kultur. \u00c4ven v\u00e5ra r\u00f6tter och traditioner, tillsammans med m\u00e4ssor, festivaler, spel och gastronomi, fr\u00e5n havet till bergen i v\u00e5rt \u00e4lskade Kantabrien. Denna produkt \u00e4r buteljerad av Bodegas Igarmi . Bodegas Igarmi \u00e4r en tradition [&hellip;]<\/p>\n","protected":false},"featured_media":9951,"template":"","meta":{"_et_pb_use_builder":"","_et_pb_old_content":"","_et_gb_content_width":""},"product_brand":[1244,1245],"product_cat":[7358,2831],"product_tag":[5774],"class_list":{"0":"post-33620","1":"product","2":"type-product","3":"status-publish","4":"has-post-thumbnail","6":"product_brand-igarmi","7":"product_brand-los-cantabros","8":"product_cat-drycker-sv","9":"product_cat-partihandel","10":"product_tag-igarmi-sv","12":"first","13":"instock","14":"taxable","15":"shipping-taxable","16":"purchasable","17":"product-type-simple"},"_links":{"self":[{"href":"https:\/\/myspainfood.com\/sv\/wp-json\/wp\/v2\/product\/33620","targetHints":{"allow":["GET"]}}],"collection":[{"href":"https:\/\/myspainfood.com\/sv\/wp-json\/wp\/v2\/product"}],"about":[{"href":"https:\/\/myspainfood.com\/sv\/wp-json\/wp\/v2\/types\/product"}],"wp:featuredmedia":[{"embeddable":true,"href":"https:\/\/myspainfood.com\/sv\/wp-json\/wp\/v2\/media\/9951"}],"wp:attachment":[{"href":"https:\/\/myspainfood.com\/sv\/wp-json\/wp\/v2\/media?parent=33620"}],"wp:term":[{"taxonomy":"product_brand","embeddable":true,"href":"https:\/\/myspainfood.com\/sv\/wp-json\/wp\/v2\/product_brand?post=33620"},{"taxonomy":"product_cat","embeddable":true,"href":"https:\/\/myspainfood.com\/sv\/wp-json\/wp\/v2\/product_cat?post=33620"},{"taxonomy":"product_tag","embeddable":true,"href":"https:\/\/myspainfood.com\/sv\/wp-json\/wp\/v2\/product_tag?post=33620"}],"curies":[{"name":"wp","href":"https:\/\/api.w.org\/{rel}","templated":true}]}}