{"id":33886,"date":"2025-04-10T12:10:21","date_gmt":"2025-04-10T10:10:21","guid":{"rendered":"https:\/\/myspainfood.com\/producto\/tangmusslor-i-olivolja-areoso-115-g\/"},"modified":"2025-04-10T12:10:21","modified_gmt":"2025-04-10T10:10:21","slug":"tangmusslor-i-olivolja-areoso-115-g","status":"publish","type":"product","link":"https:\/\/myspainfood.com\/sv\/producto\/tangmusslor-i-olivolja-areoso-115-g\/","title":{"rendered":"T\u00e5ngmusslor i olivolja Areoso 115 g"},"content":{"rendered":"<p>Produkt: T\u00e5ngmusslor i olivolja<\/p>\n<p>Specifikationer: T\u00e5ngmusslor (Ensis arcuatus) fr\u00e5n Galiciens Rias, av homogen storlek i olivolja. Renad och utvald f\u00f6r hand i varje burk. <\/p>\n<p>Ingredienser: T\u00e5ngmusslor 56,5%, olivolja 43,5% och salt.<\/p>\n<p>Produktionsprocessen: De knivmusslor som sk\u00f6rdas i Galiciens Rias genomg\u00e5r, liksom resten av bl\u00f6tdjuren, en reningsprocess s\u00e5 snart de kommer in i fabriken. De kokas sedan i vatten med de r\u00e4tta hygieniska och sanit\u00e4ra egenskaperna; bl\u00f6tdjuren \u00f6ppnas och skalas sedan f\u00f6r hand, varvid man \u00e4r mycket noga med att de inte g\u00e5r s\u00f6nder. De tv\u00e4ttas sedan igen i varmt saltvatten och f\u00f6rpackas. D\u00e4refter tills\u00e4tts olivolja f\u00f6r att skapa en len konsistens och intensiv smak. Beh\u00e5llarna st\u00e4ngs och steriliseras med de karakteristiska och l\u00e4mpliga parametrarna f\u00f6r denna produkt, vilket skapar den perfekta atmosf\u00e4ren f\u00f6r att bevaras i m\u00e5nga \u00e5r utan n\u00e5gon typ av konserveringsmedel eller konstgjorda tillsatser. Den \u00e4r sedan klar f\u00f6r lagring och f\u00f6rs\u00e4ljning.     <\/p>\n","protected":false},"excerpt":{"rendered":"<p>Produkt: T\u00e5ngmusslor i olivolja Specifikationer: T\u00e5ngmusslor (Ensis arcuatus) fr\u00e5n Galiciens Rias, av homogen storlek i olivolja. Renad och utvald f\u00f6r hand i varje burk. Ingredienser: T\u00e5ngmusslor 56,5%, olivolja 43,5% och salt. Produktionsprocessen: De knivmusslor som sk\u00f6rdas i Galiciens Rias genomg\u00e5r, liksom resten av bl\u00f6tdjuren, en reningsprocess s\u00e5 snart de kommer in i fabriken. De kokas [&hellip;]<\/p>\n","protected":false},"featured_media":12903,"template":"","meta":{"_et_pb_use_builder":"","_et_pb_old_content":"","_et_gb_content_width":""},"product_brand":[1358],"product_cat":[1986,7539],"product_tag":[],"class_list":{"0":"post-33886","1":"product","2":"type-product","3":"status-publish","4":"has-post-thumbnail","6":"product_brand-areoso","7":"product_cat-konserver-sv","8":"product_cat-rakhyvlar","10":"first","11":"outofstock","12":"taxable","13":"shipping-taxable","14":"product-type-variable"},"_links":{"self":[{"href":"https:\/\/myspainfood.com\/sv\/wp-json\/wp\/v2\/product\/33886","targetHints":{"allow":["GET"]}}],"collection":[{"href":"https:\/\/myspainfood.com\/sv\/wp-json\/wp\/v2\/product"}],"about":[{"href":"https:\/\/myspainfood.com\/sv\/wp-json\/wp\/v2\/types\/product"}],"wp:featuredmedia":[{"embeddable":true,"href":"https:\/\/myspainfood.com\/sv\/wp-json\/wp\/v2\/media\/12903"}],"wp:attachment":[{"href":"https:\/\/myspainfood.com\/sv\/wp-json\/wp\/v2\/media?parent=33886"}],"wp:term":[{"taxonomy":"product_brand","embeddable":true,"href":"https:\/\/myspainfood.com\/sv\/wp-json\/wp\/v2\/product_brand?post=33886"},{"taxonomy":"product_cat","embeddable":true,"href":"https:\/\/myspainfood.com\/sv\/wp-json\/wp\/v2\/product_cat?post=33886"},{"taxonomy":"product_tag","embeddable":true,"href":"https:\/\/myspainfood.com\/sv\/wp-json\/wp\/v2\/product_tag?post=33886"}],"curies":[{"name":"wp","href":"https:\/\/api.w.org\/{rel}","templated":true}]}}