{"id":33994,"date":"2025-04-10T12:10:12","date_gmt":"2025-04-10T10:10:12","guid":{"rendered":"https:\/\/myspainfood.com\/producto\/norsk-rokt-lax-port-faroe-600-g\/"},"modified":"2025-06-24T13:41:10","modified_gmt":"2025-06-24T11:41:10","slug":"norsk-rokt-lax-port-faroe-600-g","status":"publish","type":"product","link":"https:\/\/myspainfood.com\/sv\/producto\/norsk-rokt-lax-port-faroe-600-g\/","title":{"rendered":"Norsk r\u00f6kt lax Port Faroe 600 g"},"content":{"rendered":"<p>R\u00f6kning \u00e4r en teknik som anv\u00e4nds f\u00f6r att konservera livsmedel.<\/p>\n<p> Den best\u00e5r i att uts\u00e4tta livsmedel f\u00f6r en r\u00f6kk\u00e4lla som kommer fr\u00e5n eldar gjorda av tr\u00e4 med l\u00e5g halt av harts.<\/p>\n<p> Denna process, f\u00f6rutom konservering, \u00e4r det som ger den dess speciella r\u00f6kiga smak.<\/p>\n<p> R\u00f6kt lax \u00e4r ett livsmedel som erh\u00e5lls genom att uts\u00e4tta lax f\u00f6r den r\u00f6k som beskrivs ovan, vilket ger den en l\u00e4ngre konserveringstid och en annorlunda och karakteristisk smak.<\/p>\n<p>&nbsp;<\/p>\n","protected":false},"excerpt":{"rendered":"<p>R\u00f6kning \u00e4r en teknik som anv\u00e4nds f\u00f6r att konservera livsmedel. Den best\u00e5r i att uts\u00e4tta livsmedel f\u00f6r en r\u00f6kk\u00e4lla som kommer fr\u00e5n eldar gjorda av tr\u00e4 med l\u00e5g halt av harts. Denna process, f\u00f6rutom konservering, \u00e4r det som ger den dess speciella r\u00f6kiga smak. R\u00f6kt lax \u00e4r ett livsmedel som erh\u00e5lls genom att uts\u00e4tta lax [&hellip;]<\/p>\n","protected":false},"featured_media":12606,"template":"","meta":{"_et_pb_use_builder":"","_et_pb_old_content":"","_et_gb_content_width":""},"product_brand":[1361],"product_cat":[7694,1804,7695],"product_tag":[],"class_list":{"0":"post-33994","1":"product","2":"type-product","3":"status-publish","4":"has-post-thumbnail","6":"product_brand-ahumados-fernandez-molina","7":"product_cat-julspecial","8":"product_cat-kall","9":"product_cat-lax","10":"product_shipping_class-kall-sandning","12":"first","13":"instock","14":"sale","15":"taxable","16":"shipping-taxable","17":"purchasable","18":"product-type-variable"},"_links":{"self":[{"href":"https:\/\/myspainfood.com\/sv\/wp-json\/wp\/v2\/product\/33994","targetHints":{"allow":["GET"]}}],"collection":[{"href":"https:\/\/myspainfood.com\/sv\/wp-json\/wp\/v2\/product"}],"about":[{"href":"https:\/\/myspainfood.com\/sv\/wp-json\/wp\/v2\/types\/product"}],"wp:featuredmedia":[{"embeddable":true,"href":"https:\/\/myspainfood.com\/sv\/wp-json\/wp\/v2\/media\/12606"}],"wp:attachment":[{"href":"https:\/\/myspainfood.com\/sv\/wp-json\/wp\/v2\/media?parent=33994"}],"wp:term":[{"taxonomy":"product_brand","embeddable":true,"href":"https:\/\/myspainfood.com\/sv\/wp-json\/wp\/v2\/product_brand?post=33994"},{"taxonomy":"product_cat","embeddable":true,"href":"https:\/\/myspainfood.com\/sv\/wp-json\/wp\/v2\/product_cat?post=33994"},{"taxonomy":"product_tag","embeddable":true,"href":"https:\/\/myspainfood.com\/sv\/wp-json\/wp\/v2\/product_tag?post=33994"}],"curies":[{"name":"wp","href":"https:\/\/api.w.org\/{rel}","templated":true}]}}