{"id":34038,"date":"2025-04-10T12:09:58","date_gmt":"2025-04-10T10:09:58","guid":{"rendered":"https:\/\/myspainfood.com\/producto\/banderillas-extra-kryddig-chicon-900-gram-forpackning-6-st\/"},"modified":"2025-04-10T12:09:58","modified_gmt":"2025-04-10T10:09:58","slug":"banderillas-extra-kryddig-chicon-900-gram-forpackning-6-st","status":"publish","type":"product","link":"https:\/\/myspainfood.com\/sv\/producto\/banderillas-extra-kryddig-chicon-900-gram-forpackning-6-st\/","title":{"rendered":"Banderillas Extra (kryddig) Chic\u00f3n 900 gram f\u00f6rpackning 6 st"},"content":{"rendered":"<p>Banderillas extra picantes \u00e4r <a href=\"https:\/\/aceitunaschiconlebron.com\/catalogo\/banderillas-picantes\/\" target=\"_blank\" rel=\"noopener noreferrer nofollow\">pickles<\/a> som konsumeras som en aptitretare varje dag som en matr\u00e4tt i m\u00e5nga h\u00f6rn av v\u00e5rt land.<\/p>\n<p>Den blandning av smaker som ingredienserna ger tillsammans med vin\u00e4ger och chilins kryddighet ger en speciell smak till v\u00e5ra kryddiga banderillas.<\/p>\n<p>De kryddiga banderillerna best\u00e5r vanligtvis av gurka, chili, l\u00f6k, oliver och paprika. Det \u00e4r d\u00e4rf\u00f6r blandningen av dessa smaker \u00e4r s\u00e5 uts\u00f6kt. <\/p>\n<h3><strong>F\u00f6rdelar med extra kryddiga banderiller<\/strong><\/h3>\n<p>K\u00e4nde du till f\u00f6rdelarna med kryddiga banderiller och inlagda gr\u00f6nsaker i allm\u00e4nhet? H\u00e4r \u00e4r en lista \u00f6ver de viktigaste: <\/p>\n<ul>\n<li>Rik p\u00e5 probiotika.<\/li>\n<li>De underl\u00e4ttar matsm\u00e4ltningen.<\/li>\n<li>De st\u00e4rker immunf\u00f6rsvaret.<\/li>\n<li>De minskar suget efter socker.<\/li>\n<li>Gynnsamt f\u00f6r gallbl\u00e5san.<\/li>\n<\/ul>\n<p>&nbsp;<\/p>\n<p>Om du vill k\u00f6pa oliver eller n\u00e5gon annan typ av <a href=\"https:\/\/latiendadesami.com\/categoria-producto\/encurtidos\/\" rel=\"noopener noreferrer nofollow\" target=\"_blank\">inlagd mat,<\/a> tveka inte att ta en titt p\u00e5 v\u00e5r onlinekatalog f\u00f6r att se det stora utbudet av <a href=\"https:\/\/latiendadesami.com\/categoria-producto\/encurtidos\/aceitunas\/\" target=\"_blank\" rel=\"noopener noreferrer nofollow\">oliver<\/a> vi har.<\/p>\n","protected":false},"excerpt":{"rendered":"<p>banderillas picante<\/p>\n<p>Beror p\u00e5 antal<\/p>\n","protected":false},"featured_media":12273,"template":"","meta":{"_et_pb_use_builder":"","_et_pb_old_content":"","_et_gb_content_width":""},"product_brand":[1036],"product_cat":[3086,2831],"product_tag":[4109,2099],"class_list":{"0":"post-34038","1":"product","2":"type-product","3":"status-publish","4":"has-post-thumbnail","6":"product_brand-chicon","7":"product_cat-inlagda-gronsaker-sv","8":"product_cat-partihandel","9":"product_tag-extra-sv","10":"product_tag-kryddig","12":"first","13":"instock","14":"taxable","15":"shipping-taxable","16":"purchasable","17":"product-type-variable"},"_links":{"self":[{"href":"https:\/\/myspainfood.com\/sv\/wp-json\/wp\/v2\/product\/34038","targetHints":{"allow":["GET"]}}],"collection":[{"href":"https:\/\/myspainfood.com\/sv\/wp-json\/wp\/v2\/product"}],"about":[{"href":"https:\/\/myspainfood.com\/sv\/wp-json\/wp\/v2\/types\/product"}],"wp:featuredmedia":[{"embeddable":true,"href":"https:\/\/myspainfood.com\/sv\/wp-json\/wp\/v2\/media\/12273"}],"wp:attachment":[{"href":"https:\/\/myspainfood.com\/sv\/wp-json\/wp\/v2\/media?parent=34038"}],"wp:term":[{"taxonomy":"product_brand","embeddable":true,"href":"https:\/\/myspainfood.com\/sv\/wp-json\/wp\/v2\/product_brand?post=34038"},{"taxonomy":"product_cat","embeddable":true,"href":"https:\/\/myspainfood.com\/sv\/wp-json\/wp\/v2\/product_cat?post=34038"},{"taxonomy":"product_tag","embeddable":true,"href":"https:\/\/myspainfood.com\/sv\/wp-json\/wp\/v2\/product_tag?post=34038"}],"curies":[{"name":"wp","href":"https:\/\/api.w.org\/{rel}","templated":true}]}}