{"id":34158,"date":"2025-04-10T12:09:58","date_gmt":"2025-04-10T10:09:58","guid":{"rendered":"https:\/\/myspainfood.com\/producto\/chicon-extra-oliver-gurkor-900-gram-forpackning-6-enheter\/"},"modified":"2025-04-10T12:09:58","modified_gmt":"2025-04-10T10:09:58","slug":"chicon-extra-oliver-gurkor-900-gram-forpackning-6-enheter","status":"publish","type":"product","link":"https:\/\/myspainfood.com\/sv\/producto\/chicon-extra-oliver-gurkor-900-gram-forpackning-6-enheter\/","title":{"rendered":"Chic\u00f3n Extra Oliver Gurkor 900 gram f\u00f6rpackning 6 enheter"},"content":{"rendered":"<p><a href=\"https:\/\/aceitunaschiconlebron.com\/\" target=\"_blank\" rel=\"noopener noreferrer nofollow\">Chic\u00f3n<\/a> Extra Gurkor tillverkas i Antequera, Malaga.<\/p>\n<p>De tillverkas enligt det traditionella receptet och p\u00e5 traditionellt s\u00e4tt.<\/p>\n<p>Det \u00e4r extra sm\u00e5, mjuka gurkor med en l\u00e4tt och aptitretande vin\u00e4gerk\u00e4nsla.<\/p>\n<p>Blandningen av smaker fr\u00e5n ingredienserna tillsammans med en touch av vin\u00e4ger ger den en speciell smak som \u00e4r mycket behaglig f\u00f6r gommen.<\/p>\n<p>Pickles \u00e4r ett mellanm\u00e5l som st\u00e4rker immunf\u00f6rsvaret, vilket inneb\u00e4r att de st\u00f6der kroppens f\u00f6rsvar och den allm\u00e4nna h\u00e4lsan.<\/p>\n<h3><strong>F\u00f6rdelar med extra gurkor<\/strong><\/h3>\n<p>K\u00e4nde du till f\u00f6rdelarna med pickles i allm\u00e4nhet? H\u00e4r \u00e4r en lista \u00f6ver de viktigaste: <\/p>\n<ul>\n<li>Rik p\u00e5 probiotika.<\/li>\n<li>De underl\u00e4ttar matsm\u00e4ltningen.<\/li>\n<li>De st\u00e4rker immunf\u00f6rsvaret.<\/li>\n<li>De minskar suget efter socker.<\/li>\n<li>Gynnsamt f\u00f6r gallbl\u00e5san.<\/li>\n<\/ul>\n<p>Om du vill k\u00f6pa oliver eller n\u00e5gon annan typ av <a href=\"https:\/\/latiendadesami.com\/categoria-producto\/encurtidos\/\" rel=\"noopener noreferrer nofollow\" target=\"_blank\">inlagd mat,<\/a> tveka inte att ta en titt p\u00e5 v\u00e5r onlinekatalog f\u00f6r att se det stora utbudet av <a href=\"https:\/\/latiendadesami.com\/categoria-producto\/encurtidos\/pepinillos\/\" target=\"_blank\" rel=\"noopener noreferrer nofollow\">oliver<\/a> vi har.<\/p>\n","protected":false},"excerpt":{"rendered":"<p>Chic\u00f3n Extra Gurkor tillverkas i Antequera, Malaga. De tillverkas enligt det traditionella receptet och p\u00e5 traditionellt s\u00e4tt. Det \u00e4r extra sm\u00e5, mjuka gurkor med en l\u00e4tt och aptitretande vin\u00e4gerk\u00e4nsla. Blandningen av smaker fr\u00e5n ingredienserna tillsammans med en touch av vin\u00e4ger ger den en speciell smak som \u00e4r mycket behaglig f\u00f6r gommen. Pickles \u00e4r ett mellanm\u00e5l [&hellip;]<\/p>\n","protected":false},"featured_media":7071,"template":"","meta":{"_et_pb_use_builder":"","_et_pb_old_content":"","_et_gb_content_width":""},"product_brand":[1036],"product_cat":[3086,2831],"product_tag":[4109],"class_list":{"0":"post-34158","1":"product","2":"type-product","3":"status-publish","4":"has-post-thumbnail","6":"product_brand-chicon","7":"product_cat-inlagda-gronsaker-sv","8":"product_cat-partihandel","9":"product_tag-extra-sv","11":"first","12":"outofstock","13":"taxable","14":"shipping-taxable","15":"purchasable","16":"product-type-variable"},"_links":{"self":[{"href":"https:\/\/myspainfood.com\/sv\/wp-json\/wp\/v2\/product\/34158","targetHints":{"allow":["GET"]}}],"collection":[{"href":"https:\/\/myspainfood.com\/sv\/wp-json\/wp\/v2\/product"}],"about":[{"href":"https:\/\/myspainfood.com\/sv\/wp-json\/wp\/v2\/types\/product"}],"wp:featuredmedia":[{"embeddable":true,"href":"https:\/\/myspainfood.com\/sv\/wp-json\/wp\/v2\/media\/7071"}],"wp:attachment":[{"href":"https:\/\/myspainfood.com\/sv\/wp-json\/wp\/v2\/media?parent=34158"}],"wp:term":[{"taxonomy":"product_brand","embeddable":true,"href":"https:\/\/myspainfood.com\/sv\/wp-json\/wp\/v2\/product_brand?post=34158"},{"taxonomy":"product_cat","embeddable":true,"href":"https:\/\/myspainfood.com\/sv\/wp-json\/wp\/v2\/product_cat?post=34158"},{"taxonomy":"product_tag","embeddable":true,"href":"https:\/\/myspainfood.com\/sv\/wp-json\/wp\/v2\/product_tag?post=34158"}],"curies":[{"name":"wp","href":"https:\/\/api.w.org\/{rel}","templated":true}]}}