{"id":34673,"date":"2025-04-10T12:10:13","date_gmt":"2025-04-10T10:10:13","guid":{"rendered":"https:\/\/myspainfood.com\/producto\/flor-de-esgueva-viejo-ost-32-kg\/"},"modified":"2025-09-02T10:47:01","modified_gmt":"2025-09-02T08:47:01","slug":"flor-de-esgueva-viejo-ost-32-kg","status":"publish","type":"product","link":"https:\/\/myspainfood.com\/sv\/producto\/flor-de-esgueva-viejo-ost-32-kg\/","title":{"rendered":"Flor de Esgueva Viejo Ost 3,2 kg"},"content":{"rendered":"<div class=\"et_pb_blurb_container\">\n<div class=\"et_pb_blurb_container\">\n<h1 class=\"vc_custom_heading\">Blomma i Esgueva Viejo<\/h1>\n<p class=\"vc_custom_heading us_custom_c587e30b\">Tillverkas endast av obehandlad f\u00e5rmj\u00f6lk och lagras i naturlig skorpa i minst 7 m\u00e5nader.<\/p>\n<div class=\"wpb_text_column us_custom_afe9a513\">\n<div class=\"wpb_wrapper\">\n<p>Det h\u00e4r \u00e4r perfektion n\u00e4r det g\u00e4ller intensitet och konsistens. Det \u00e4r en mycket l\u00e4mplig ost f\u00f6r ost\u00e4lskare som gillar en elastisk och n\u00e4stan sm\u00e4ltande konsistens, men utan att f\u00f6rlora den rena f\u00e5rsmaken och intensiteten i munnen. Den har en l\u00e5ng och best\u00e5ende eftersmak, som l\u00e4mnar en behaglig k\u00e4nsla i n\u00e5gra minuter.  <\/p>\n<\/div>\n<\/div>\n<\/div>\n<\/div>\n","protected":false},"excerpt":{"rendered":"<p>Blomma i Esgueva Viejo Tillverkas endast av obehandlad f\u00e5rmj\u00f6lk och lagras i naturlig skorpa i minst 7 m\u00e5nader. Det h\u00e4r \u00e4r perfektion n\u00e4r det g\u00e4ller intensitet och konsistens. Det \u00e4r en mycket l\u00e4mplig ost f\u00f6r ost\u00e4lskare som gillar en elastisk och n\u00e4stan sm\u00e4ltande konsistens, men utan att f\u00f6rlora den rena f\u00e5rsmaken och intensiteten i munnen. [&hellip;]<\/p>\n","protected":false},"featured_media":12660,"template":"","meta":{"_et_pb_use_builder":"","_et_pb_old_content":"","_et_gb_content_width":""},"product_brand":[1367],"product_cat":[2726,1804,2254],"product_tag":[],"class_list":{"0":"post-34673","1":"product","2":"type-product","3":"status-publish","4":"has-post-thumbnail","6":"product_brand-flor-de-esgueva","7":"product_cat-hardning","8":"product_cat-kall","9":"product_cat-ost-och-korv","10":"product_shipping_class-kall-sandning","12":"first","13":"outofstock","14":"taxable","15":"shipping-taxable","16":"purchasable","17":"product-type-variable"},"_links":{"self":[{"href":"https:\/\/myspainfood.com\/sv\/wp-json\/wp\/v2\/product\/34673","targetHints":{"allow":["GET"]}}],"collection":[{"href":"https:\/\/myspainfood.com\/sv\/wp-json\/wp\/v2\/product"}],"about":[{"href":"https:\/\/myspainfood.com\/sv\/wp-json\/wp\/v2\/types\/product"}],"wp:featuredmedia":[{"embeddable":true,"href":"https:\/\/myspainfood.com\/sv\/wp-json\/wp\/v2\/media\/12660"}],"wp:attachment":[{"href":"https:\/\/myspainfood.com\/sv\/wp-json\/wp\/v2\/media?parent=34673"}],"wp:term":[{"taxonomy":"product_brand","embeddable":true,"href":"https:\/\/myspainfood.com\/sv\/wp-json\/wp\/v2\/product_brand?post=34673"},{"taxonomy":"product_cat","embeddable":true,"href":"https:\/\/myspainfood.com\/sv\/wp-json\/wp\/v2\/product_cat?post=34673"},{"taxonomy":"product_tag","embeddable":true,"href":"https:\/\/myspainfood.com\/sv\/wp-json\/wp\/v2\/product_tag?post=34673"}],"curies":[{"name":"wp","href":"https:\/\/api.w.org\/{rel}","templated":true}]}}