{"id":34783,"date":"2025-04-10T12:09:51","date_gmt":"2025-04-10T10:09:51","guid":{"rendered":"https:\/\/myspainfood.com\/producto\/vin-cucamonas-verdejo-de-rueda-2022-bodegas-gotica-120-flaskor\/"},"modified":"2025-04-10T12:09:51","modified_gmt":"2025-04-10T10:09:51","slug":"vin-cucamonas-verdejo-de-rueda-2022-bodegas-gotica-120-flaskor","status":"publish","type":"product","link":"https:\/\/myspainfood.com\/sv\/producto\/vin-cucamonas-verdejo-de-rueda-2022-bodegas-gotica-120-flaskor\/","title":{"rendered":"Vin Cucamonas verdejo de Rueda 2022 bodegas G\u00f3tica 120 flaskor"},"content":{"rendered":"<p><strong>Verdejo - <em>100% Verdejo<\/em><\/strong><\/p>\n<p>Med 100% Verdejo-druvor, den viktigaste sorten i DO. Rueda. Det producerar h\u00f6gkvalitativa viner, fr\u00e4scha, mycket fruktiga, gr\u00f6ngula i f\u00e4rgen, med citrusaromer, fylliga och mycket glyceriska.  <\/p>\n<p>&nbsp;<\/p>\n","protected":false},"excerpt":{"rendered":"<p>Cucamonas Verdejo Rueda 2022<\/p>\n","protected":false},"featured_media":8619,"template":"","meta":{"_et_pb_use_builder":"","_et_pb_old_content":"","_et_gb_content_width":""},"product_brand":[1140],"product_cat":[4847,2831,4848],"product_tag":[7236,7237],"class_list":{"0":"post-34783","1":"product","2":"type-product","3":"status-publish","4":"has-post-thumbnail","6":"product_brand-ladera-de-los-obispos","7":"product_cat-drycker","8":"product_cat-partihandel","9":"product_cat-vin","10":"product_tag-gotisk-sv","11":"product_tag-hjul-sv","13":"first","14":"outofstock","15":"featured","16":"taxable","17":"shipping-taxable","18":"purchasable","19":"product-type-simple"},"_links":{"self":[{"href":"https:\/\/myspainfood.com\/sv\/wp-json\/wp\/v2\/product\/34783","targetHints":{"allow":["GET"]}}],"collection":[{"href":"https:\/\/myspainfood.com\/sv\/wp-json\/wp\/v2\/product"}],"about":[{"href":"https:\/\/myspainfood.com\/sv\/wp-json\/wp\/v2\/types\/product"}],"wp:featuredmedia":[{"embeddable":true,"href":"https:\/\/myspainfood.com\/sv\/wp-json\/wp\/v2\/media\/8619"}],"wp:attachment":[{"href":"https:\/\/myspainfood.com\/sv\/wp-json\/wp\/v2\/media?parent=34783"}],"wp:term":[{"taxonomy":"product_brand","embeddable":true,"href":"https:\/\/myspainfood.com\/sv\/wp-json\/wp\/v2\/product_brand?post=34783"},{"taxonomy":"product_cat","embeddable":true,"href":"https:\/\/myspainfood.com\/sv\/wp-json\/wp\/v2\/product_cat?post=34783"},{"taxonomy":"product_tag","embeddable":true,"href":"https:\/\/myspainfood.com\/sv\/wp-json\/wp\/v2\/product_tag?post=34783"}],"curies":[{"name":"wp","href":"https:\/\/api.w.org\/{rel}","templated":true}]}}