{"id":37191,"date":"2025-04-10T12:11:40","date_gmt":"2025-04-10T10:11:40","guid":{"rendered":"https:\/\/myspainfood.com\/producto\/andalusisk-gazpacho-med-extra-jungfruolivolja-arteoliva-1-liter\/"},"modified":"2026-01-29T12:26:00","modified_gmt":"2026-01-29T11:26:00","slug":"andalusisk-gazpacho-med-extra-jungfruolivolja-arteoliva-1-liter","status":"publish","type":"product","link":"https:\/\/myspainfood.com\/sv\/producto\/andalusisk-gazpacho-med-extra-jungfruolivolja-arteoliva-1-liter\/","title":{"rendered":"Andalusisk Gazpacho med extra jungfruolivolja ARTEOLIVA 1 liter"},"content":{"rendered":"<p>Det \u00e4r en produkt som troget f\u00f6ljer det traditionella receptet f\u00f6r den \u00e4kta andalusiska gazpachon. Den inneh\u00e5ller f\u00e4rska gr\u00f6nsaker av h\u00f6gsta kvalitet som tomat, gurka, peppar, vitl\u00f6k, extra jungfruolivolja och br\u00f6d, sherryvin\u00e4ger, vatten och havssalt. Till skillnad fr\u00e5n andra produkter p\u00e5 marknaden inneh\u00e5ller &#8221;ArteOliva&#8221; gazpacho mer extra jungfruolivolja och br\u00f6d, vilket anses vara en viktig ingrediens i det traditionella receptet.  <\/p>\n","protected":false},"excerpt":{"rendered":"<p>Det \u00e4r en produkt som troget f\u00f6ljer det traditionella receptet f\u00f6r den \u00e4kta andalusiska gazpachon. Den inneh\u00e5ller f\u00e4rska gr\u00f6nsaker av h\u00f6gsta kvalitet som tomat, gurka, peppar, vitl\u00f6k, extra jungfruolivolja och br\u00f6d, sherryvin\u00e4ger, vatten och havssalt. Till skillnad fr\u00e5n andra produkter p\u00e5 marknaden inneh\u00e5ller &#8221;ArteOliva&#8221; gazpacho mer extra jungfruolivolja och br\u00f6d, vilket anses vara en viktig [&hellip;]<\/p>\n","protected":false},"featured_media":14091,"template":"","meta":{"_et_pb_use_builder":"","_et_pb_old_content":"","_et_gb_content_width":""},"product_brand":[1457],"product_cat":[4847,2211,1986],"product_tag":[],"class_list":{"0":"post-37191","1":"product","2":"type-product","3":"status-publish","4":"has-post-thumbnail","6":"product_brand-arteoliva","7":"product_cat-drycker","8":"product_cat-extra-jungfruolja","9":"product_cat-konserver-sv","11":"first","12":"outofstock","13":"taxable","14":"shipping-taxable","15":"product-type-variable"},"_links":{"self":[{"href":"https:\/\/myspainfood.com\/sv\/wp-json\/wp\/v2\/product\/37191","targetHints":{"allow":["GET"]}}],"collection":[{"href":"https:\/\/myspainfood.com\/sv\/wp-json\/wp\/v2\/product"}],"about":[{"href":"https:\/\/myspainfood.com\/sv\/wp-json\/wp\/v2\/types\/product"}],"wp:featuredmedia":[{"embeddable":true,"href":"https:\/\/myspainfood.com\/sv\/wp-json\/wp\/v2\/media\/14091"}],"wp:attachment":[{"href":"https:\/\/myspainfood.com\/sv\/wp-json\/wp\/v2\/media?parent=37191"}],"wp:term":[{"taxonomy":"product_brand","embeddable":true,"href":"https:\/\/myspainfood.com\/sv\/wp-json\/wp\/v2\/product_brand?post=37191"},{"taxonomy":"product_cat","embeddable":true,"href":"https:\/\/myspainfood.com\/sv\/wp-json\/wp\/v2\/product_cat?post=37191"},{"taxonomy":"product_tag","embeddable":true,"href":"https:\/\/myspainfood.com\/sv\/wp-json\/wp\/v2\/product_tag?post=37191"}],"curies":[{"name":"wp","href":"https:\/\/api.w.org\/{rel}","templated":true}]}}