{"id":37306,"date":"2025-04-10T12:05:45","date_gmt":"2025-04-10T10:05:45","guid":{"rendered":"https:\/\/myspainfood.com\/producto\/aggrora-45-kg\/"},"modified":"2025-04-10T12:05:45","modified_gmt":"2025-04-10T10:05:45","slug":"aggrora-45-kg","status":"publish","type":"product","link":"https:\/\/myspainfood.com\/sv\/producto\/aggrora-45-kg\/","title":{"rendered":"\u00c4ggr\u00f6ra 4,5 kg"},"content":{"rendered":"<p>Den h\u00e4r 4,5 kg tunga r\u00f6ran med inlagda gr\u00f6nsaker i vatten, salt och vin\u00e4ger inneh\u00e5ller oliver, l\u00f6k och gurkor.<\/p>\n<p>Denna <a href=\"https:\/\/www.google.com\/search?q=revuelto+aceitunas+s%C3%A1ngar&amp;sxsrf=APq-WBt1wkTZta0IAEDoueZPBxEuaY8Dtw:1644308614563&amp;source=lnms&amp;tbm=isch&amp;sa=X&amp;ved=2ahUKEwjouvz21u_1AhVV_rsIHacjBd0Q_AUoAXoECAEQAw&amp;biw=1577&amp;bih=780&amp;dpr=1\" target=\"_blank\" rel=\"noopener noreferrer nofollow\">kombination<\/a> av oliver och pickles g\u00f6r det m\u00f6jligt att njuta av en oslagbar smak i dina tapas eller aptitretare.<\/p>\n<p>Det \u00e4r ett mycket h\u00e4lsosamt komplement till v\u00e5r traditionella n\u00e4ringsrika medelhavskost.<\/p>\n<p>I Spanien hittar vi oliver, gurkor, almagro-auberginer, mor\u00f6tter, l\u00f6k, mycket traditionellt kapris, vitl\u00f6k eller till och med en blandning av dem.<\/p>\n<p>De serveras ofta som tapas till \u00f6l (inte till vin p\u00e5 grund av vin\u00e4gerhalten).<\/p>\n<p>Pickles har g\u00e5tt fr\u00e5n att vara en urgammal teknik f\u00f6r att konservera mat \u00f6ver hela v\u00e4rlden till att vara en av de mest popul\u00e4ra tapas eller aptitretare i spansk gastronomi.<\/p>\n<h3><strong>F\u00f6rdelar med \u00c4ggr\u00f6ra 4,5 kg<\/strong><\/h3>\n<p>Visste du vad som \u00e4r f\u00f6rdelarna med 4,5 kg \u00e4ggr\u00f6ra och pickles i allm\u00e4nhet? H\u00e4r \u00e4r en lista \u00f6ver de viktigaste: <\/p>\n<ul>\n<li>Rik p\u00e5 probiotika.<\/li>\n<li>De underl\u00e4ttar matsm\u00e4ltningen.<\/li>\n<li>De st\u00e4rker immunf\u00f6rsvaret.<\/li>\n<li>De minskar suget efter socker.<\/li>\n<li>Gynnsamt f\u00f6r gallbl\u00e5san.<\/li>\n<\/ul>\n<p>&nbsp;<\/p>\n<p>Om du vill k\u00f6pa oliver eller n\u00e5gon annan typ av <a href=\"https:\/\/latiendadesami.com\/categoria-producto\/encurtidos\/\" rel=\"noopener noreferrer nofollow\" target=\"_blank\">gurka<\/a>, tveka inte att ta en titt p\u00e5 v\u00e5r onlinekatalog f\u00f6r att se det stora utbudet av <a href=\"https:\/\/latiendadesami.com\/categoria-producto\/encurtidos\/aceitunas\/\" target=\"_blank\" rel=\"noopener noreferrer nofollow\">oliver<\/a> eller Revuelto 4,5 kg som vi har.<\/p>\n<p>Skriv till oss om du vill ha mer information.<\/p>\n","protected":false},"excerpt":{"rendered":"<p>Den h\u00e4r 4,5 kg tunga r\u00f6ran med inlagda gr\u00f6nsaker i vatten, salt och vin\u00e4ger inneh\u00e5ller oliver, l\u00f6k och gurkor. Denna kombination av oliver och pickles g\u00f6r det m\u00f6jligt att njuta av en oslagbar smak i dina tapas eller aptitretare. Det \u00e4r ett mycket h\u00e4lsosamt komplement till v\u00e5r traditionella n\u00e4ringsrika medelhavskost. I Spanien hittar vi oliver, [&hellip;]<\/p>\n","protected":false},"featured_media":7764,"template":"","meta":{"_et_pb_use_builder":"","_et_pb_old_content":"","_et_gb_content_width":""},"product_brand":[1069],"product_cat":[2006,1585,1586],"product_tag":[8098],"class_list":{"0":"post-37306","1":"product","2":"type-product","3":"status-publish","4":"has-post-thumbnail","6":"product_brand-sangar","7":"product_cat-gurkor","8":"product_cat-inlagda-gronsaker","9":"product_cat-oliver","10":"product_tag-aggrora","12":"first","13":"outofstock","14":"taxable","15":"shipping-taxable","16":"purchasable","17":"product-type-simple"},"_links":{"self":[{"href":"https:\/\/myspainfood.com\/sv\/wp-json\/wp\/v2\/product\/37306","targetHints":{"allow":["GET"]}}],"collection":[{"href":"https:\/\/myspainfood.com\/sv\/wp-json\/wp\/v2\/product"}],"about":[{"href":"https:\/\/myspainfood.com\/sv\/wp-json\/wp\/v2\/types\/product"}],"wp:featuredmedia":[{"embeddable":true,"href":"https:\/\/myspainfood.com\/sv\/wp-json\/wp\/v2\/media\/7764"}],"wp:attachment":[{"href":"https:\/\/myspainfood.com\/sv\/wp-json\/wp\/v2\/media?parent=37306"}],"wp:term":[{"taxonomy":"product_brand","embeddable":true,"href":"https:\/\/myspainfood.com\/sv\/wp-json\/wp\/v2\/product_brand?post=37306"},{"taxonomy":"product_cat","embeddable":true,"href":"https:\/\/myspainfood.com\/sv\/wp-json\/wp\/v2\/product_cat?post=37306"},{"taxonomy":"product_tag","embeddable":true,"href":"https:\/\/myspainfood.com\/sv\/wp-json\/wp\/v2\/product_tag?post=37306"}],"curies":[{"name":"wp","href":"https:\/\/api.w.org\/{rel}","templated":true}]}}