{"id":37366,"date":"2025-04-10T12:08:44","date_gmt":"2025-04-10T10:08:44","guid":{"rendered":"https:\/\/myspainfood.com\/producto\/lin-octopus-60-enheter\/"},"modified":"2025-07-28T10:37:45","modified_gmt":"2025-07-28T08:37:45","slug":"lin-octopus-60-enheter","status":"publish","type":"product","link":"https:\/\/myspainfood.com\/sv\/producto\/lin-octopus-60-enheter\/","title":{"rendered":"Lin Octopus 60 enheter"},"content":{"rendered":"<p>Olja (85% solros, 15% oliv), bl\u00e4ckfisk, ansjovis, fyllda oliver, r\u00f6d paprika, gurka och l\u00f6k.<\/p>\n","protected":false},"excerpt":{"rendered":"<p>Olja (85% solros, 15% oliv), bl\u00e4ckfisk, ansjovis, fyllda oliver, r\u00f6d paprika, gurka och l\u00f6k.<\/p>\n","protected":false},"featured_media":11292,"template":"","meta":{"_et_pb_use_builder":"","_et_pb_old_content":"","_et_gb_content_width":""},"product_brand":[],"product_cat":[1806,8111,2006,1585,1804,1586,1808],"product_tag":[],"class_list":{"0":"post-37366","1":"product","2":"type-product","3":"status-publish","4":"has-post-thumbnail","6":"product_cat-ansjovis","7":"product_cat-blackfisk","8":"product_cat-gurkor","9":"product_cat-inlagda-gronsaker","10":"product_cat-kall","11":"product_cat-oliver","12":"product_cat-pintxos-sv","13":"product_shipping_class-kall-sandning","15":"first","16":"instock","17":"taxable","18":"shipping-taxable","19":"purchasable","20":"product-type-simple"},"_links":{"self":[{"href":"https:\/\/myspainfood.com\/sv\/wp-json\/wp\/v2\/product\/37366","targetHints":{"allow":["GET"]}}],"collection":[{"href":"https:\/\/myspainfood.com\/sv\/wp-json\/wp\/v2\/product"}],"about":[{"href":"https:\/\/myspainfood.com\/sv\/wp-json\/wp\/v2\/types\/product"}],"wp:featuredmedia":[{"embeddable":true,"href":"https:\/\/myspainfood.com\/sv\/wp-json\/wp\/v2\/media\/11292"}],"wp:attachment":[{"href":"https:\/\/myspainfood.com\/sv\/wp-json\/wp\/v2\/media?parent=37366"}],"wp:term":[{"taxonomy":"product_brand","embeddable":true,"href":"https:\/\/myspainfood.com\/sv\/wp-json\/wp\/v2\/product_brand?post=37366"},{"taxonomy":"product_cat","embeddable":true,"href":"https:\/\/myspainfood.com\/sv\/wp-json\/wp\/v2\/product_cat?post=37366"},{"taxonomy":"product_tag","embeddable":true,"href":"https:\/\/myspainfood.com\/sv\/wp-json\/wp\/v2\/product_tag?post=37366"}],"curies":[{"name":"wp","href":"https:\/\/api.w.org\/{rel}","templated":true}]}}