{"id":37746,"date":"2025-04-10T12:10:07","date_gmt":"2025-04-10T10:10:07","guid":{"rendered":"https:\/\/myspainfood.com\/producto\/assorted-iberian-pates-gourmet-cazorla\/"},"modified":"2025-04-10T12:10:07","modified_gmt":"2025-04-10T10:10:07","slug":"assorted-iberian-pates-gourmet-cazorla","status":"publish","type":"product","link":"https:\/\/myspainfood.com\/sv\/producto\/assorted-iberian-pates-gourmet-cazorla\/","title":{"rendered":"Assorted Iberian P\u00e2t\u00e9s Gourmet Cazorla"},"content":{"rendered":"<p>Denna l\u00e5da inneh\u00e5ller 6 av v\u00e5ra traditionella Gourmet Cazorla-pat\u00e9er.<\/p>\n<p> Den perfekta presenten till dina n\u00e4ra och k\u00e4ra &#8230; p\u00e5 f\u00f6delsedagen, till jul, som tack f\u00f6r en insats eller bara f\u00f6r att, och till dig ocks\u00e5 f\u00f6r att du f\u00f6rtj\u00e4nar det.<\/p>\n","protected":false},"excerpt":{"rendered":"<p>Denna l\u00e5da inneh\u00e5ller 6 av v\u00e5ra traditionella Gourmet Cazorla-pat\u00e9er. Den perfekta presenten till dina n\u00e4ra och k\u00e4ra &#8230; p\u00e5 f\u00f6delsedagen, till jul, som tack f\u00f6r en insats eller bara f\u00f6r att, och till dig ocks\u00e5 f\u00f6r att du f\u00f6rtj\u00e4nar det.<\/p>\n","protected":false},"featured_media":12390,"template":"","meta":{"_et_pb_use_builder":"","_et_pb_old_content":"","_et_gb_content_width":""},"product_brand":[],"product_cat":[1986,8158],"product_tag":[],"class_list":{"0":"post-37746","1":"product","2":"type-product","3":"status-publish","4":"has-post-thumbnail","6":"product_cat-konserver-sv","7":"product_cat-pate-sv","9":"first","10":"instock","11":"taxable","12":"shipping-taxable","13":"purchasable","14":"product-type-simple"},"_links":{"self":[{"href":"https:\/\/myspainfood.com\/sv\/wp-json\/wp\/v2\/product\/37746","targetHints":{"allow":["GET"]}}],"collection":[{"href":"https:\/\/myspainfood.com\/sv\/wp-json\/wp\/v2\/product"}],"about":[{"href":"https:\/\/myspainfood.com\/sv\/wp-json\/wp\/v2\/types\/product"}],"wp:featuredmedia":[{"embeddable":true,"href":"https:\/\/myspainfood.com\/sv\/wp-json\/wp\/v2\/media\/12390"}],"wp:attachment":[{"href":"https:\/\/myspainfood.com\/sv\/wp-json\/wp\/v2\/media?parent=37746"}],"wp:term":[{"taxonomy":"product_brand","embeddable":true,"href":"https:\/\/myspainfood.com\/sv\/wp-json\/wp\/v2\/product_brand?post=37746"},{"taxonomy":"product_cat","embeddable":true,"href":"https:\/\/myspainfood.com\/sv\/wp-json\/wp\/v2\/product_cat?post=37746"},{"taxonomy":"product_tag","embeddable":true,"href":"https:\/\/myspainfood.com\/sv\/wp-json\/wp\/v2\/product_tag?post=37746"}],"curies":[{"name":"wp","href":"https:\/\/api.w.org\/{rel}","templated":true}]}}