{"id":37759,"date":"2025-04-10T12:10:38","date_gmt":"2025-04-10T10:10:38","guid":{"rendered":"https:\/\/myspainfood.com\/producto\/aubergine-med-almagro-beredning-50-60-bitar\/"},"modified":"2025-04-10T12:10:38","modified_gmt":"2025-04-10T10:10:38","slug":"aubergine-med-almagro-beredning-50-60-bitar","status":"publish","type":"product","link":"https:\/\/myspainfood.com\/sv\/producto\/aubergine-med-almagro-beredning-50-60-bitar\/","title":{"rendered":"Aubergine med Almagro-beredning 50\/60 bitar"},"content":{"rendered":"<p>Aubergena embuchada de Almagro \u00e4r en traditionell produkt fr\u00e5n regionen Campo de Calatrava, i hj\u00e4rtat av La <a href=\"https:\/\/www.laencajera.es\/berenjenas-de-almagro\" target=\"_blank\" rel=\"noopener noreferrer nofollow\">Mancha<\/a>.<\/p>\n<p>En produkt med skyddad geografisk beteckning som har blivit en gastronomisk referenspunkt, oavsett om det \u00e4r som aperitif, i varma eller kalla r\u00e4tter.<\/p>\n<p>Ingredienser: Aubergine &#8221;De Almagro&#8221;, vatten, salt, vin\u00e4ger, peppar, f\u00e4nk\u00e5l, naturliga kryddor (vitl\u00f6k, spiskummin, paprika, olivolja), smakf\u00f6rst\u00e4rkare (E-621), syrabildande medel (E-330), konserveringsmedel (E-270, E-211, E-202E-223), antioxidant (E-300) och naturliga aromer.<\/p>\n<p>F\u00f6rvaras svalt och torrt, mellan 3\u00baC och 10\u00baC.<\/p>\n<p>Skydda mot solljus och starka lukter.<\/p>\n<p>Aubergine fr\u00e5n Almagro, n\u00e4r f\u00f6rpackningen har \u00f6ppnats, f\u00f6rvara i kylsk\u00e5p och konsumera inom 30 dagar.<\/p>\n<p>Om du vill k\u00f6pa oliver eller n\u00e5gon annan typ av <a href=\"https:\/\/latiendadesami.com\/categoria-producto\/encurtidos\/\" rel=\"noopener noreferrer nofollow\" target=\"_blank\">inlagda<\/a> gr\u00f6nsaker, tveka inte att ta en titt p\u00e5 v\u00e5r onlinekatalog f\u00f6r att se det stora utbudet av <a href=\"https:\/\/latiendadesami.com\/categoria-producto\/encurtidos\/berenjenas\/\" target=\"_blank\" rel=\"noopener noreferrer nofollow\">auberginer<\/a> vi har.<\/p>\n<p>Varum\u00e4rket \u00e4r La Encajonera, ett familjef\u00f6retag som grundades 1990 och ligger i hj\u00e4rtat av La Mancha, i staden ALMAGRO, i provinsen Ciudad Real.<\/p>\n<p>Tillverkningsprocessen f\u00f6r dess produkter b\u00f6rjar i samma odlingsomr\u00e5de, d\u00e4r man v\u00e4ljer ut den b\u00e4sta kvalitetsprodukten.<\/p>\n<p>Fabriken \u00e4r utrustad med den mest avancerade tekniken, samtidigt som traditionen och kunskapen hos hantverkarna har bevarats.<\/p>\n","protected":false},"excerpt":{"rendered":"<p>Aubergena embuchada de Almagro \u00e4r en traditionell produkt fr\u00e5n regionen Campo de Calatrava, i hj\u00e4rtat av La Mancha. En produkt med skyddad geografisk beteckning som har blivit en gastronomisk referenspunkt, oavsett om det \u00e4r som aperitif, i varma eller kalla r\u00e4tter. Ingredienser: Aubergine &#8221;De Almagro&#8221;, vatten, salt, vin\u00e4ger, peppar, f\u00e4nk\u00e5l, naturliga kryddor (vitl\u00f6k, spiskummin, paprika, [&hellip;]<\/p>\n","protected":false},"featured_media":7489,"template":"","meta":{"_et_pb_use_builder":"","_et_pb_old_content":"","_et_gb_content_width":""},"product_brand":[],"product_cat":[2135,1585],"product_tag":[2137],"class_list":{"0":"post-37759","1":"product","2":"type-product","3":"status-publish","4":"has-post-thumbnail","6":"product_cat-auberginer-sv","7":"product_cat-inlagda-gronsaker","8":"product_tag-alinada-sv","10":"first","11":"instock","12":"taxable","13":"shipping-taxable","14":"purchasable","15":"product-type-simple"},"_links":{"self":[{"href":"https:\/\/myspainfood.com\/sv\/wp-json\/wp\/v2\/product\/37759","targetHints":{"allow":["GET"]}}],"collection":[{"href":"https:\/\/myspainfood.com\/sv\/wp-json\/wp\/v2\/product"}],"about":[{"href":"https:\/\/myspainfood.com\/sv\/wp-json\/wp\/v2\/types\/product"}],"wp:featuredmedia":[{"embeddable":true,"href":"https:\/\/myspainfood.com\/sv\/wp-json\/wp\/v2\/media\/7489"}],"wp:attachment":[{"href":"https:\/\/myspainfood.com\/sv\/wp-json\/wp\/v2\/media?parent=37759"}],"wp:term":[{"taxonomy":"product_brand","embeddable":true,"href":"https:\/\/myspainfood.com\/sv\/wp-json\/wp\/v2\/product_brand?post=37759"},{"taxonomy":"product_cat","embeddable":true,"href":"https:\/\/myspainfood.com\/sv\/wp-json\/wp\/v2\/product_cat?post=37759"},{"taxonomy":"product_tag","embeddable":true,"href":"https:\/\/myspainfood.com\/sv\/wp-json\/wp\/v2\/product_tag?post=37759"}],"curies":[{"name":"wp","href":"https:\/\/api.w.org\/{rel}","templated":true}]}}