{"id":38107,"date":"2025-04-10T12:14:40","date_gmt":"2025-04-10T10:14:40","guid":{"rendered":"https:\/\/myspainfood.com\/producto\/chile-escabeche-musslor-10-15-bitar-marevento\/"},"modified":"2026-01-30T14:30:26","modified_gmt":"2026-01-30T13:30:26","slug":"chile-escabeche-musslor-10-15-bitar-marevento","status":"publish","type":"product","link":"https:\/\/myspainfood.com\/sv\/producto\/chile-escabeche-musslor-10-15-bitar-marevento\/","title":{"rendered":"Chile escabeche musslor 10-15 bitar Marevento"},"content":{"rendered":"<p>Tillagas och stekas i solrosolja. Byssus tas bort f\u00f6r hand och packas en efter en. Tillsammans med en unik marinad gjord p\u00e5 helt naturliga ingredienser. Ingredienser: Chilenska musslor, escabeche (solrosolja, r\u00f6dvinsvin\u00e4ger, vatten, naturliga aromer, kryddor och salt).<\/p>\n","protected":false},"excerpt":{"rendered":"<p>Tillagas och stekas i solrosolja. Byssus tas bort f\u00f6r hand och packas en efter en. Tillsammans med en unik marinad gjord p\u00e5 helt naturliga ingredienser. Ingredienser: Chilenska musslor, escabeche (solrosolja, r\u00f6dvinsvin\u00e4ger, vatten, naturliga aromer, kryddor och salt).<\/p>\n","protected":false},"featured_media":15000,"template":"","meta":{"_et_pb_use_builder":"","_et_pb_old_content":"","_et_gb_content_width":""},"product_brand":[1428],"product_cat":[1986,4055],"product_tag":[],"class_list":{"0":"post-38107","1":"product","2":"type-product","3":"status-publish","4":"has-post-thumbnail","6":"product_brand-portonovo","7":"product_cat-konserver-sv","8":"product_cat-musslor-sv-2","10":"first","11":"instock","12":"taxable","13":"shipping-taxable","14":"purchasable","15":"product-type-variable"},"_links":{"self":[{"href":"https:\/\/myspainfood.com\/sv\/wp-json\/wp\/v2\/product\/38107","targetHints":{"allow":["GET"]}}],"collection":[{"href":"https:\/\/myspainfood.com\/sv\/wp-json\/wp\/v2\/product"}],"about":[{"href":"https:\/\/myspainfood.com\/sv\/wp-json\/wp\/v2\/types\/product"}],"wp:featuredmedia":[{"embeddable":true,"href":"https:\/\/myspainfood.com\/sv\/wp-json\/wp\/v2\/media\/15000"}],"wp:attachment":[{"href":"https:\/\/myspainfood.com\/sv\/wp-json\/wp\/v2\/media?parent=38107"}],"wp:term":[{"taxonomy":"product_brand","embeddable":true,"href":"https:\/\/myspainfood.com\/sv\/wp-json\/wp\/v2\/product_brand?post=38107"},{"taxonomy":"product_cat","embeddable":true,"href":"https:\/\/myspainfood.com\/sv\/wp-json\/wp\/v2\/product_cat?post=38107"},{"taxonomy":"product_tag","embeddable":true,"href":"https:\/\/myspainfood.com\/sv\/wp-json\/wp\/v2\/product_tag?post=38107"}],"curies":[{"name":"wp","href":"https:\/\/api.w.org\/{rel}","templated":true}]}}