{"id":38139,"date":"2025-04-10T12:14:40","date_gmt":"2025-04-10T10:14:40","guid":{"rendered":"https:\/\/myspainfood.com\/producto\/nya-zeelandska-musslor-i-picklad-sas-4-6-bitar-giant-portonovo-115-gr\/"},"modified":"2026-01-30T14:31:48","modified_gmt":"2026-01-30T13:31:48","slug":"nya-zeelandska-musslor-i-picklad-sas-4-6-bitar-giant-portonovo-115-gr","status":"publish","type":"product","link":"https:\/\/myspainfood.com\/sv\/producto\/nya-zeelandska-musslor-i-picklad-sas-4-6-bitar-giant-portonovo-115-gr\/","title":{"rendered":"Nya Zeel\u00e4ndska musslor i picklad s\u00e5s 4-6 bitar Giant Portonovo - 115 Gr"},"content":{"rendered":"<p>Uppt\u00e4ck den intensiva smaken och kvaliteten hos <strong>Gigante Portonovos<\/strong> <strong>Nya Zeel\u00e4ndska musslor i inlagd s\u00e5s<\/strong>. Denna premiumprodukt inneh\u00e5ller mellan 4 och 6 utvalda bitar av stora musslor, i en presentation p\u00e5 115 gram som \u00e4r idealisk att njuta av i tapas, sallader eller som en gourmetf\u00f6rr\u00e4tt. <\/p>\n<p>Dessa musslor \u00e4r uppf\u00f6dda i Nya Zeelands kristallklara vatten och utm\u00e4rker sig genom sin k\u00f6ttiga konsistens och o\u00f6vertr\u00e4ffade smak, som f\u00f6rst\u00e4rks av en mild marinad som framh\u00e4ver deras f\u00e4rskhet och kvalitet. De \u00e4r ocks\u00e5 rika p\u00e5 protein, omega-3 och viktiga mineraler, vilket g\u00f6r dem till ett h\u00e4lsosamt och uts\u00f6kt val f\u00f6r alla dieter. <\/p>\n<p>F\u00f6r fler fisk- och skaldjursalternativ, bes\u00f6k v\u00e5r <a href=\"https:\/\/latiendadesami.com\/categoria-producto\/conservas\/\" target=\"_new\" rel=\"noopener noreferrer nofollow\" target=\"_blank\">konserveringsavdelning<\/a> och uppt\u00e4ck f\u00f6rdelarna med <strong>inlagda musslor fr\u00e5n Nya Zeeland<\/strong> i en balanserad kost. Smaka p\u00e5 den kvalitet och \u00e4kthet som bara Portonovo kan erbjuda!<\/p>\n","protected":false},"excerpt":{"rendered":"<p>Uppt\u00e4ck den intensiva smaken och kvaliteten hos Gigante Portonovos Nya Zeel\u00e4ndska musslor i inlagd s\u00e5s. Denna premiumprodukt inneh\u00e5ller mellan 4 och 6 utvalda bitar av stora musslor, i en presentation p\u00e5 115 gram som \u00e4r idealisk att njuta av i tapas, sallader eller som en gourmetf\u00f6rr\u00e4tt. Dessa musslor \u00e4r uppf\u00f6dda i Nya Zeelands kristallklara vatten [&hellip;]<\/p>\n","protected":false},"featured_media":14910,"template":"","meta":{"_et_pb_use_builder":"","_et_pb_old_content":"","_et_gb_content_width":""},"product_brand":[1428],"product_cat":[1986,4055],"product_tag":[],"class_list":{"0":"post-38139","1":"product","2":"type-product","3":"status-publish","4":"has-post-thumbnail","6":"product_brand-portonovo","7":"product_cat-konserver-sv","8":"product_cat-musslor-sv-2","10":"first","11":"outofstock","12":"taxable","13":"shipping-taxable","14":"product-type-variable"},"_links":{"self":[{"href":"https:\/\/myspainfood.com\/sv\/wp-json\/wp\/v2\/product\/38139","targetHints":{"allow":["GET"]}}],"collection":[{"href":"https:\/\/myspainfood.com\/sv\/wp-json\/wp\/v2\/product"}],"about":[{"href":"https:\/\/myspainfood.com\/sv\/wp-json\/wp\/v2\/types\/product"}],"wp:featuredmedia":[{"embeddable":true,"href":"https:\/\/myspainfood.com\/sv\/wp-json\/wp\/v2\/media\/14910"}],"wp:attachment":[{"href":"https:\/\/myspainfood.com\/sv\/wp-json\/wp\/v2\/media?parent=38139"}],"wp:term":[{"taxonomy":"product_brand","embeddable":true,"href":"https:\/\/myspainfood.com\/sv\/wp-json\/wp\/v2\/product_brand?post=38139"},{"taxonomy":"product_cat","embeddable":true,"href":"https:\/\/myspainfood.com\/sv\/wp-json\/wp\/v2\/product_cat?post=38139"},{"taxonomy":"product_tag","embeddable":true,"href":"https:\/\/myspainfood.com\/sv\/wp-json\/wp\/v2\/product_tag?post=38139"}],"curies":[{"name":"wp","href":"https:\/\/api.w.org\/{rel}","templated":true}]}}