{"id":38606,"date":"2025-04-10T12:09:10","date_gmt":"2025-04-10T10:09:10","guid":{"rendered":"https:\/\/myspainfood.com\/producto\/get-och-koost-ribera-del-duero-vin-el-gran-cardenal\/"},"modified":"2025-07-31T16:45:05","modified_gmt":"2025-07-31T14:45:05","slug":"get-och-koost-ribera-del-duero-vin-el-gran-cardenal","status":"publish","type":"product","link":"https:\/\/myspainfood.com\/sv\/producto\/get-och-koost-ribera-del-duero-vin-el-gran-cardenal\/","title":{"rendered":"Get- och koost Ribera del Duero Vin El Gran Cardenal"},"content":{"rendered":"<div class=\"et_pb_blurb_container\">\n<div class=\"et_pb_blurb_container\">\n<h4 class=\"et_pb_module_header\">Get med Ribera de Duero-vin<\/h4>\n<div class=\"et_pb_blurb_description\">Kr\u00e4mig ost gjord p\u00e5 get- och komj\u00f6lk, tillsammans med ett av de utm\u00e4rkta vinerna som produceras i Spanien, Ribera del Duero-vinet (en appellation som omfattar ving\u00e5rdar bel\u00e4gna i Castilla y Le\u00f3n).<\/p>\n<p>Vinets f\u00e4rg kan ses inuti osten eftersom det tills\u00e4tts vid tillverkningen.<\/p><\/div>\n<\/div>\n<\/div>\n","protected":false},"excerpt":{"rendered":"<p>Get med Ribera de Duero-vin Kr\u00e4mig ost gjord p\u00e5 get- och komj\u00f6lk, tillsammans med ett av de utm\u00e4rkta vinerna som produceras i Spanien, Ribera del Duero-vinet (en appellation som omfattar ving\u00e5rdar bel\u00e4gna i Castilla y Le\u00f3n). Vinets f\u00e4rg kan ses inuti osten eftersom det tills\u00e4tts vid tillverkningen.<\/p>\n","protected":false},"featured_media":11742,"template":"","meta":{"_et_pb_use_builder":"","_et_pb_old_content":"","_et_gb_content_width":""},"product_brand":[1319],"product_cat":[2726,1804,2254],"product_tag":[],"class_list":{"0":"post-38606","1":"product","2":"type-product","3":"status-publish","4":"has-post-thumbnail","6":"product_brand-el-gran-cardenal","7":"product_cat-hardning","8":"product_cat-kall","9":"product_cat-ost-och-korv","10":"product_shipping_class-kall-sandning","12":"first","13":"instock","14":"taxable","15":"shipping-taxable","16":"purchasable","17":"product-type-variable"},"_links":{"self":[{"href":"https:\/\/myspainfood.com\/sv\/wp-json\/wp\/v2\/product\/38606","targetHints":{"allow":["GET"]}}],"collection":[{"href":"https:\/\/myspainfood.com\/sv\/wp-json\/wp\/v2\/product"}],"about":[{"href":"https:\/\/myspainfood.com\/sv\/wp-json\/wp\/v2\/types\/product"}],"wp:featuredmedia":[{"embeddable":true,"href":"https:\/\/myspainfood.com\/sv\/wp-json\/wp\/v2\/media\/11742"}],"wp:attachment":[{"href":"https:\/\/myspainfood.com\/sv\/wp-json\/wp\/v2\/media?parent=38606"}],"wp:term":[{"taxonomy":"product_brand","embeddable":true,"href":"https:\/\/myspainfood.com\/sv\/wp-json\/wp\/v2\/product_brand?post=38606"},{"taxonomy":"product_cat","embeddable":true,"href":"https:\/\/myspainfood.com\/sv\/wp-json\/wp\/v2\/product_cat?post=38606"},{"taxonomy":"product_tag","embeddable":true,"href":"https:\/\/myspainfood.com\/sv\/wp-json\/wp\/v2\/product_tag?post=38606"}],"curies":[{"name":"wp","href":"https:\/\/api.w.org\/{rel}","templated":true}]}}