{"id":38655,"date":"2025-04-10T12:09:16","date_gmt":"2025-04-10T10:09:16","guid":{"rendered":"https:\/\/myspainfood.com\/producto\/ansjovis-fran-kantabriska-havet-platinaserie-i-olivolja\/"},"modified":"2025-06-24T13:38:58","modified_gmt":"2025-06-24T11:38:58","slug":"ansjovis-fran-kantabriska-havet-platinaserie-i-olivolja","status":"publish","type":"product","link":"https:\/\/myspainfood.com\/sv\/producto\/ansjovis-fran-kantabriska-havet-platinaserie-i-olivolja\/","title":{"rendered":"Ansjovis fr\u00e5n Kantabriska havet, platinaserie i olivolja"},"content":{"rendered":"<p><a href=\"https:\/\/conservasarlequin.com\/serie-oro\/\" target=\"_blank\" rel=\"noopener noreferrer nofollow\">Arlequin<\/a> Platinum Series Ansjovis i olivolja \u00e4r en hantverksm\u00e4ssig konserverad produkt.<\/p>\n<p><strong>E. A. N.:<\/strong> 8421993910985<\/p>\n<p><strong>Kod:<\/strong> 10010044<\/p>\n<p><strong>Nettovikt: <\/strong>110g \/ 70g<\/p>\n<p><strong>Antal fil\u00e9er\/antal bitar:<\/strong> 12<\/p>\n<p>Conservas <a href=\"https:\/\/latiendadesami.com\/marca\/arlequin\/\" target=\"_blank\" rel=\"noopener noreferrer nofollow\">Arlequ\u00edns<\/a> uppdrag \u00e4r att erbjuda en bra produkt, den b\u00e4sta servicen och ett brett sortiment av konserverad fisk till b\u00e4sta pris.<\/p>\n<p>De \u00e4r ocks\u00e5 specialister p\u00e5 Anchovies, Anchoa Arlequin Serie Oro 00, Serie Platinum i olivolja, Anchovies, Bonito, Yellowfin Tuna, Mussels, Mackerel och Sardines.<\/p>\n<p>Till exempel sa Comidista i tidningen El Pa\u00eds om ventresca: &#8221;Den \u00e4r s\u00e5 mjuk, n\u00e4stan kr\u00e4mig, att man vill gifta sig med den och leva lyckligt tills Herren tar en&#8221;.<\/p>\n<h4>De viktigaste f\u00f6rdelarna med konserverad mat<\/h4>\n<ol>\n<li>De bevarar alla n\u00e4ringsegenskaper hos sj\u00e4lva livsmedlet. Maten beh\u00e5ller sin f\u00e4rskhet. <\/li>\n<li>De livsmedel som anv\u00e4nds \u00e4r h\u00e4lsosamma och d\u00e4rf\u00f6r l\u00e4mpliga f\u00f6r en optimal kost p\u00e5 grund av deras h\u00f6ga vitamin- och proteininneh\u00e5ll.<\/li>\n<li>Dessa produkter har en l\u00e4ngre livsl\u00e4ngd (2-5 \u00e5r \u00e4r typiskt).<\/li>\n<li>Konserverna \u00e4r mycket l\u00e4tta att f\u00f6rvara eftersom f\u00f6rpackningarna \u00e4r l\u00e4tta att applicera.<\/li>\n<\/ol>\n<p>Om du vill k\u00f6pa tonfisk eller n\u00e5gon annan typ av <a href=\"https:\/\/latiendadesami.com\/categoria-producto\/conservas\/\" rel=\"noopener noreferrer nofollow\" target=\"_blank\">konserverad mat<\/a>, tveka inte att ta en titt p\u00e5 v\u00e5r onlinekatalog f\u00f6r att se det stora utbudet av <a href=\"https:\/\/latiendadesami.com\/categoria-producto\/conservas\/atun-y-bonito\/\" target=\"_blank\" rel=\"noopener noreferrer nofollow\">tonfisk<\/a> vi har.<\/p>\n<p>Skriv till oss om du vill ha mer information.<\/p>\n","protected":false},"excerpt":{"rendered":"<p>Arlequin Platinum Series Ansjovis i olivolja \u00e4r en hantverksm\u00e4ssig konserverad produkt. E. A. N.: 8421993910985 Kod: 10010044 Nettovikt: 110g \/ 70g Antal fil\u00e9er\/antal bitar: 12 Conservas Arlequ\u00edns uppdrag \u00e4r att erbjuda en bra produkt, den b\u00e4sta servicen och ett brett sortiment av konserverad fisk till b\u00e4sta pris. De \u00e4r ocks\u00e5 specialister p\u00e5 Anchovies, Anchoa Arlequin [&hellip;]<\/p>\n","protected":false},"featured_media":11841,"template":"","meta":{"_et_pb_use_builder":"","_et_pb_old_content":"","_et_gb_content_width":""},"product_brand":[1162],"product_cat":[5153,1804],"product_tag":[8212],"class_list":{"0":"post-38655","1":"product","2":"type-product","3":"status-publish","4":"has-post-thumbnail","6":"product_brand-arlequin","7":"product_cat-ansjovis-sv-3","8":"product_cat-kall","9":"product_tag-platinum-serien","10":"product_shipping_class-kall-sandning","12":"first","13":"outofstock","14":"sale","15":"taxable","16":"shipping-taxable","17":"purchasable","18":"product-type-simple"},"_links":{"self":[{"href":"https:\/\/myspainfood.com\/sv\/wp-json\/wp\/v2\/product\/38655","targetHints":{"allow":["GET"]}}],"collection":[{"href":"https:\/\/myspainfood.com\/sv\/wp-json\/wp\/v2\/product"}],"about":[{"href":"https:\/\/myspainfood.com\/sv\/wp-json\/wp\/v2\/types\/product"}],"wp:featuredmedia":[{"embeddable":true,"href":"https:\/\/myspainfood.com\/sv\/wp-json\/wp\/v2\/media\/11841"}],"wp:attachment":[{"href":"https:\/\/myspainfood.com\/sv\/wp-json\/wp\/v2\/media?parent=38655"}],"wp:term":[{"taxonomy":"product_brand","embeddable":true,"href":"https:\/\/myspainfood.com\/sv\/wp-json\/wp\/v2\/product_brand?post=38655"},{"taxonomy":"product_cat","embeddable":true,"href":"https:\/\/myspainfood.com\/sv\/wp-json\/wp\/v2\/product_cat?post=38655"},{"taxonomy":"product_tag","embeddable":true,"href":"https:\/\/myspainfood.com\/sv\/wp-json\/wp\/v2\/product_tag?post=38655"}],"curies":[{"name":"wp","href":"https:\/\/api.w.org\/{rel}","templated":true}]}}