{"id":38961,"date":"2025-04-10T12:09:43","date_gmt":"2025-04-10T10:09:43","guid":{"rendered":"https:\/\/myspainfood.com\/producto\/el-gran-cardenal-halvtorkad-san-isidro-ost\/"},"modified":"2025-07-28T12:56:49","modified_gmt":"2025-07-28T10:56:49","slug":"el-gran-cardenal-halvtorkad-san-isidro-ost","status":"publish","type":"product","link":"https:\/\/myspainfood.com\/sv\/producto\/el-gran-cardenal-halvtorkad-san-isidro-ost\/","title":{"rendered":"El Gran Cardenal Halvtorkad San Isidro-ost"},"content":{"rendered":"<p>Den mildaste av ostarna, p\u00e5 grund av dess h\u00f6gre inneh\u00e5ll av komj\u00f6lk och med minst 10% f\u00e5rmj\u00f6lk.<\/p>\n<p>Den finns i tv\u00e5 typer beroende p\u00e5 hur den har lagrats, halvlagrad (2-4 m\u00e5naders lagring) och lagrad (4-6 m\u00e5naders lagring).<\/p>\n","protected":false},"excerpt":{"rendered":"<p>Den mildaste av ostarna, p\u00e5 grund av dess h\u00f6gre inneh\u00e5ll av komj\u00f6lk och med minst 10% f\u00e5rmj\u00f6lk. Den finns i tv\u00e5 typer beroende p\u00e5 hur den har lagrats, halvlagrad (2-4 m\u00e5naders lagring) och lagrad (4-6 m\u00e5naders lagring).<\/p>\n","protected":false},"featured_media":12093,"template":"","meta":{"_et_pb_use_builder":"","_et_pb_old_content":"","_et_gb_content_width":""},"product_brand":[1319],"product_cat":[2726,1804,2254],"product_tag":[],"class_list":{"0":"post-38961","1":"product","2":"type-product","3":"status-publish","4":"has-post-thumbnail","6":"product_brand-el-gran-cardenal","7":"product_cat-hardning","8":"product_cat-kall","9":"product_cat-ost-och-korv","10":"product_shipping_class-kall-sandning","12":"first","13":"outofstock","14":"taxable","15":"shipping-taxable","16":"product-type-variable"},"_links":{"self":[{"href":"https:\/\/myspainfood.com\/sv\/wp-json\/wp\/v2\/product\/38961","targetHints":{"allow":["GET"]}}],"collection":[{"href":"https:\/\/myspainfood.com\/sv\/wp-json\/wp\/v2\/product"}],"about":[{"href":"https:\/\/myspainfood.com\/sv\/wp-json\/wp\/v2\/types\/product"}],"wp:featuredmedia":[{"embeddable":true,"href":"https:\/\/myspainfood.com\/sv\/wp-json\/wp\/v2\/media\/12093"}],"wp:attachment":[{"href":"https:\/\/myspainfood.com\/sv\/wp-json\/wp\/v2\/media?parent=38961"}],"wp:term":[{"taxonomy":"product_brand","embeddable":true,"href":"https:\/\/myspainfood.com\/sv\/wp-json\/wp\/v2\/product_brand?post=38961"},{"taxonomy":"product_cat","embeddable":true,"href":"https:\/\/myspainfood.com\/sv\/wp-json\/wp\/v2\/product_cat?post=38961"},{"taxonomy":"product_tag","embeddable":true,"href":"https:\/\/myspainfood.com\/sv\/wp-json\/wp\/v2\/product_tag?post=38961"}],"curies":[{"name":"wp","href":"https:\/\/api.w.org\/{rel}","templated":true}]}}