{"id":38962,"date":"2025-04-10T12:09:23","date_gmt":"2025-04-10T10:09:23","guid":{"rendered":"https:\/\/myspainfood.com\/producto\/mini-oststjarnor-130-bitar\/"},"modified":"2025-06-24T13:41:46","modified_gmt":"2025-06-24T11:41:46","slug":"mini-oststjarnor-130-bitar","status":"publish","type":"product","link":"https:\/\/myspainfood.com\/sv\/producto\/mini-oststjarnor-130-bitar\/","title":{"rendered":"Mini oststj\u00e4rnor 130 bitar"},"content":{"rendered":"<p>Olja (85% solros, 15% oliv), ansjovisfyllda oliver, ansjovisfil\u00e9, halvlagrad ost och r\u00f6dpeppar.<\/p>\n","protected":false},"excerpt":{"rendered":"<p>Olja (85% solros, 15% oliv), ansjovisfyllda oliver, ansjovisfil\u00e9, halvlagrad ost och r\u00f6dpeppar.<\/p>\n","protected":false},"featured_media":11949,"template":"","meta":{"_et_pb_use_builder":"","_et_pb_old_content":"","_et_gb_content_width":""},"product_brand":[1277],"product_cat":[1806,1585,1804,1586,2254,1808],"product_tag":[],"class_list":{"0":"post-38962","1":"product","2":"type-product","3":"status-publish","4":"has-post-thumbnail","6":"product_brand-bokeo","7":"product_cat-ansjovis","8":"product_cat-inlagda-gronsaker","9":"product_cat-kall","10":"product_cat-oliver","11":"product_cat-ost-och-korv","12":"product_cat-pintxos-sv","13":"product_shipping_class-kall-sandning","15":"first","16":"outofstock","17":"taxable","18":"shipping-taxable","19":"purchasable","20":"product-type-simple"},"_links":{"self":[{"href":"https:\/\/myspainfood.com\/sv\/wp-json\/wp\/v2\/product\/38962","targetHints":{"allow":["GET"]}}],"collection":[{"href":"https:\/\/myspainfood.com\/sv\/wp-json\/wp\/v2\/product"}],"about":[{"href":"https:\/\/myspainfood.com\/sv\/wp-json\/wp\/v2\/types\/product"}],"wp:featuredmedia":[{"embeddable":true,"href":"https:\/\/myspainfood.com\/sv\/wp-json\/wp\/v2\/media\/11949"}],"wp:attachment":[{"href":"https:\/\/myspainfood.com\/sv\/wp-json\/wp\/v2\/media?parent=38962"}],"wp:term":[{"taxonomy":"product_brand","embeddable":true,"href":"https:\/\/myspainfood.com\/sv\/wp-json\/wp\/v2\/product_brand?post=38962"},{"taxonomy":"product_cat","embeddable":true,"href":"https:\/\/myspainfood.com\/sv\/wp-json\/wp\/v2\/product_cat?post=38962"},{"taxonomy":"product_tag","embeddable":true,"href":"https:\/\/myspainfood.com\/sv\/wp-json\/wp\/v2\/product_tag?post=38962"}],"curies":[{"name":"wp","href":"https:\/\/api.w.org\/{rel}","templated":true}]}}