{"id":41175,"date":"2025-04-10T12:12:29","date_gmt":"2025-04-10T10:12:29","guid":{"rendered":"https:\/\/myspainfood.com\/producto\/la-vieja-fabrica-persikosylt-diet-280-g\/"},"modified":"2025-04-10T12:12:29","modified_gmt":"2025-04-10T10:12:29","slug":"la-vieja-fabrica-persikosylt-diet-280-g","status":"publish","type":"product","link":"https:\/\/myspainfood.com\/sv\/producto\/la-vieja-fabrica-persikosylt-diet-280-g\/","title":{"rendered":"La Vieja F\u00e1brica Persikosylt DIET 280 g"},"content":{"rendered":"<p>La Vieja F\u00e1brica diet persikosylt \u00e4r ett uts\u00f6kt alternativ f\u00f6r dem som vill njuta av den autentiska smaken av frukt utan att l\u00e4gga till on\u00f6diga kalorier i sin kost. Denna sylt, som \u00e4r gjord p\u00e5 utvalda persikor och enligt La Vieja F\u00e1bricas traditionella hantverksrecept, har en frisk och naturlig smak. <\/p>\n<p><strong>Ursprung<\/strong>: Spanien Tillverkare: \u00c1ngel Camacho Alimentaci\u00f3n, S.L.<\/p>\n<p><strong>Tillverkarens adress<\/strong>: Avda. del Pilar, 6 - 41530 Mor\u00f3n de la Frontera (Sevilla)<\/p>\n<p> <strong> Ursprung<\/strong>: Produkt fr\u00e5n Spanien<\/p>\n<p><strong>Nettovikt<\/strong>: 280 g<\/p>\n<p><strong>Obligatorisk till\u00e4ggsinformation p\u00e5 etiketten<\/strong>: Inneh\u00e5ller 55 g persika per 100 g.<\/p>\n<p><strong>Totalt sockerinneh\u00e5ll<\/strong>: 42 g per 100 g.<\/p>\n","protected":false},"excerpt":{"rendered":"<p>La Vieja F\u00e1brica diet persikosylt \u00e4r ett uts\u00f6kt alternativ f\u00f6r dem som vill njuta av den autentiska smaken av frukt utan att l\u00e4gga till on\u00f6diga kalorier i sin kost. Denna sylt, som \u00e4r gjord p\u00e5 utvalda persikor och enligt La Vieja F\u00e1bricas traditionella hantverksrecept, har en frisk och naturlig smak. Ursprung: Spanien Tillverkare: \u00c1ngel Camacho [&hellip;]<\/p>\n","protected":false},"featured_media":14262,"template":"","meta":{"_et_pb_use_builder":"","_et_pb_old_content":"","_et_gb_content_width":""},"product_brand":[1460],"product_cat":[1986],"product_tag":[],"class_list":{"0":"post-41175","1":"product","2":"type-product","3":"status-publish","4":"has-post-thumbnail","6":"product_brand-la-vieja-fabrica","7":"product_cat-konserver-sv","9":"first","10":"outofstock","11":"taxable","12":"shipping-taxable","13":"product-type-variable"},"_links":{"self":[{"href":"https:\/\/myspainfood.com\/sv\/wp-json\/wp\/v2\/product\/41175","targetHints":{"allow":["GET"]}}],"collection":[{"href":"https:\/\/myspainfood.com\/sv\/wp-json\/wp\/v2\/product"}],"about":[{"href":"https:\/\/myspainfood.com\/sv\/wp-json\/wp\/v2\/types\/product"}],"wp:featuredmedia":[{"embeddable":true,"href":"https:\/\/myspainfood.com\/sv\/wp-json\/wp\/v2\/media\/14262"}],"wp:attachment":[{"href":"https:\/\/myspainfood.com\/sv\/wp-json\/wp\/v2\/media?parent=41175"}],"wp:term":[{"taxonomy":"product_brand","embeddable":true,"href":"https:\/\/myspainfood.com\/sv\/wp-json\/wp\/v2\/product_brand?post=41175"},{"taxonomy":"product_cat","embeddable":true,"href":"https:\/\/myspainfood.com\/sv\/wp-json\/wp\/v2\/product_cat?post=41175"},{"taxonomy":"product_tag","embeddable":true,"href":"https:\/\/myspainfood.com\/sv\/wp-json\/wp\/v2\/product_tag?post=41175"}],"curies":[{"name":"wp","href":"https:\/\/api.w.org\/{rel}","templated":true}]}}