{"id":41660,"date":"2025-04-10T12:12:57","date_gmt":"2025-04-10T10:12:57","guid":{"rendered":"https:\/\/myspainfood.com\/producto\/a-inigo-grona-bonor-runda-medelstora-bitar-400-gr\/"},"modified":"2025-09-02T10:53:20","modified_gmt":"2025-09-02T08:53:20","slug":"a-inigo-grona-bonor-runda-medelstora-bitar-400-gr","status":"publish","type":"product","link":"https:\/\/myspainfood.com\/sv\/producto\/a-inigo-grona-bonor-runda-medelstora-bitar-400-gr\/","title":{"rendered":"A.I\u00f1igo Gr\u00f6na b\u00f6nor runda medelstora bitar 400 gr"},"content":{"rendered":"<p>A.I\u00f1igo Gr\u00f6na b\u00f6nor st\u00e5r f\u00f6r f\u00e4rskhet och smak av h\u00f6gsta kvalitet. Dessa gr\u00f6na b\u00f6nor, noggrant utvalda och sk\u00f6rdade vid optimal mognad, \u00e4r det perfekta valet f\u00f6r alla dagliga m\u00e5ltider. <\/p>\n<p><strong>Energiv\u00e4rde:<\/strong> 15,9 kJ \/ 67,5 kcal<\/p>\n<p><strong>Fett<\/strong>: 0 g<\/p>\n<p><strong>Varav m\u00e4ttad<\/strong> 0 g<\/p>\n<p><strong>Kolhydrater:<\/strong> 3,3 g<\/p>\n<p>Varav <strong>sockerarter<\/strong>: 0,8 g<\/p>\n<p><strong>Kostfiber<\/strong>: 1,5 g<\/p>\n<p><strong>Protein<\/strong>: 0,67 g<\/p>\n<p><strong>Salt<\/strong>: 0,5 g<\/p>\n","protected":false},"excerpt":{"rendered":"<p>A.I\u00f1igo Gr\u00f6na b\u00f6nor st\u00e5r f\u00f6r f\u00e4rskhet och smak av h\u00f6gsta kvalitet. Dessa gr\u00f6na b\u00f6nor, noggrant utvalda och sk\u00f6rdade vid optimal mognad, \u00e4r det perfekta valet f\u00f6r alla dagliga m\u00e5ltider. Energiv\u00e4rde: 15,9 kJ \/ 67,5 kcal Fett: 0 g Varav m\u00e4ttad 0 g Kolhydrater: 3,3 g Varav sockerarter: 0,8 g Kostfiber: 1,5 g Protein: 0,67 g [&hellip;]<\/p>\n","protected":false},"featured_media":14532,"template":"","meta":{"_et_pb_use_builder":"","_et_pb_old_content":"","_et_gb_content_width":""},"product_brand":[1461],"product_cat":[1986],"product_tag":[],"class_list":{"0":"post-41660","1":"product","2":"type-product","3":"status-publish","4":"has-post-thumbnail","6":"product_brand-a-inigo","7":"product_cat-konserver-sv","9":"first","10":"instock","11":"taxable","12":"shipping-taxable","13":"product-type-variable"},"_links":{"self":[{"href":"https:\/\/myspainfood.com\/sv\/wp-json\/wp\/v2\/product\/41660","targetHints":{"allow":["GET"]}}],"collection":[{"href":"https:\/\/myspainfood.com\/sv\/wp-json\/wp\/v2\/product"}],"about":[{"href":"https:\/\/myspainfood.com\/sv\/wp-json\/wp\/v2\/types\/product"}],"wp:featuredmedia":[{"embeddable":true,"href":"https:\/\/myspainfood.com\/sv\/wp-json\/wp\/v2\/media\/14532"}],"wp:attachment":[{"href":"https:\/\/myspainfood.com\/sv\/wp-json\/wp\/v2\/media?parent=41660"}],"wp:term":[{"taxonomy":"product_brand","embeddable":true,"href":"https:\/\/myspainfood.com\/sv\/wp-json\/wp\/v2\/product_brand?post=41660"},{"taxonomy":"product_cat","embeddable":true,"href":"https:\/\/myspainfood.com\/sv\/wp-json\/wp\/v2\/product_cat?post=41660"},{"taxonomy":"product_tag","embeddable":true,"href":"https:\/\/myspainfood.com\/sv\/wp-json\/wp\/v2\/product_tag?post=41660"}],"curies":[{"name":"wp","href":"https:\/\/api.w.org\/{rel}","templated":true}]}}