{"id":41661,"date":"2025-04-10T12:12:57","date_gmt":"2025-04-10T10:12:57","guid":{"rendered":"https:\/\/myspainfood.com\/producto\/la-vieja-fabrica-jordgubbssylt-diet-280-g\/"},"modified":"2025-04-10T12:12:57","modified_gmt":"2025-04-10T10:12:57","slug":"la-vieja-fabrica-jordgubbssylt-diet-280-g","status":"publish","type":"product","link":"https:\/\/myspainfood.com\/sv\/producto\/la-vieja-fabrica-jordgubbssylt-diet-280-g\/","title":{"rendered":"La Vieja F\u00e1brica Jordgubbssylt DIET 280 g"},"content":{"rendered":"<p>La Vieja F\u00e1bricas Diet Strawberry Jam \u00e4r ett uts\u00f6kt och h\u00e4lsosamt alternativ f\u00f6r dem som vill njuta av den autentiska smaken av jordgubbar utan att tills\u00e4tta raffinerat socker. Denna diet sylt \u00e4r gjord med naturliga ingredienser och s\u00f6tningsmedel med l\u00e5gt kaloriinneh\u00e5ll, vilket ger ett perfekt alternativ f\u00f6r dem som h\u00e5ller koll p\u00e5 sitt kalori- och glykemiska intag. <\/p>\n<p><span class=\"info-key \"><strong>Livsmedlets namn<\/strong>:<\/span> Jordgubbssylt light<\/p>\n<p>Den <span class=\"info-key \"><strong>ekonomiska akt\u00f6rens namn<\/strong>:<\/span> \u00c1ngel Camacho Alimentaci\u00f3n, S.L.<\/p>\n<p><span class=\"info-key \"><strong>Operat\u00f6rens adress<\/strong>:<\/span> Avda. del Pilar, 6 - 41530 Mor\u00f3n de la Frontera (Sevilla)<\/p>\n<p><strong><span class=\"info-key \">Livsmedlets ursprungsort:<\/span><\/strong> Produkt fr\u00e5n Spanien<\/p>\n<p><strong><span class=\"info-key \">Nettokvantitet:<\/span><\/strong> 280 g<\/p>\n<p><strong><span class=\"info-key \">Annan obligatorisk m\u00e4rkningsinformation:<\/span><\/strong> L\u00e4mplig f\u00f6r diabetiker. Tillverkad med 55 g jordgubbar per 100 g. <\/p>\n<p><strong>Total sockerhalt<\/strong> 42 g per 100 g.<\/p>\n","protected":false},"excerpt":{"rendered":"<p>La Vieja F\u00e1bricas Diet Strawberry Jam \u00e4r ett uts\u00f6kt och h\u00e4lsosamt alternativ f\u00f6r dem som vill njuta av den autentiska smaken av jordgubbar utan att tills\u00e4tta raffinerat socker. Denna diet sylt \u00e4r gjord med naturliga ingredienser och s\u00f6tningsmedel med l\u00e5gt kaloriinneh\u00e5ll, vilket ger ett perfekt alternativ f\u00f6r dem som h\u00e5ller koll p\u00e5 sitt kalori- och [&hellip;]<\/p>\n","protected":false},"featured_media":14397,"template":"","meta":{"_et_pb_use_builder":"","_et_pb_old_content":"","_et_gb_content_width":""},"product_brand":[1460],"product_cat":[1986],"product_tag":[],"class_list":{"0":"post-41661","1":"product","2":"type-product","3":"status-publish","4":"has-post-thumbnail","6":"product_brand-la-vieja-fabrica","7":"product_cat-konserver-sv","9":"first","10":"outofstock","11":"taxable","12":"shipping-taxable","13":"product-type-variable"},"_links":{"self":[{"href":"https:\/\/myspainfood.com\/sv\/wp-json\/wp\/v2\/product\/41661","targetHints":{"allow":["GET"]}}],"collection":[{"href":"https:\/\/myspainfood.com\/sv\/wp-json\/wp\/v2\/product"}],"about":[{"href":"https:\/\/myspainfood.com\/sv\/wp-json\/wp\/v2\/types\/product"}],"wp:featuredmedia":[{"embeddable":true,"href":"https:\/\/myspainfood.com\/sv\/wp-json\/wp\/v2\/media\/14397"}],"wp:attachment":[{"href":"https:\/\/myspainfood.com\/sv\/wp-json\/wp\/v2\/media?parent=41661"}],"wp:term":[{"taxonomy":"product_brand","embeddable":true,"href":"https:\/\/myspainfood.com\/sv\/wp-json\/wp\/v2\/product_brand?post=41661"},{"taxonomy":"product_cat","embeddable":true,"href":"https:\/\/myspainfood.com\/sv\/wp-json\/wp\/v2\/product_cat?post=41661"},{"taxonomy":"product_tag","embeddable":true,"href":"https:\/\/myspainfood.com\/sv\/wp-json\/wp\/v2\/product_tag?post=41661"}],"curies":[{"name":"wp","href":"https:\/\/api.w.org\/{rel}","templated":true}]}}