{"id":41666,"date":"2025-04-10T12:12:57","date_gmt":"2025-04-10T10:12:57","guid":{"rendered":"https:\/\/myspainfood.com\/producto\/a-inigo-skivade-morotter-400-g\/"},"modified":"2025-04-10T12:12:57","modified_gmt":"2025-04-10T10:12:57","slug":"a-inigo-skivade-morotter-400-g","status":"publish","type":"product","link":"https:\/\/myspainfood.com\/sv\/producto\/a-inigo-skivade-morotter-400-g\/","title":{"rendered":"A.I\u00f1igo Skivade mor\u00f6tter 400 g"},"content":{"rendered":"<p>A.I\u00f1igo Mor\u00f6tter \u00e4r det perfekta valet f\u00f6r dig som vill ha kvalitet och smak i din mat. Dessa omsorgsfullt odlade och noggrant utvalda mor\u00f6tter har en krispig konsistens och en s\u00f6t och naturlig smak som berikar alla r\u00e4tter. <\/p>\n<p>&nbsp;<\/p>\n<p><strong>Energiv\u00e4rde:<\/strong> 71,4 kJ \/ 16,8kcal<\/p>\n<p><strong>M\u00e4ttat fett<\/strong>: 0 g<\/p>\n<p><strong>Kolhydrater<\/strong>: 4,2 g<\/p>\n<p><strong>Varav sockerarter:<\/strong> 2,3 g<\/p>\n<p><strong>Kostfiber<\/strong>: 1,4 g<\/p>\n<p><strong>Protein<\/strong>: 0 g<\/p>\n<p><strong>Salt<\/strong>: 0,65 g<\/p>\n","protected":false},"excerpt":{"rendered":"<p>A.I\u00f1igo Mor\u00f6tter \u00e4r det perfekta valet f\u00f6r dig som vill ha kvalitet och smak i din mat. Dessa omsorgsfullt odlade och noggrant utvalda mor\u00f6tter har en krispig konsistens och en s\u00f6t och naturlig smak som berikar alla r\u00e4tter. &nbsp; Energiv\u00e4rde: 71,4 kJ \/ 16,8kcal M\u00e4ttat fett: 0 g Kolhydrater: 4,2 g Varav sockerarter: 2,3 g [&hellip;]<\/p>\n","protected":false},"featured_media":14505,"template":"","meta":{"_et_pb_use_builder":"","_et_pb_old_content":"","_et_gb_content_width":""},"product_brand":[1461],"product_cat":[1986],"product_tag":[],"class_list":{"0":"post-41666","1":"product","2":"type-product","3":"status-publish","4":"has-post-thumbnail","6":"product_brand-a-inigo","7":"product_cat-konserver-sv","9":"first","10":"outofstock","11":"taxable","12":"shipping-taxable","13":"product-type-variable"},"_links":{"self":[{"href":"https:\/\/myspainfood.com\/sv\/wp-json\/wp\/v2\/product\/41666","targetHints":{"allow":["GET"]}}],"collection":[{"href":"https:\/\/myspainfood.com\/sv\/wp-json\/wp\/v2\/product"}],"about":[{"href":"https:\/\/myspainfood.com\/sv\/wp-json\/wp\/v2\/types\/product"}],"wp:featuredmedia":[{"embeddable":true,"href":"https:\/\/myspainfood.com\/sv\/wp-json\/wp\/v2\/media\/14505"}],"wp:attachment":[{"href":"https:\/\/myspainfood.com\/sv\/wp-json\/wp\/v2\/media?parent=41666"}],"wp:term":[{"taxonomy":"product_brand","embeddable":true,"href":"https:\/\/myspainfood.com\/sv\/wp-json\/wp\/v2\/product_brand?post=41666"},{"taxonomy":"product_cat","embeddable":true,"href":"https:\/\/myspainfood.com\/sv\/wp-json\/wp\/v2\/product_cat?post=41666"},{"taxonomy":"product_tag","embeddable":true,"href":"https:\/\/myspainfood.com\/sv\/wp-json\/wp\/v2\/product_tag?post=41666"}],"curies":[{"name":"wp","href":"https:\/\/api.w.org\/{rel}","templated":true}]}}