{"id":41678,"date":"2025-04-10T12:12:57","date_gmt":"2025-04-10T10:12:57","guid":{"rendered":"https:\/\/myspainfood.com\/producto\/la-vieja-fabrica-hallonsylt-280-g\/"},"modified":"2025-04-10T12:12:57","modified_gmt":"2025-04-10T10:12:57","slug":"la-vieja-fabrica-hallonsylt-280-g","status":"publish","type":"product","link":"https:\/\/myspainfood.com\/sv\/producto\/la-vieja-fabrica-hallonsylt-280-g\/","title":{"rendered":"La Vieja F\u00e1brica Hallonsylt 280 g"},"content":{"rendered":"<p>La Vieja F\u00e1brica Raspberry Jam \u00e4r en gourmetprodukt som utm\u00e4rker sig f\u00f6r sin intensiva smak och sin tillagning med ingredienser av h\u00f6gsta kvalitet. Denna sylt \u00e4r gjord p\u00e5 f\u00e4rska och utvalda hallon och ger en unik smakupplevelse som f\u00e5ngar fruktens essens i varje tugga. <\/p>\n<p><span class=\"info-key \"><strong>Livsmedlets namn<\/strong>:<\/span> Hallonsylt<\/p>\n<p>Den <span class=\"info-key \"><strong>ekonomiska akt\u00f6rens namn<\/strong>:<\/span> \u00c1ngel Camacho Alimentaci\u00f3n, S.L.<\/p>\n<p><strong><span class=\"info-key \">Operat\u00f6rens adress:<\/span><\/strong> Avda. del Pilar, 6 - 41530 Mor\u00f3n de la Frontera (Sevilla).<\/p>\n<p><span class=\"info-key \"><strong>Livsmedlets ursprungsort<\/strong>:<\/span> Produkt fr\u00e5n Spanien<\/p>\n<p><strong><span class=\"info-key \">Nettokvantitet:<\/span><\/strong> 350 g<\/p>\n<p><strong><span class=\"info-key \">Annan obligatorisk information p\u00e5 etiketten:<\/span><\/strong> Tillverkad med 45 g hallon per 100 g.<\/p>\n<p><strong>Total sockerhalt<\/strong> 50 g per 100 g.<\/p>\n","protected":false},"excerpt":{"rendered":"<p>La Vieja F\u00e1brica Raspberry Jam \u00e4r en gourmetprodukt som utm\u00e4rker sig f\u00f6r sin intensiva smak och sin tillagning med ingredienser av h\u00f6gsta kvalitet. Denna sylt \u00e4r gjord p\u00e5 f\u00e4rska och utvalda hallon och ger en unik smakupplevelse som f\u00e5ngar fruktens essens i varje tugga. Livsmedlets namn: Hallonsylt Den ekonomiska akt\u00f6rens namn: \u00c1ngel Camacho Alimentaci\u00f3n, S.L. [&hellip;]<\/p>\n","protected":false},"featured_media":14451,"template":"","meta":{"_et_pb_use_builder":"","_et_pb_old_content":"","_et_gb_content_width":""},"product_brand":[1460],"product_cat":[1986],"product_tag":[],"class_list":{"0":"post-41678","1":"product","2":"type-product","3":"status-publish","4":"has-post-thumbnail","6":"product_brand-la-vieja-fabrica","7":"product_cat-konserver-sv","9":"first","10":"outofstock","11":"taxable","12":"shipping-taxable","13":"product-type-variable"},"_links":{"self":[{"href":"https:\/\/myspainfood.com\/sv\/wp-json\/wp\/v2\/product\/41678","targetHints":{"allow":["GET"]}}],"collection":[{"href":"https:\/\/myspainfood.com\/sv\/wp-json\/wp\/v2\/product"}],"about":[{"href":"https:\/\/myspainfood.com\/sv\/wp-json\/wp\/v2\/types\/product"}],"wp:featuredmedia":[{"embeddable":true,"href":"https:\/\/myspainfood.com\/sv\/wp-json\/wp\/v2\/media\/14451"}],"wp:attachment":[{"href":"https:\/\/myspainfood.com\/sv\/wp-json\/wp\/v2\/media?parent=41678"}],"wp:term":[{"taxonomy":"product_brand","embeddable":true,"href":"https:\/\/myspainfood.com\/sv\/wp-json\/wp\/v2\/product_brand?post=41678"},{"taxonomy":"product_cat","embeddable":true,"href":"https:\/\/myspainfood.com\/sv\/wp-json\/wp\/v2\/product_cat?post=41678"},{"taxonomy":"product_tag","embeddable":true,"href":"https:\/\/myspainfood.com\/sv\/wp-json\/wp\/v2\/product_tag?post=41678"}],"curies":[{"name":"wp","href":"https:\/\/api.w.org\/{rel}","templated":true}]}}