{"id":41690,"date":"2025-04-10T12:13:20","date_gmt":"2025-04-10T10:13:20","guid":{"rendered":"https:\/\/myspainfood.com\/producto\/vin-mataromera-ribera-del-duero-crianza-2019-ursprungsbeteckning-75-cl\/"},"modified":"2026-01-29T12:52:24","modified_gmt":"2026-01-29T11:52:24","slug":"vin-mataromera-ribera-del-duero-crianza-2019-ursprungsbeteckning-75-cl","status":"publish","type":"product","link":"https:\/\/myspainfood.com\/sv\/producto\/vin-mataromera-ribera-del-duero-crianza-2019-ursprungsbeteckning-75-cl\/","title":{"rendered":"Vin Mataromera Ribera del Duero Crianza 2019 Ursprungsbeteckning 75 cl"},"content":{"rendered":"<p>Mataromera \u00e4r en v\u00e4lk\u00e4nd ving\u00e5rd i Ribera del Duero, k\u00e4nd f\u00f6r sitt engagemang f\u00f6r excellens och anv\u00e4ndningen av vinodling och vinframst\u00e4llningstekniker som respekterar b\u00e5de tradition och innovation. Detta vin \u00e5terspeglar den unika karakt\u00e4ren hos ving\u00e5rdarna som ligger p\u00e5 sluttningarna av Duero-dalen, d\u00e4r det extrema kontinentala klimatet och ler- och kalkstensjordarna ger idealiska f\u00f6ruts\u00e4ttningar f\u00f6r odling av Tempranillo. <\/p>\n<p>&nbsp;<\/p>\n<p>Detta vin \u00e4r ett autentiskt uttryck f\u00f6r Ribera del Duero och erbjuder en rik och minnesv\u00e4rd sensorisk upplevelse. Perfekt f\u00f6r speciella festligheter eller f\u00f6r att avnjuta p\u00e5 en sofistikerad middagsbjudning. <\/p>\n<p>&nbsp;<\/p>\n<p>Lagras p\u00e5 franska och amerikanska ekfat i cirka 14 m\u00e5nader, f\u00f6ljt av ytterligare en period av f\u00f6r\u00e4dling i flaskan.<\/p>\n","protected":false},"excerpt":{"rendered":"<p>Mataromera \u00e4r en v\u00e4lk\u00e4nd ving\u00e5rd i Ribera del Duero, k\u00e4nd f\u00f6r sitt engagemang f\u00f6r excellens och anv\u00e4ndningen av vinodling och vinframst\u00e4llningstekniker som respekterar b\u00e5de tradition och innovation. Detta vin \u00e5terspeglar den unika karakt\u00e4ren hos ving\u00e5rdarna som ligger p\u00e5 sluttningarna av Duero-dalen, d\u00e4r det extrema kontinentala klimatet och ler- och kalkstensjordarna ger idealiska f\u00f6ruts\u00e4ttningar f\u00f6r odling [&hellip;]<\/p>\n","protected":false},"featured_media":14568,"template":"","meta":{"_et_pb_use_builder":"","_et_pb_old_content":"","_et_gb_content_width":""},"product_brand":[1462],"product_cat":[4847,6257],"product_tag":[],"class_list":{"0":"post-41690","1":"product","2":"type-product","3":"status-publish","4":"has-post-thumbnail","6":"product_brand-matarromera","7":"product_cat-drycker","8":"product_cat-vin-sv-2","10":"first","11":"outofstock","12":"taxable","13":"shipping-taxable","14":"product-type-variable"},"_links":{"self":[{"href":"https:\/\/myspainfood.com\/sv\/wp-json\/wp\/v2\/product\/41690","targetHints":{"allow":["GET"]}}],"collection":[{"href":"https:\/\/myspainfood.com\/sv\/wp-json\/wp\/v2\/product"}],"about":[{"href":"https:\/\/myspainfood.com\/sv\/wp-json\/wp\/v2\/types\/product"}],"wp:featuredmedia":[{"embeddable":true,"href":"https:\/\/myspainfood.com\/sv\/wp-json\/wp\/v2\/media\/14568"}],"wp:attachment":[{"href":"https:\/\/myspainfood.com\/sv\/wp-json\/wp\/v2\/media?parent=41690"}],"wp:term":[{"taxonomy":"product_brand","embeddable":true,"href":"https:\/\/myspainfood.com\/sv\/wp-json\/wp\/v2\/product_brand?post=41690"},{"taxonomy":"product_cat","embeddable":true,"href":"https:\/\/myspainfood.com\/sv\/wp-json\/wp\/v2\/product_cat?post=41690"},{"taxonomy":"product_tag","embeddable":true,"href":"https:\/\/myspainfood.com\/sv\/wp-json\/wp\/v2\/product_tag?post=41690"}],"curies":[{"name":"wp","href":"https:\/\/api.w.org\/{rel}","templated":true}]}}