{"id":41696,"date":"2025-04-10T12:13:45","date_gmt":"2025-04-10T10:13:45","guid":{"rendered":"https:\/\/myspainfood.com\/producto\/sierra-zarza-gourmet-getost-750-gram\/"},"modified":"2025-04-10T12:13:45","modified_gmt":"2025-04-10T10:13:45","slug":"sierra-zarza-gourmet-getost-750-gram","status":"publish","type":"product","link":"https:\/\/myspainfood.com\/sv\/producto\/sierra-zarza-gourmet-getost-750-gram\/","title":{"rendered":"Sierra Zarza Gourmet Getost 750 gram"},"content":{"rendered":"<p>Uppt\u00e4ck den autentiska essensen av landsbygden med v\u00e5r uts\u00f6kta Sierra Zarza Goat Cheese, en hantverksm\u00e4ssig njutning som f\u00f6rkroppsligar traditionen och kvaliteten hos den renaste getmj\u00f6lken. Osten kommer fr\u00e5n utvalda hjordar som betar fritt p\u00e5 sluttningarna av Sierra Zarza och erbjuder en gastronomisk upplevelse utan motstycke. <\/p>\n<p>Sierra Zarza Goat Cheese kommer i en elegant presentation, perfekt f\u00f6r b\u00e5de speciella tillf\u00e4llen och vardagsbruk. Den passar perfekt till vita viner och ros\u00e9vin och \u00e4r ocks\u00e5 ett utm\u00e4rkt komplement till sallader, tapas och gourmetdesserter. Dess m\u00e5ngsidighet i k\u00f6ket g\u00f6r den till en viktig ingrediens f\u00f6r alla som \u00e4lskar god mat.  <\/p>\n<p>Uppt\u00e4ck den autentiska essensen av landsbygden med v\u00e5r uts\u00f6kta Sierra Zarza Goat Cheese, en hantverksm\u00e4ssig njutning som f\u00f6rkroppsligar traditionen och kvaliteten hos den renaste getmj\u00f6lken. Osten kommer fr\u00e5n utvalda hjordar som betar fritt p\u00e5 sluttningarna av Sierra Zarza och erbjuder en gastronomisk upplevelse utan motstycke. <\/p>\n<p>&nbsp;<\/p>\n<p>Sierra Zarza Goat Cheese kommer i en elegant presentation, perfekt f\u00f6r b\u00e5de speciella tillf\u00e4llen och vardagsbruk. Den passar perfekt till vita viner och ros\u00e9vin och \u00e4r ocks\u00e5 ett utm\u00e4rkt komplement till sallader, tapas och gourmetdesserter. Dess m\u00e5ngsidighet i k\u00f6ket g\u00f6r den till en viktig ingrediens f\u00f6r alla som \u00e4lskar god mat.  <\/p>\n","protected":false},"excerpt":{"rendered":"<p>Uppt\u00e4ck den autentiska essensen av landsbygden med v\u00e5r uts\u00f6kta Sierra Zarza Goat Cheese, en hantverksm\u00e4ssig njutning som f\u00f6rkroppsligar traditionen och kvaliteten hos den renaste getmj\u00f6lken. Osten kommer fr\u00e5n utvalda hjordar som betar fritt p\u00e5 sluttningarna av Sierra Zarza och erbjuder en gastronomisk upplevelse utan motstycke. Sierra Zarza Goat Cheese kommer i en elegant presentation, perfekt [&hellip;]<\/p>\n","protected":false},"featured_media":14676,"template":"","meta":{"_et_pb_use_builder":"","_et_pb_old_content":"","_et_gb_content_width":""},"product_brand":[1465],"product_cat":[2726,2254],"product_tag":[],"class_list":{"0":"post-41696","1":"product","2":"type-product","3":"status-publish","4":"has-post-thumbnail","6":"product_brand-sierra-zarza","7":"product_cat-hardning","8":"product_cat-ost-och-korv","10":"first","11":"outofstock","12":"taxable","13":"shipping-taxable","14":"purchasable","15":"product-type-variable"},"_links":{"self":[{"href":"https:\/\/myspainfood.com\/sv\/wp-json\/wp\/v2\/product\/41696","targetHints":{"allow":["GET"]}}],"collection":[{"href":"https:\/\/myspainfood.com\/sv\/wp-json\/wp\/v2\/product"}],"about":[{"href":"https:\/\/myspainfood.com\/sv\/wp-json\/wp\/v2\/types\/product"}],"wp:featuredmedia":[{"embeddable":true,"href":"https:\/\/myspainfood.com\/sv\/wp-json\/wp\/v2\/media\/14676"}],"wp:attachment":[{"href":"https:\/\/myspainfood.com\/sv\/wp-json\/wp\/v2\/media?parent=41696"}],"wp:term":[{"taxonomy":"product_brand","embeddable":true,"href":"https:\/\/myspainfood.com\/sv\/wp-json\/wp\/v2\/product_brand?post=41696"},{"taxonomy":"product_cat","embeddable":true,"href":"https:\/\/myspainfood.com\/sv\/wp-json\/wp\/v2\/product_cat?post=41696"},{"taxonomy":"product_tag","embeddable":true,"href":"https:\/\/myspainfood.com\/sv\/wp-json\/wp\/v2\/product_tag?post=41696"}],"curies":[{"name":"wp","href":"https:\/\/api.w.org\/{rel}","templated":true}]}}