{"id":41707,"date":"2025-04-10T12:13:45","date_gmt":"2025-04-10T10:13:45","guid":{"rendered":"https:\/\/myspainfood.com\/producto\/ramon-bilbao-rioja-crianza-2020-ursprungsbeteckning-75-cl\/"},"modified":"2026-01-29T12:57:11","modified_gmt":"2026-01-29T11:57:11","slug":"ramon-bilbao-rioja-crianza-2020-ursprungsbeteckning-75-cl","status":"publish","type":"product","link":"https:\/\/myspainfood.com\/sv\/producto\/ramon-bilbao-rioja-crianza-2020-ursprungsbeteckning-75-cl\/","title":{"rendered":"Ramon Bilbao Rioja Crianza 2020 Ursprungsbeteckning 75 cl"},"content":{"rendered":"<p>Uppt\u00e4ck Riojas f\u00f6rtr\u00e4fflighet med Ram\u00f3n Bilbao Crianza 2020, ett r\u00f6tt vin som \u00e5terspeglar traditionen och den innovativa andan hos en av Spaniens mest prestigefyllda ving\u00e5rdar. Vinet \u00e4r tillverkat med stor omsorg om detaljerna och \u00e4r en autentisk representation av Rioja-regionens kvalitet och karakt\u00e4r. <\/p>\n<p>&nbsp;<\/p>\n<p>Ving\u00e5rden Ram\u00f3n Bilbao, som grundades 1924, kombinerar Riojas vinframst\u00e4llningstradition med en innovativ vision och skapar viner som b\u00e5de \u00e4r en hyllning till regionens arv och ett uttryck f\u00f6r modernitet. Ram\u00f3n Bilbao Crianza 2020 \u00e4r ett vin som inbjuder dig att utforska Riojas rikedom och m\u00e5ngfald, perfekt f\u00f6r alla tillf\u00e4llen, fr\u00e5n formella middagar till informella sammankomster. <\/p>\n","protected":false},"excerpt":{"rendered":"<p>Uppt\u00e4ck Riojas f\u00f6rtr\u00e4fflighet med Ram\u00f3n Bilbao Crianza 2020, ett r\u00f6tt vin som \u00e5terspeglar traditionen och den innovativa andan hos en av Spaniens mest prestigefyllda ving\u00e5rdar. Vinet \u00e4r tillverkat med stor omsorg om detaljerna och \u00e4r en autentisk representation av Rioja-regionens kvalitet och karakt\u00e4r. &nbsp; Ving\u00e5rden Ram\u00f3n Bilbao, som grundades 1924, kombinerar Riojas vinframst\u00e4llningstradition med en [&hellip;]<\/p>\n","protected":false},"featured_media":14622,"template":"","meta":{"_et_pb_use_builder":"","_et_pb_old_content":"","_et_gb_content_width":""},"product_brand":[1463],"product_cat":[4847,6257],"product_tag":[],"class_list":{"0":"post-41707","1":"product","2":"type-product","3":"status-publish","4":"has-post-thumbnail","6":"product_brand-ramon-bilbao","7":"product_cat-drycker","8":"product_cat-vin-sv-2","10":"first","11":"outofstock","12":"taxable","13":"shipping-taxable","14":"product-type-variable"},"_links":{"self":[{"href":"https:\/\/myspainfood.com\/sv\/wp-json\/wp\/v2\/product\/41707","targetHints":{"allow":["GET"]}}],"collection":[{"href":"https:\/\/myspainfood.com\/sv\/wp-json\/wp\/v2\/product"}],"about":[{"href":"https:\/\/myspainfood.com\/sv\/wp-json\/wp\/v2\/types\/product"}],"wp:featuredmedia":[{"embeddable":true,"href":"https:\/\/myspainfood.com\/sv\/wp-json\/wp\/v2\/media\/14622"}],"wp:attachment":[{"href":"https:\/\/myspainfood.com\/sv\/wp-json\/wp\/v2\/media?parent=41707"}],"wp:term":[{"taxonomy":"product_brand","embeddable":true,"href":"https:\/\/myspainfood.com\/sv\/wp-json\/wp\/v2\/product_brand?post=41707"},{"taxonomy":"product_cat","embeddable":true,"href":"https:\/\/myspainfood.com\/sv\/wp-json\/wp\/v2\/product_cat?post=41707"},{"taxonomy":"product_tag","embeddable":true,"href":"https:\/\/myspainfood.com\/sv\/wp-json\/wp\/v2\/product_tag?post=41707"}],"curies":[{"name":"wp","href":"https:\/\/api.w.org\/{rel}","templated":true}]}}