{"id":41709,"date":"2025-04-10T12:14:06","date_gmt":"2025-04-10T10:14:06","guid":{"rendered":"https:\/\/myspainfood.com\/producto\/cusumano-picklad-tonfiskpate-delicious-gourmet-170-gr\/"},"modified":"2025-04-10T12:14:06","modified_gmt":"2025-04-10T10:14:06","slug":"cusumano-picklad-tonfiskpate-delicious-gourmet-170-gr","status":"publish","type":"product","link":"https:\/\/myspainfood.com\/sv\/producto\/cusumano-picklad-tonfiskpate-delicious-gourmet-170-gr\/","title":{"rendered":"Cusumano Picklad Tonfiskpat\u00e9 - Delicious &amp; Gourmet - 170 gr"},"content":{"rendered":"<p>Cusumano Tuna P\u00e2t\u00e9 \u00e4r en gourmetdelikatess gjord av tonfisk av h\u00f6g kvalitet, noggrant utvald och bearbetad f\u00f6r att ge en oj\u00e4mf\u00f6rlig smak och mjuk konsistens. Den h\u00e4r pat\u00e9n \u00e4r perfekt f\u00f6r alla som \u00e4lskar god mat och kombinerar det b\u00e4sta fr\u00e5n havet med naturliga ingredienser och en touch av sofistikering. <\/p>\n<ul>\n<li><strong>Varum\u00e4rke:<\/strong> Cusumano<\/li>\n<li><strong>Produkttyp:<\/strong> Tonfiskpat\u00e9<\/li>\n<li><strong>Presentation:<\/strong> Burk eller glasburk<\/li>\n<li><strong>Nettovikt:<\/strong> (Ange den exakta vikten, t.ex. 100 g, 200 g)<\/li>\n<li><strong>Ingredienser: Tonfisk:<\/strong> Tonfisk, olivolja, naturliga kryddor, salt (och andra naturliga ingredienser, om s\u00e5dana finns).<\/li>\n<li>F\u00f6rvaring<strong>:<\/strong> F\u00f6rvaras p\u00e5 en sval och torr plats. Efter \u00f6ppnandet, f\u00f6rvara i kylsk\u00e5p och konsumera inom (ange tid, t.ex. 3 dagar). <\/li>\n<\/ul>\n<p>Cusumano Tuna P\u00e2t\u00e9 k\u00e4nnetecknas av sin delikata och raffinerade smak, med en perfekt balans mellan tonfiskens smak och de subtila tonerna av naturliga kryddor. Dess konsistens \u00e4r kr\u00e4mig och l\u00e4tt att breda ut, vilket g\u00f6r den till ett perfekt val b\u00e5de f\u00f6r speciella tillf\u00e4llen och f\u00f6r vardaglig njutning. <\/p>\n","protected":false},"excerpt":{"rendered":"<p>Cusumano Tuna P\u00e2t\u00e9 \u00e4r en gourmetdelikatess gjord av tonfisk av h\u00f6g kvalitet, noggrant utvald och bearbetad f\u00f6r att ge en oj\u00e4mf\u00f6rlig smak och mjuk konsistens. Den h\u00e4r pat\u00e9n \u00e4r perfekt f\u00f6r alla som \u00e4lskar god mat och kombinerar det b\u00e4sta fr\u00e5n havet med naturliga ingredienser och en touch av sofistikering. Varum\u00e4rke: Cusumano Produkttyp: Tonfiskpat\u00e9 Presentation: [&hellip;]<\/p>\n","protected":false},"featured_media":14712,"template":"","meta":{"_et_pb_use_builder":"","_et_pb_old_content":"","_et_gb_content_width":""},"product_brand":[1272],"product_cat":[3738],"product_tag":[],"class_list":{"0":"post-41709","1":"product","2":"type-product","3":"status-publish","4":"has-post-thumbnail","6":"product_brand-cusumano","7":"product_cat-konserver-sv-4","9":"first","10":"instock","11":"taxable","12":"shipping-taxable","13":"product-type-variable"},"_links":{"self":[{"href":"https:\/\/myspainfood.com\/sv\/wp-json\/wp\/v2\/product\/41709","targetHints":{"allow":["GET"]}}],"collection":[{"href":"https:\/\/myspainfood.com\/sv\/wp-json\/wp\/v2\/product"}],"about":[{"href":"https:\/\/myspainfood.com\/sv\/wp-json\/wp\/v2\/types\/product"}],"wp:featuredmedia":[{"embeddable":true,"href":"https:\/\/myspainfood.com\/sv\/wp-json\/wp\/v2\/media\/14712"}],"wp:attachment":[{"href":"https:\/\/myspainfood.com\/sv\/wp-json\/wp\/v2\/media?parent=41709"}],"wp:term":[{"taxonomy":"product_brand","embeddable":true,"href":"https:\/\/myspainfood.com\/sv\/wp-json\/wp\/v2\/product_brand?post=41709"},{"taxonomy":"product_cat","embeddable":true,"href":"https:\/\/myspainfood.com\/sv\/wp-json\/wp\/v2\/product_cat?post=41709"},{"taxonomy":"product_tag","embeddable":true,"href":"https:\/\/myspainfood.com\/sv\/wp-json\/wp\/v2\/product_tag?post=41709"}],"curies":[{"name":"wp","href":"https:\/\/api.w.org\/{rel}","templated":true}]}}