{"id":41713,"date":"2025-04-10T12:14:06","date_gmt":"2025-04-10T10:14:06","guid":{"rendered":"https:\/\/myspainfood.com\/producto\/a-inigo-garbanzos-de-primera-3-kg\/"},"modified":"2025-04-10T12:14:06","modified_gmt":"2025-04-10T10:14:06","slug":"a-inigo-garbanzos-de-primera-3-kg","status":"publish","type":"product","link":"https:\/\/myspainfood.com\/sv\/producto\/a-inigo-garbanzos-de-primera-3-kg\/","title":{"rendered":"A. I\u00f1igo Garbanzos de Primera 3 kg"},"content":{"rendered":"<p>Uppt\u00e4ck <strong>Primera A. I\u00f1igos kik\u00e4rter. I\u00f1igo<\/strong>, noggrant utvalda f\u00f6r att ge dig den b\u00e4sta kvaliteten och smaken i varje b\u00f6na. Dessa premiumkik\u00e4rter \u00e4r den perfekta ingrediensen f\u00f6r att f\u00f6rh\u00f6ja dina r\u00e4tter och ger en sl\u00e4t och kr\u00e4mig konsistens som passar till en m\u00e4ngd olika recept. <\/p>\n<p><strong>F\u00f6rdelar:<\/strong><\/p>\n<ul>\n<li><strong>N\u00e4ringsrik:<\/strong> H\u00f6gt inneh\u00e5ll av fibrer och protein, vilket \u00e4r viktigt f\u00f6r en h\u00e4lsosam och balanserad kost.<\/li>\n<li><strong>Energigivande:<\/strong> De ger energi och m\u00e4ttnadsk\u00e4nsla och \u00e4r idealiska f\u00f6r alla m\u00e5ltider under dagen.<\/li>\n<li><strong>H\u00e4lsosamt:<\/strong> Utan tillsatser eller konserveringsmedel \u00e4r de ett naturligt och h\u00e4lsosamt val f\u00f6r hela familjen.<\/li>\n<li><strong>M\u00e5ngsidighet i k\u00f6ket:<\/strong> De anpassar sig till en m\u00e4ngd olika recept, b\u00e5de traditionella och moderna, s\u00e5 att du kan skapa l\u00e4ckra och n\u00e4ringsrika r\u00e4tter.<\/li>\n<\/ul>\n<p><strong>Rekommendationer f\u00f6r anv\u00e4ndning:<\/strong><\/p>\n<ul>\n<li><strong>Sallader:<\/strong> L\u00e4gg dem i dina sallader f\u00f6r att f\u00e5 lite textur och n\u00e4ring.<\/li>\n<li><strong>Grytor och soppor<\/strong>: Perfekt f\u00f6r att berika k\u00f6tt-, f\u00e5gel- eller gr\u00f6nsaksgrytor samt tr\u00f6stande soppor.<\/li>\n<li><strong>Hummus:<\/strong> Anv\u00e4nd dem f\u00f6r att g\u00f6ra hemlagad hummus, tills\u00e4tt tahini, citron, vitl\u00f6k och olivolja.<\/li>\n<li><strong>Traditionella r\u00e4tter:<\/strong> Perfekt f\u00f6r grytor, grat\u00e4nger och andra traditionella spanska recept.<\/li>\n<\/ul>\n<p><strong>Bevarande:<\/strong><\/p>\n<ul>\n<li>F\u00f6rvara p\u00e5 en sval och torr plats.<\/li>\n<li>F\u00f6rvara beh\u00e5llaren t\u00e4tt tillsluten f\u00f6r att bevara f\u00e4rskheten.<\/li>\n<\/ul>\n","protected":false},"excerpt":{"rendered":"<p>Uppt\u00e4ck Primera A. I\u00f1igos kik\u00e4rter. I\u00f1igo, noggrant utvalda f\u00f6r att ge dig den b\u00e4sta kvaliteten och smaken i varje b\u00f6na. Dessa premiumkik\u00e4rter \u00e4r den perfekta ingrediensen f\u00f6r att f\u00f6rh\u00f6ja dina r\u00e4tter och ger en sl\u00e4t och kr\u00e4mig konsistens som passar till en m\u00e4ngd olika recept. F\u00f6rdelar: N\u00e4ringsrik: H\u00f6gt inneh\u00e5ll av fibrer och protein, vilket \u00e4r [&hellip;]<\/p>\n","protected":false},"featured_media":14811,"template":"","meta":{"_et_pb_use_builder":"","_et_pb_old_content":"","_et_gb_content_width":""},"product_brand":[1461],"product_cat":[8041],"product_tag":[],"class_list":{"0":"post-41713","1":"product","2":"type-product","3":"status-publish","4":"has-post-thumbnail","6":"product_brand-a-inigo","7":"product_cat-testkategori-sv","9":"first","10":"outofstock","11":"taxable","12":"shipping-taxable","13":"product-type-variable"},"_links":{"self":[{"href":"https:\/\/myspainfood.com\/sv\/wp-json\/wp\/v2\/product\/41713","targetHints":{"allow":["GET"]}}],"collection":[{"href":"https:\/\/myspainfood.com\/sv\/wp-json\/wp\/v2\/product"}],"about":[{"href":"https:\/\/myspainfood.com\/sv\/wp-json\/wp\/v2\/types\/product"}],"wp:featuredmedia":[{"embeddable":true,"href":"https:\/\/myspainfood.com\/sv\/wp-json\/wp\/v2\/media\/14811"}],"wp:attachment":[{"href":"https:\/\/myspainfood.com\/sv\/wp-json\/wp\/v2\/media?parent=41713"}],"wp:term":[{"taxonomy":"product_brand","embeddable":true,"href":"https:\/\/myspainfood.com\/sv\/wp-json\/wp\/v2\/product_brand?post=41713"},{"taxonomy":"product_cat","embeddable":true,"href":"https:\/\/myspainfood.com\/sv\/wp-json\/wp\/v2\/product_cat?post=41713"},{"taxonomy":"product_tag","embeddable":true,"href":"https:\/\/myspainfood.com\/sv\/wp-json\/wp\/v2\/product_tag?post=41713"}],"curies":[{"name":"wp","href":"https:\/\/api.w.org\/{rel}","templated":true}]}}