{"id":41714,"date":"2025-04-10T12:14:06","date_gmt":"2025-04-10T10:14:06","guid":{"rendered":"https:\/\/myspainfood.com\/producto\/pochas-blancas-de-navarra-a-inigo-akta-traditionell-smak-660-gr\/"},"modified":"2025-04-10T12:14:06","modified_gmt":"2025-04-10T10:14:06","slug":"pochas-blancas-de-navarra-a-inigo-akta-traditionell-smak-660-gr","status":"publish","type":"product","link":"https:\/\/myspainfood.com\/sv\/producto\/pochas-blancas-de-navarra-a-inigo-akta-traditionell-smak-660-gr\/","title":{"rendered":"Pochas Blancas de Navarra A. I\u00f1igo - \u00c4kta traditionell smak 660 gr"},"content":{"rendered":"<p>A. I\u00f1igo&#8217;s Pochas Blancas \u00e4r en traditionell delikatess fr\u00e5n Navarra-regionen, k\u00e4nd f\u00f6r sin exceptionella kvalitet och smak. Dessa f\u00e4rska b\u00f6nor sk\u00f6rdas vid optimal mognad och f\u00f6rpackas omsorgsfullt f\u00f6r att bevara all sin fr\u00e4sch\u00f6r och alla sina n\u00e4rings\u00e4mnen. <\/p>\n<ul>\n<li><strong>Ursprung:<\/strong> Navarra, Spanien<\/li>\n<li><strong>Typ av b\u00f6nor:<\/strong> Vita b\u00f6nor<\/li>\n<li><strong>Presentation:<\/strong> Glasbeh\u00e5llare<\/li>\n<li><strong>Ingredienser:<\/strong> Vita kidneyb\u00f6nor, vatten, salt, salt.<\/li>\n<li>F\u00f6rvaring<strong>:<\/strong> F\u00f6rvaras p\u00e5 en sval och torr plats.<\/li>\n<li><strong>Rekommenderade anv\u00e4ndningsomr\u00e5den:<\/strong> Perfekt f\u00f6r grytor, sallader och traditionella Navarrese- och Medelhavsr\u00e4tter.<\/li>\n<\/ul>\n<p>De vita b\u00f6norna fr\u00e5n A. I\u00f1igo k\u00e4nnetecknas av sin mjukhet och delikata smak, som passar perfekt tillsammans med andra ingredienser i soppor, grytor och sallader. Den mjuka konsistensen och det tunna skalet g\u00f6r dem s\u00e4rskilt uppskattade av finsmakare och anh\u00e4ngare av det traditionella k\u00f6ket. <\/p>\n","protected":false},"excerpt":{"rendered":"<p>A. I\u00f1igo&#8217;s Pochas Blancas \u00e4r en traditionell delikatess fr\u00e5n Navarra-regionen, k\u00e4nd f\u00f6r sin exceptionella kvalitet och smak. Dessa f\u00e4rska b\u00f6nor sk\u00f6rdas vid optimal mognad och f\u00f6rpackas omsorgsfullt f\u00f6r att bevara all sin fr\u00e4sch\u00f6r och alla sina n\u00e4rings\u00e4mnen. Ursprung: Navarra, Spanien Typ av b\u00f6nor: Vita b\u00f6nor Presentation: Glasbeh\u00e5llare Ingredienser: Vita kidneyb\u00f6nor, vatten, salt, salt. F\u00f6rvaring: F\u00f6rvaras [&hellip;]<\/p>\n","protected":false},"featured_media":14685,"template":"","meta":{"_et_pb_use_builder":"","_et_pb_old_content":"","_et_gb_content_width":""},"product_brand":[1461],"product_cat":[3738],"product_tag":[],"class_list":{"0":"post-41714","1":"product","2":"type-product","3":"status-publish","4":"has-post-thumbnail","6":"product_brand-a-inigo","7":"product_cat-konserver-sv-4","9":"first","10":"outofstock","11":"taxable","12":"shipping-taxable","13":"purchasable","14":"product-type-variable"},"_links":{"self":[{"href":"https:\/\/myspainfood.com\/sv\/wp-json\/wp\/v2\/product\/41714","targetHints":{"allow":["GET"]}}],"collection":[{"href":"https:\/\/myspainfood.com\/sv\/wp-json\/wp\/v2\/product"}],"about":[{"href":"https:\/\/myspainfood.com\/sv\/wp-json\/wp\/v2\/types\/product"}],"wp:featuredmedia":[{"embeddable":true,"href":"https:\/\/myspainfood.com\/sv\/wp-json\/wp\/v2\/media\/14685"}],"wp:attachment":[{"href":"https:\/\/myspainfood.com\/sv\/wp-json\/wp\/v2\/media?parent=41714"}],"wp:term":[{"taxonomy":"product_brand","embeddable":true,"href":"https:\/\/myspainfood.com\/sv\/wp-json\/wp\/v2\/product_brand?post=41714"},{"taxonomy":"product_cat","embeddable":true,"href":"https:\/\/myspainfood.com\/sv\/wp-json\/wp\/v2\/product_cat?post=41714"},{"taxonomy":"product_tag","embeddable":true,"href":"https:\/\/myspainfood.com\/sv\/wp-json\/wp\/v2\/product_tag?post=41714"}],"curies":[{"name":"wp","href":"https:\/\/api.w.org\/{rel}","templated":true}]}}