{"id":41719,"date":"2025-04-10T12:14:28","date_gmt":"2025-04-10T10:14:28","guid":{"rendered":"https:\/\/myspainfood.com\/producto\/la-encajera-kryddad-hel-aubergine-560-gram\/"},"modified":"2025-04-10T12:14:28","modified_gmt":"2025-04-10T10:14:28","slug":"la-encajera-kryddad-hel-aubergine-560-gram","status":"publish","type":"product","link":"https:\/\/myspainfood.com\/sv\/producto\/la-encajera-kryddad-hel-aubergine-560-gram\/","title":{"rendered":"La Encajera Kryddad hel aubergine 560 gram"},"content":{"rendered":"<p>Hela auberginen med dressing \u00e4r en perfekt <a href=\"https:\/\/www.laencajera.es\/berenjenas-de-almagro\" target=\"_blank\" rel=\"noopener noreferrer nofollow\">aptitretare<\/a>.<\/p>\n<p>Anv\u00e4nds ocks\u00e5 som tillbeh\u00f6r till sallader.<\/p>\n<p>De kryddas med vatten, vin\u00e4ger, olivolja, paprika, salt, kummin och vitl\u00f6k.<\/p>\n<p>Auberginer med auberginedressing kommer ursprungligen fr\u00e5n Castilla la Mancha i Spanien.<\/p>\n<p>Ingredienser: S: Aubergine &#8221;De Almagro&#8221;, vatten, salt, vin\u00e4ger, naturliga kryddor (vitl\u00f6k, spiskummin, paprika, olivolja), smakf\u00f6rst\u00e4rkare (E-621), syrabildande medel (E-330), konserveringsmedel (E-270, E-211, E-202E-223), antioxidant (E-300) och naturliga aromer.<\/p>\n<p>F\u00f6rvaras svalt och torrt, mellan 3\u00baC och 10\u00baC. F\u00f6rvaras \u00e5tskilt fr\u00e5n solljus och starka lukter. <\/p>\n<p>Efter \u00f6ppnandet, f\u00f6rvara i kylsk\u00e5p och konsumera inom 30 dagar.<\/p>\n<p>Om du vill k\u00f6pa oliver eller n\u00e5gon annan typ av <a href=\"https:\/\/latiendadesami.com\/categoria-producto\/encurtidos\/\" rel=\"noopener noreferrer nofollow\" target=\"_blank\">inlagda<\/a> gr\u00f6nsaker, tveka inte att ta en titt p\u00e5 v\u00e5r onlinekatalog f\u00f6r att se det stora utbudet av <a href=\"https:\/\/latiendadesami.com\/categoria-producto\/encurtidos\/berenjenas\/\" target=\"_blank\" rel=\"noopener noreferrer nofollow\">auberginer<\/a> vi har.<\/p>\n<p>Varum\u00e4rket \u00e4r La Encajonera, ett familjef\u00f6retag som grundades 1990 och ligger i hj\u00e4rtat av La Mancha, i staden ALMAGRO, i provinsen Ciudad Real.<\/p>\n<p>Tillverkningsprocessen f\u00f6r dess produkter b\u00f6rjar i samma odlingsomr\u00e5de, d\u00e4r man v\u00e4ljer ut den b\u00e4sta kvalitetsprodukten.<\/p>\n<p>Fabriken \u00e4r utrustad med den mest avancerade tekniken, samtidigt som traditionen och kunskapen hos hantverkarna har bevarats.<\/p>\n","protected":false},"excerpt":{"rendered":"<p>Hela auberginen med dressing \u00e4r en perfekt aptitretare. Anv\u00e4nds ocks\u00e5 som tillbeh\u00f6r till sallader. De kryddas med vatten, vin\u00e4ger, olivolja, paprika, salt, kummin och vitl\u00f6k. Auberginer med auberginedressing kommer ursprungligen fr\u00e5n Castilla la Mancha i Spanien. Ingredienser: S: Aubergine &#8221;De Almagro&#8221;, vatten, salt, vin\u00e4ger, naturliga kryddor (vitl\u00f6k, spiskummin, paprika, olivolja), smakf\u00f6rst\u00e4rkare (E-621), syrabildande medel (E-330), [&hellip;]<\/p>\n","protected":false},"featured_media":7441,"template":"","meta":{"_et_pb_use_builder":"","_et_pb_old_content":"","_et_gb_content_width":""},"product_brand":[1057],"product_cat":[2135,1585],"product_tag":[2137],"class_list":{"0":"post-41719","1":"product","2":"type-product","3":"status-publish","4":"has-post-thumbnail","6":"product_brand-la-encajera","7":"product_cat-auberginer-sv","8":"product_cat-inlagda-gronsaker","9":"product_tag-alinada-sv","11":"first","12":"outofstock","13":"taxable","14":"shipping-taxable","15":"product-type-variable"},"_links":{"self":[{"href":"https:\/\/myspainfood.com\/sv\/wp-json\/wp\/v2\/product\/41719","targetHints":{"allow":["GET"]}}],"collection":[{"href":"https:\/\/myspainfood.com\/sv\/wp-json\/wp\/v2\/product"}],"about":[{"href":"https:\/\/myspainfood.com\/sv\/wp-json\/wp\/v2\/types\/product"}],"wp:featuredmedia":[{"embeddable":true,"href":"https:\/\/myspainfood.com\/sv\/wp-json\/wp\/v2\/media\/7441"}],"wp:attachment":[{"href":"https:\/\/myspainfood.com\/sv\/wp-json\/wp\/v2\/media?parent=41719"}],"wp:term":[{"taxonomy":"product_brand","embeddable":true,"href":"https:\/\/myspainfood.com\/sv\/wp-json\/wp\/v2\/product_brand?post=41719"},{"taxonomy":"product_cat","embeddable":true,"href":"https:\/\/myspainfood.com\/sv\/wp-json\/wp\/v2\/product_cat?post=41719"},{"taxonomy":"product_tag","embeddable":true,"href":"https:\/\/myspainfood.com\/sv\/wp-json\/wp\/v2\/product_tag?post=41719"}],"curies":[{"name":"wp","href":"https:\/\/api.w.org\/{rel}","templated":true}]}}