{"id":42859,"date":"2025-04-10T12:11:40","date_gmt":"2025-04-10T10:11:40","guid":{"rendered":"https:\/\/myspainfood.com\/producto\/nieva-cojonudos-vit-sparris-extra-13-16-mycket-tjock\/"},"modified":"2025-04-10T12:11:40","modified_gmt":"2025-04-10T10:11:40","slug":"nieva-cojonudos-vit-sparris-extra-13-16-mycket-tjock","status":"publish","type":"product","link":"https:\/\/myspainfood.com\/sv\/producto\/nieva-cojonudos-vit-sparris-extra-13-16-mycket-tjock\/","title":{"rendered":"Nieva &#8221;Cojonudos&#8221; Vit sparris Extra 13\/16 Mycket tjock"},"content":{"rendered":"<p>F\u00f6rdjupa dig i uts\u00f6ktheten hos Nievas mycket tjocka vita sparris och uppt\u00e4ck en unik kulinarisk upplevelse! Varje sparris \u00e4r noggrant utvald och odlas i de mest b\u00f6rdiga markerna, vilket garanterar h\u00f6gsta kvalitet och f\u00e4rskhet i varje tugga. <\/p>\n<p>Nievas vita sparris utm\u00e4rker sig genom sin gener\u00f6sa storlek och sin fasta, saftiga konsistens. Med en exceptionellt stor diameter \u00e4r dessa sparrisar det perfekta valet f\u00f6r dig som vill ha en intensiv smak och en uts\u00f6kt konsistens i varje portion. <\/p>\n<p>V\u00e5r vita sparris kommer fr\u00e5n de mest omsorgsfullt odlade f\u00e4lten och sk\u00f6rdas vid optimal mognad. Den \u00e4r en naturens skatt som kommer att gl\u00e4dja din smak och lyfta dina r\u00e4tter till nya gastronomiska h\u00f6jder.<\/p>\n<p>Njut av den milda, l\u00e4tt beska smaken och den mjuka men \u00e4nd\u00e5 h\u00e5rda konsistensen. Oavsett om du njuter av dem som garnering till dina huvudr\u00e4tter, l\u00e4gger till dem i f\u00e4rska sallader eller anv\u00e4nder dem i gourmetrecept, \u00e4r Nievas mycket tjocka vita sparris det perfekta valet f\u00f6r \u00e4lskare av fin mat. <\/p>\n<p>\u00d6verraska dina g\u00e4ster med den gastronomiska f\u00f6rtr\u00e4ffligheten hos v\u00e5r vita sparris och g\u00f6r varje m\u00e5ltid till en of\u00f6rgl\u00f6mlig upplevelse. K\u00f6p dem nu och uppt\u00e4ck varf\u00f6r Nieva \u00e4r synonymt med exceptionell kvalitet och smak i varje tugga! <\/p>\n","protected":false},"excerpt":{"rendered":"<p>F\u00f6rdjupa dig i uts\u00f6ktheten hos Nievas mycket tjocka vita sparris och uppt\u00e4ck en unik kulinarisk upplevelse! Varje sparris \u00e4r noggrant utvald och odlas i de mest b\u00f6rdiga markerna, vilket garanterar h\u00f6gsta kvalitet och f\u00e4rskhet i varje tugga. <\/p>\n","protected":false},"featured_media":14118,"template":"","meta":{"_et_pb_use_builder":"","_et_pb_old_content":"","_et_gb_content_width":""},"product_brand":[1458],"product_cat":[1986,6301],"product_tag":[],"class_list":{"0":"post-42859","1":"product","2":"type-product","3":"status-publish","4":"has-post-thumbnail","6":"product_brand-nieva-cojonudos","7":"product_cat-konserver-sv","8":"product_cat-sparris","10":"first","11":"outofstock","12":"taxable","13":"shipping-taxable","14":"product-type-variable"},"_links":{"self":[{"href":"https:\/\/myspainfood.com\/sv\/wp-json\/wp\/v2\/product\/42859","targetHints":{"allow":["GET"]}}],"collection":[{"href":"https:\/\/myspainfood.com\/sv\/wp-json\/wp\/v2\/product"}],"about":[{"href":"https:\/\/myspainfood.com\/sv\/wp-json\/wp\/v2\/types\/product"}],"wp:featuredmedia":[{"embeddable":true,"href":"https:\/\/myspainfood.com\/sv\/wp-json\/wp\/v2\/media\/14118"}],"wp:attachment":[{"href":"https:\/\/myspainfood.com\/sv\/wp-json\/wp\/v2\/media?parent=42859"}],"wp:term":[{"taxonomy":"product_brand","embeddable":true,"href":"https:\/\/myspainfood.com\/sv\/wp-json\/wp\/v2\/product_brand?post=42859"},{"taxonomy":"product_cat","embeddable":true,"href":"https:\/\/myspainfood.com\/sv\/wp-json\/wp\/v2\/product_cat?post=42859"},{"taxonomy":"product_tag","embeddable":true,"href":"https:\/\/myspainfood.com\/sv\/wp-json\/wp\/v2\/product_tag?post=42859"}],"curies":[{"name":"wp","href":"https:\/\/api.w.org\/{rel}","templated":true}]}}