{"id":42860,"date":"2025-04-10T12:11:39","date_gmt":"2025-04-10T10:11:39","guid":{"rendered":"https:\/\/myspainfood.com\/producto\/sanmer-svarta-parloliver-med-sten-314-ml\/"},"modified":"2025-04-10T12:11:39","modified_gmt":"2025-04-10T10:11:39","slug":"sanmer-svarta-parloliver-med-sten-314-ml","status":"publish","type":"product","link":"https:\/\/myspainfood.com\/sv\/producto\/sanmer-svarta-parloliver-med-sten-314-ml\/","title":{"rendered":"Sanmer Svarta p\u00e4rloliver med sten 314 ml"},"content":{"rendered":"<p>Intensivt svart f\u00e4rg med stark glans, saftigt k\u00f6tt och behaglig konsistens. Ett utm\u00e4rkt tillbeh\u00f6r till f\u00e4rska sallader och pizzor, uts\u00f6kt till alla milda r\u00e4tter. <\/p>\n","protected":false},"excerpt":{"rendered":"<p>Intensivt svart f\u00e4rg med stark glans, saftigt k\u00f6tt och behaglig konsistens. Ett utm\u00e4rkt tillbeh\u00f6r till f\u00e4rska sallader och pizzor, uts\u00f6kt till alla milda r\u00e4tter.<\/p>\n","protected":false},"featured_media":13956,"template":"","meta":{"_et_pb_use_builder":"","_et_pb_old_content":"","_et_gb_content_width":""},"product_brand":[1069,1303],"product_cat":[1585,1586],"product_tag":[2053,8109],"class_list":{"0":"post-42860","1":"product","2":"type-product","3":"status-publish","4":"has-post-thumbnail","6":"product_brand-sangar","7":"product_brand-sanmer","8":"product_cat-inlagda-gronsaker","9":"product_cat-oliver","10":"product_tag-kamomill","11":"product_tag-svart-sv","13":"first","14":"outofstock","15":"taxable","16":"shipping-taxable","17":"product-type-variable"},"_links":{"self":[{"href":"https:\/\/myspainfood.com\/sv\/wp-json\/wp\/v2\/product\/42860","targetHints":{"allow":["GET"]}}],"collection":[{"href":"https:\/\/myspainfood.com\/sv\/wp-json\/wp\/v2\/product"}],"about":[{"href":"https:\/\/myspainfood.com\/sv\/wp-json\/wp\/v2\/types\/product"}],"wp:featuredmedia":[{"embeddable":true,"href":"https:\/\/myspainfood.com\/sv\/wp-json\/wp\/v2\/media\/13956"}],"wp:attachment":[{"href":"https:\/\/myspainfood.com\/sv\/wp-json\/wp\/v2\/media?parent=42860"}],"wp:term":[{"taxonomy":"product_brand","embeddable":true,"href":"https:\/\/myspainfood.com\/sv\/wp-json\/wp\/v2\/product_brand?post=42860"},{"taxonomy":"product_cat","embeddable":true,"href":"https:\/\/myspainfood.com\/sv\/wp-json\/wp\/v2\/product_cat?post=42860"},{"taxonomy":"product_tag","embeddable":true,"href":"https:\/\/myspainfood.com\/sv\/wp-json\/wp\/v2\/product_tag?post=42860"}],"curies":[{"name":"wp","href":"https:\/\/api.w.org\/{rel}","templated":true}]}}